{"id":712,"date":"2024-01-18T11:37:38","date_gmt":"2024-01-18T10:37:38","guid":{"rendered":"https:\/\/www.cannerocollection.com\/?page_id=712"},"modified":"2024-01-19T11:00:35","modified_gmt":"2024-01-19T10:00:35","slug":"residenza-dei-fiori","status":"publish","type":"page","link":"https:\/\/www.cannerocollection.com\/fr\/cannero-collection\/residenza-dei-fiori\/","title":{"rendered":"Residenza dei Fiori"},"content":{"rendered":"<p id=\"tw-target-text\" class=\"tw-data-text tw-text-large tw-ta\" dir=\"ltr\" data-placeholder=\"Traduzione\" data-ved=\"2ahUKEwjAzqe8l-mDAxXe0QIHHa87AcAQ3ewLegQICBAQ\"><span class=\"Y2IQFc\" lang=\"fr\">La Residenza dei Fiori est compos\u00e9e de deux b\u00e2timents.<br \/>\n<\/span><span class=\"Y2IQFc\" lang=\"fr\">Le premier est directement reli\u00e9 \u00e0 la Maison du Baron de Sant&rsquo;Agabio, avec des murs en pierre massifs et des tunnels \u00e0 partir desquels vous pourrez rejoindre la Maison Principale de l&rsquo;H\u00f4tel Cannero avec le Restaurant et la piscine. Equip\u00e9 d&rsquo;un ascenseur, il est facilement accessible depuis la cour int\u00e9rieure \u00e0 c\u00f4t\u00e9 du garage, qui dessert les trois \u00e9tages de cet immeuble.<br \/>\nLa seconde, de construction plus r\u00e9cente, qui donne sur la piscine, est accessible par des passages priv\u00e9s de la Residenza dei Fiori. Ses deux \u00e9tages sont desservis par des escaliers, sans ascenseur.<br \/>\nCependant, nous tenons \u00e0 vous rappeler que les clients, tant \u00e0 l&rsquo;arriv\u00e9e qu&rsquo;au d\u00e9part, sont toujours assist\u00e9s par notre personnel qui les accompagne et les aide \u00e0 porter leurs bagages.<br \/>\nDe plus, \u00e0 l&rsquo;arriv\u00e9e, les clients re\u00e7oivent toujours des informations sur la disposition des b\u00e2timents, leurs fonctions et les services offerts par l&rsquo;H\u00f4tel Cannero et la Residenza dei Fiori.<\/span><\/p>\n","protected":false},"excerpt":{"rendered":"<p>La Residenza dei Fiori est compos\u00e9e de deux b\u00e2timents. Le premier est directement reli\u00e9 \u00e0 la Maison du Baron de Sant&rsquo;Agabio, avec des murs en pierre massifs et des tunnels \u00e0 partir desquels vous pourrez rejoindre la Maison Principale de l&rsquo;H\u00f4tel Cannero avec le Restaurant et la piscine. Equip\u00e9 d&rsquo;un ascenseur, il est facilement accessible [&hellip;]<\/p>\n","protected":false},"author":26,"featured_media":709,"parent":415,"menu_order":30,"comment_status":"closed","ping_status":"closed","template":"template-single-hotel.php","meta":{"footnotes":""},"class_list":["post-712","page","type-page","status-publish","has-post-thumbnail","hentry"],"yoast_head":"<!-- This site is optimized with the Yoast SEO plugin v27.3 - https:\/\/yoast.com\/product\/yoast-seo-wordpress\/ -->\n<title>Residenza dei Fiori &#8211; Cannero Collection &#8211;<\/title>\n<meta name=\"description\" content=\"La Residenza dei Fiori est compos\u00e9e de deux b\u00e2timents. Le premier est directement reli\u00e9 \u00e0 la Maison du Baron de Sant&#039;Agabio, avec des murs en pierre massifs et des tunnels \u00e0 partir desquels vous pourrez rejoindre la Maison Principale de l&#039;H\u00f4tel Cannero avec le Restaurant et la piscine. Equip\u00e9 d&#039;un ascenseur, il est facilement accessible depuis la cour int\u00e9rieure \u00e0 c\u00f4t\u00e9 du garage, qui dessert les trois \u00e9tages de cet immeuble. La seconde, de construction plus r\u00e9cente, qui donne sur la piscine, est accessible par des passages priv\u00e9s de la Residenza dei Fiori\" \/>\n<meta name=\"robots\" content=\"index, follow, max-snippet:-1, max-image-preview:large, max-video-preview:-1\" \/>\n<link rel=\"canonical\" href=\"https:\/\/www.cannerocollection.com\/fr\/cannero-collection\/residenza-dei-fiori\/\" \/>\n<meta property=\"og:locale\" content=\"fr_FR\" \/>\n<meta property=\"og:type\" content=\"article\" \/>\n<meta property=\"og:title\" content=\"Residenza dei Fiori &#8211; Cannero Collection &#8211;\" \/>\n<meta property=\"og:description\" content=\"La Residenza dei Fiori est compos\u00e9e de deux b\u00e2timents. Le premier est directement reli\u00e9 \u00e0 la Maison du Baron de Sant&#039;Agabio, avec des murs en pierre massifs et des tunnels \u00e0 partir desquels vous pourrez rejoindre la Maison Principale de l&#039;H\u00f4tel Cannero avec le Restaurant et la piscine. Equip\u00e9 d&#039;un ascenseur, il est facilement accessible depuis la cour int\u00e9rieure \u00e0 c\u00f4t\u00e9 du garage, qui dessert les trois \u00e9tages de cet immeuble. La seconde, de construction plus r\u00e9cente, qui donne sur la piscine, est accessible par des passages priv\u00e9s de la Residenza dei Fiori\" \/>\n<meta property=\"og:url\" content=\"https:\/\/www.cannerocollection.com\/fr\/cannero-collection\/residenza-dei-fiori\/\" \/>\n<meta property=\"og:site_name\" content=\"Cannero Collection\" \/>\n<meta property=\"article:modified_time\" content=\"2024-01-19T10:00:35+00:00\" \/>\n<meta property=\"og:image\" content=\"https:\/\/www.cannerocollection.com\/wp-content\/uploads\/sites\/32\/2024\/01\/cannero_collection_residenzafiori_preview.jpg\" \/>\n\t<meta property=\"og:image:width\" content=\"1200\" \/>\n\t<meta property=\"og:image:height\" content=\"800\" \/>\n\t<meta property=\"og:image:type\" content=\"image\/jpeg\" \/>\n<meta name=\"twitter:card\" content=\"summary_large_image\" \/>\n<meta name=\"twitter:label1\" content=\"Dur\u00e9e de lecture estim\u00e9e\" \/>\n\t<meta name=\"twitter:data1\" content=\"1 minute\" \/>\n<script type=\"application\/ld+json\" class=\"yoast-schema-graph\">{\"@context\":\"https:\\\/\\\/schema.org\",\"@graph\":[{\"@type\":\"WebPage\",\"@id\":\"https:\\\/\\\/www.cannerocollection.com\\\/fr\\\/cannero-collection\\\/residenza-dei-fiori\\\/\",\"url\":\"https:\\\/\\\/www.cannerocollection.com\\\/fr\\\/cannero-collection\\\/residenza-dei-fiori\\\/\",\"name\":\"Residenza dei Fiori &#8211; Cannero Collection &#8211;\",\"isPartOf\":{\"@id\":\"https:\\\/\\\/www.cannerocollection.com\\\/fr\\\/#website\"},\"primaryImageOfPage\":{\"@id\":\"https:\\\/\\\/www.cannerocollection.com\\\/fr\\\/cannero-collection\\\/residenza-dei-fiori\\\/#primaryimage\"},\"image\":{\"@id\":\"https:\\\/\\\/www.cannerocollection.com\\\/fr\\\/cannero-collection\\\/residenza-dei-fiori\\\/#primaryimage\"},\"thumbnailUrl\":\"https:\\\/\\\/www.cannerocollection.com\\\/wp-content\\\/uploads\\\/sites\\\/32\\\/2024\\\/01\\\/cannero_collection_residenzafiori_preview.jpg\",\"datePublished\":\"2024-01-18T10:37:38+00:00\",\"dateModified\":\"2024-01-19T10:00:35+00:00\",\"description\":\"La Residenza dei Fiori est compos\u00e9e de deux b\u00e2timents. Le premier est directement reli\u00e9 \u00e0 la Maison du Baron de Sant'Agabio, avec des murs en pierre massifs et des tunnels \u00e0 partir desquels vous pourrez rejoindre la Maison Principale de l'H\u00f4tel Cannero avec le Restaurant et la piscine. Equip\u00e9 d'un ascenseur, il est facilement accessible depuis la cour int\u00e9rieure \u00e0 c\u00f4t\u00e9 du garage, qui dessert les trois \u00e9tages de cet immeuble. La seconde, de construction plus r\u00e9cente, qui donne sur la piscine, est accessible par des passages priv\u00e9s de la Residenza dei Fiori\",\"breadcrumb\":{\"@id\":\"https:\\\/\\\/www.cannerocollection.com\\\/fr\\\/cannero-collection\\\/residenza-dei-fiori\\\/#breadcrumb\"},\"inLanguage\":\"fr-FR\",\"potentialAction\":[{\"@type\":\"ReadAction\",\"target\":[\"https:\\\/\\\/www.cannerocollection.com\\\/fr\\\/cannero-collection\\\/residenza-dei-fiori\\\/\"]}]},{\"@type\":\"ImageObject\",\"inLanguage\":\"fr-FR\",\"@id\":\"https:\\\/\\\/www.cannerocollection.com\\\/fr\\\/cannero-collection\\\/residenza-dei-fiori\\\/#primaryimage\",\"url\":\"https:\\\/\\\/www.cannerocollection.com\\\/wp-content\\\/uploads\\\/sites\\\/32\\\/2024\\\/01\\\/cannero_collection_residenzafiori_preview.jpg\",\"contentUrl\":\"https:\\\/\\\/www.cannerocollection.com\\\/wp-content\\\/uploads\\\/sites\\\/32\\\/2024\\\/01\\\/cannero_collection_residenzafiori_preview.jpg\",\"width\":1200,\"height\":800},{\"@type\":\"BreadcrumbList\",\"@id\":\"https:\\\/\\\/www.cannerocollection.com\\\/fr\\\/cannero-collection\\\/residenza-dei-fiori\\\/#breadcrumb\",\"itemListElement\":[{\"@type\":\"ListItem\",\"position\":1,\"name\":\"Home\",\"item\":\"https:\\\/\\\/www.cannerocollection.com\\\/fr\\\/\"},{\"@type\":\"ListItem\",\"position\":2,\"name\":\"Cannero Collection\",\"item\":\"https:\\\/\\\/www.cannerocollection.com\\\/fr\\\/\"},{\"@type\":\"ListItem\",\"position\":3,\"name\":\"Residenza dei Fiori\"}]},{\"@type\":\"WebSite\",\"@id\":\"https:\\\/\\\/www.cannerocollection.com\\\/fr\\\/#website\",\"url\":\"https:\\\/\\\/www.cannerocollection.com\\\/fr\\\/\",\"name\":\"Cannero Collection\",\"description\":\"\",\"potentialAction\":[{\"@type\":\"SearchAction\",\"target\":{\"@type\":\"EntryPoint\",\"urlTemplate\":\"https:\\\/\\\/www.cannerocollection.com\\\/fr\\\/?s={search_term_string}\"},\"query-input\":{\"@type\":\"PropertyValueSpecification\",\"valueRequired\":true,\"valueName\":\"search_term_string\"}}],\"inLanguage\":\"fr-FR\"}]}<\/script>\n<!-- \/ Yoast SEO plugin. -->","yoast_head_json":{"title":"Residenza dei Fiori &#8211; Cannero Collection &#8211;","description":"La Residenza dei Fiori est compos\u00e9e de deux b\u00e2timents. Le premier est directement reli\u00e9 \u00e0 la Maison du Baron de Sant'Agabio, avec des murs en pierre massifs et des tunnels \u00e0 partir desquels vous pourrez rejoindre la Maison Principale de l'H\u00f4tel Cannero avec le Restaurant et la piscine. Equip\u00e9 d'un ascenseur, il est facilement accessible depuis la cour int\u00e9rieure \u00e0 c\u00f4t\u00e9 du garage, qui dessert les trois \u00e9tages de cet immeuble. La seconde, de construction plus r\u00e9cente, qui donne sur la piscine, est accessible par des passages priv\u00e9s de la Residenza dei Fiori","robots":{"index":"index","follow":"follow","max-snippet":"max-snippet:-1","max-image-preview":"max-image-preview:large","max-video-preview":"max-video-preview:-1"},"canonical":"https:\/\/www.cannerocollection.com\/fr\/cannero-collection\/residenza-dei-fiori\/","og_locale":"fr_FR","og_type":"article","og_title":"Residenza dei Fiori &#8211; Cannero Collection &#8211;","og_description":"La Residenza dei Fiori est compos\u00e9e de deux b\u00e2timents. Le premier est directement reli\u00e9 \u00e0 la Maison du Baron de Sant'Agabio, avec des murs en pierre massifs et des tunnels \u00e0 partir desquels vous pourrez rejoindre la Maison Principale de l'H\u00f4tel Cannero avec le Restaurant et la piscine. Equip\u00e9 d'un ascenseur, il est facilement accessible depuis la cour int\u00e9rieure \u00e0 c\u00f4t\u00e9 du garage, qui dessert les trois \u00e9tages de cet immeuble. La seconde, de construction plus r\u00e9cente, qui donne sur la piscine, est accessible par des passages priv\u00e9s de la Residenza dei Fiori","og_url":"https:\/\/www.cannerocollection.com\/fr\/cannero-collection\/residenza-dei-fiori\/","og_site_name":"Cannero Collection","article_modified_time":"2024-01-19T10:00:35+00:00","og_image":[{"width":1200,"height":800,"url":"https:\/\/www.cannerocollection.com\/wp-content\/uploads\/sites\/32\/2024\/01\/cannero_collection_residenzafiori_preview.jpg","type":"image\/jpeg"}],"twitter_card":"summary_large_image","twitter_misc":{"Dur\u00e9e de lecture estim\u00e9e":"1 minute"},"schema":{"@context":"https:\/\/schema.org","@graph":[{"@type":"WebPage","@id":"https:\/\/www.cannerocollection.com\/fr\/cannero-collection\/residenza-dei-fiori\/","url":"https:\/\/www.cannerocollection.com\/fr\/cannero-collection\/residenza-dei-fiori\/","name":"Residenza dei Fiori &#8211; Cannero Collection &#8211;","isPartOf":{"@id":"https:\/\/www.cannerocollection.com\/fr\/#website"},"primaryImageOfPage":{"@id":"https:\/\/www.cannerocollection.com\/fr\/cannero-collection\/residenza-dei-fiori\/#primaryimage"},"image":{"@id":"https:\/\/www.cannerocollection.com\/fr\/cannero-collection\/residenza-dei-fiori\/#primaryimage"},"thumbnailUrl":"https:\/\/www.cannerocollection.com\/wp-content\/uploads\/sites\/32\/2024\/01\/cannero_collection_residenzafiori_preview.jpg","datePublished":"2024-01-18T10:37:38+00:00","dateModified":"2024-01-19T10:00:35+00:00","description":"La Residenza dei Fiori est compos\u00e9e de deux b\u00e2timents. Le premier est directement reli\u00e9 \u00e0 la Maison du Baron de Sant'Agabio, avec des murs en pierre massifs et des tunnels \u00e0 partir desquels vous pourrez rejoindre la Maison Principale de l'H\u00f4tel Cannero avec le Restaurant et la piscine. Equip\u00e9 d'un ascenseur, il est facilement accessible depuis la cour int\u00e9rieure \u00e0 c\u00f4t\u00e9 du garage, qui dessert les trois \u00e9tages de cet immeuble. La seconde, de construction plus r\u00e9cente, qui donne sur la piscine, est accessible par des passages priv\u00e9s de la Residenza dei Fiori","breadcrumb":{"@id":"https:\/\/www.cannerocollection.com\/fr\/cannero-collection\/residenza-dei-fiori\/#breadcrumb"},"inLanguage":"fr-FR","potentialAction":[{"@type":"ReadAction","target":["https:\/\/www.cannerocollection.com\/fr\/cannero-collection\/residenza-dei-fiori\/"]}]},{"@type":"ImageObject","inLanguage":"fr-FR","@id":"https:\/\/www.cannerocollection.com\/fr\/cannero-collection\/residenza-dei-fiori\/#primaryimage","url":"https:\/\/www.cannerocollection.com\/wp-content\/uploads\/sites\/32\/2024\/01\/cannero_collection_residenzafiori_preview.jpg","contentUrl":"https:\/\/www.cannerocollection.com\/wp-content\/uploads\/sites\/32\/2024\/01\/cannero_collection_residenzafiori_preview.jpg","width":1200,"height":800},{"@type":"BreadcrumbList","@id":"https:\/\/www.cannerocollection.com\/fr\/cannero-collection\/residenza-dei-fiori\/#breadcrumb","itemListElement":[{"@type":"ListItem","position":1,"name":"Home","item":"https:\/\/www.cannerocollection.com\/fr\/"},{"@type":"ListItem","position":2,"name":"Cannero Collection","item":"https:\/\/www.cannerocollection.com\/fr\/"},{"@type":"ListItem","position":3,"name":"Residenza dei Fiori"}]},{"@type":"WebSite","@id":"https:\/\/www.cannerocollection.com\/fr\/#website","url":"https:\/\/www.cannerocollection.com\/fr\/","name":"Cannero Collection","description":"","potentialAction":[{"@type":"SearchAction","target":{"@type":"EntryPoint","urlTemplate":"https:\/\/www.cannerocollection.com\/fr\/?s={search_term_string}"},"query-input":{"@type":"PropertyValueSpecification","valueRequired":true,"valueName":"search_term_string"}}],"inLanguage":"fr-FR"}]}},"acf":[],"_links":{"self":[{"href":"https:\/\/www.cannerocollection.com\/fr\/wp-json\/wp\/v2\/pages\/712","targetHints":{"allow":["GET"]}}],"collection":[{"href":"https:\/\/www.cannerocollection.com\/fr\/wp-json\/wp\/v2\/pages"}],"about":[{"href":"https:\/\/www.cannerocollection.com\/fr\/wp-json\/wp\/v2\/types\/page"}],"author":[{"embeddable":true,"href":"https:\/\/www.cannerocollection.com\/fr\/wp-json\/wp\/v2\/users\/26"}],"replies":[{"embeddable":true,"href":"https:\/\/www.cannerocollection.com\/fr\/wp-json\/wp\/v2\/comments?post=712"}],"version-history":[{"count":0,"href":"https:\/\/www.cannerocollection.com\/fr\/wp-json\/wp\/v2\/pages\/712\/revisions"}],"up":[{"embeddable":true,"href":"https:\/\/www.cannerocollection.com\/fr\/wp-json\/wp\/v2\/pages\/415"}],"wp:featuredmedia":[{"embeddable":true,"href":"https:\/\/www.cannerocollection.com\/fr\/wp-json\/wp\/v2\/media\/709"}],"wp:attachment":[{"href":"https:\/\/www.cannerocollection.com\/fr\/wp-json\/wp\/v2\/media?parent=712"}],"curies":[{"name":"wp","href":"https:\/\/api.w.org\/{rel}","templated":true}]}}