{"id":694,"date":"2023-12-14T18:34:13","date_gmt":"2023-12-14T17:34:13","guid":{"rendered":"https:\/\/www.cannerocollection.com\/?page_id=694"},"modified":"2023-12-14T18:40:00","modified_gmt":"2023-12-14T17:40:00","slug":"cannero-collection-store","status":"publish","type":"page","link":"https:\/\/www.cannerocollection.com\/fr\/cannero-collection\/cannero-collection-store\/","title":{"rendered":"Cannero Collection Store"},"content":{"rendered":"<p>Cannero Collection Store est la petite boutique en ligne de l&rsquo;H\u00f4tel Cannero Lakeside Resort, du Park Hotel Italia et du Restaurant Europa, con\u00e7ue avant tout pour maintenir le contact avec nos clients apr\u00e8s leur retour dans leur pays d&rsquo;origine. Pour pouvoir se souvenir d&rsquo;un agr\u00e9able s\u00e9jour sur le Lac Majeur m\u00eame des mois plus tard avec un petit cadeau pour vous-m\u00eame ou pour vos amis et votre famille.<\/p>\n<p>Les produits sont li\u00e9s au territoire et \u00e0 notre histoire. L&rsquo;achat est simple, les modes de paiement sont diff\u00e9rents et nous nous ferons un plaisir de vous envoyer un petit peu de Lago directement chez vous pour vous le rappeler et rester dans vos m\u00e9moires.<\/p>\n","protected":false},"excerpt":{"rendered":"<p>Cannero Collection Store est la petite boutique en ligne de l&rsquo;H\u00f4tel Cannero Lakeside Resort, du Park Hotel Italia et du Restaurant Europa, con\u00e7ue avant tout pour maintenir le contact avec nos clients apr\u00e8s leur retour dans leur pays d&rsquo;origine. Pour pouvoir se souvenir d&rsquo;un agr\u00e9able s\u00e9jour sur le Lac Majeur m\u00eame des mois plus tard [&hellip;]<\/p>\n","protected":false},"author":26,"featured_media":703,"parent":415,"menu_order":65,"comment_status":"closed","ping_status":"closed","template":"template-single-service.php","meta":{"footnotes":""},"class_list":["post-694","page","type-page","status-publish","has-post-thumbnail","hentry"],"yoast_head":"<!-- This site is optimized with the Yoast SEO plugin v27.3 - https:\/\/yoast.com\/product\/yoast-seo-wordpress\/ -->\n<title>Cannero Collection Store &#8211; Cannero Collection &#8211;<\/title>\n<meta name=\"description\" content=\"Cannero Collection Store est la petite boutique en ligne de l&#039;H\u00f4tel Cannero Lakeside Resort, du Park Hotel Italia et du Restaurant Europa, con\u00e7ue avant tout pour maintenir le contact avec nos clients apr\u00e8s leur retour dans leur pays d&#039;origine. Pour pouvoir se souvenir d&#039;un agr\u00e9able s\u00e9jour sur le Lac Majeur m\u00eame des mois plus tard avec un petit cadeau pour vous-m\u00eame ou pour vos amis et votre famille.  Les produits sont li\u00e9s au territoire et \u00e0 notre histoire\" \/>\n<meta name=\"robots\" content=\"index, follow, max-snippet:-1, max-image-preview:large, max-video-preview:-1\" \/>\n<link rel=\"canonical\" href=\"https:\/\/www.cannerocollection.com\/fr\/cannero-collection\/cannero-collection-store\/\" \/>\n<meta property=\"og:locale\" content=\"fr_FR\" \/>\n<meta property=\"og:type\" content=\"article\" \/>\n<meta property=\"og:title\" content=\"Cannero Collection Store &#8211; Cannero Collection &#8211;\" \/>\n<meta property=\"og:description\" content=\"Cannero Collection Store est la petite boutique en ligne de l&#039;H\u00f4tel Cannero Lakeside Resort, du Park Hotel Italia et du Restaurant Europa, con\u00e7ue avant tout pour maintenir le contact avec nos clients apr\u00e8s leur retour dans leur pays d&#039;origine. Pour pouvoir se souvenir d&#039;un agr\u00e9able s\u00e9jour sur le Lac Majeur m\u00eame des mois plus tard avec un petit cadeau pour vous-m\u00eame ou pour vos amis et votre famille.  Les produits sont li\u00e9s au territoire et \u00e0 notre histoire\" \/>\n<meta property=\"og:url\" content=\"https:\/\/www.cannerocollection.com\/fr\/cannero-collection\/cannero-collection-store\/\" \/>\n<meta property=\"og:site_name\" content=\"Cannero Collection\" \/>\n<meta property=\"article:modified_time\" content=\"2023-12-14T17:40:00+00:00\" \/>\n<meta property=\"og:image\" content=\"https:\/\/www.cannerocollection.com\/wp-content\/uploads\/sites\/32\/2023\/08\/cannero_collection_preview_01.jpg\" \/>\n\t<meta property=\"og:image:width\" content=\"1200\" \/>\n\t<meta property=\"og:image:height\" content=\"800\" \/>\n\t<meta property=\"og:image:type\" content=\"image\/jpeg\" \/>\n<meta name=\"twitter:card\" content=\"summary_large_image\" \/>\n<meta name=\"twitter:label1\" content=\"Dur\u00e9e de lecture estim\u00e9e\" \/>\n\t<meta name=\"twitter:data1\" content=\"1 minute\" \/>\n<script type=\"application\/ld+json\" class=\"yoast-schema-graph\">{\"@context\":\"https:\\\/\\\/schema.org\",\"@graph\":[{\"@type\":\"WebPage\",\"@id\":\"https:\\\/\\\/www.cannerocollection.com\\\/fr\\\/cannero-collection\\\/cannero-collection-store\\\/\",\"url\":\"https:\\\/\\\/www.cannerocollection.com\\\/fr\\\/cannero-collection\\\/cannero-collection-store\\\/\",\"name\":\"Cannero Collection Store &#8211; Cannero Collection &#8211;\",\"isPartOf\":{\"@id\":\"https:\\\/\\\/www.cannerocollection.com\\\/fr\\\/#website\"},\"primaryImageOfPage\":{\"@id\":\"https:\\\/\\\/www.cannerocollection.com\\\/fr\\\/cannero-collection\\\/cannero-collection-store\\\/#primaryimage\"},\"image\":{\"@id\":\"https:\\\/\\\/www.cannerocollection.com\\\/fr\\\/cannero-collection\\\/cannero-collection-store\\\/#primaryimage\"},\"thumbnailUrl\":\"https:\\\/\\\/www.cannerocollection.com\\\/wp-content\\\/uploads\\\/sites\\\/32\\\/2023\\\/12\\\/apertura_store1200X800.jpg\",\"datePublished\":\"2023-12-14T17:34:13+00:00\",\"dateModified\":\"2023-12-14T17:40:00+00:00\",\"description\":\"Cannero Collection Store est la petite boutique en ligne de l'H\u00f4tel Cannero Lakeside Resort, du Park Hotel Italia et du Restaurant Europa, con\u00e7ue avant tout pour maintenir le contact avec nos clients apr\u00e8s leur retour dans leur pays d'origine. Pour pouvoir se souvenir d'un agr\u00e9able s\u00e9jour sur le Lac Majeur m\u00eame des mois plus tard avec un petit cadeau pour vous-m\u00eame ou pour vos amis et votre famille. Les produits sont li\u00e9s au territoire et \u00e0 notre histoire\",\"breadcrumb\":{\"@id\":\"https:\\\/\\\/www.cannerocollection.com\\\/fr\\\/cannero-collection\\\/cannero-collection-store\\\/#breadcrumb\"},\"inLanguage\":\"fr-FR\",\"potentialAction\":[{\"@type\":\"ReadAction\",\"target\":[\"https:\\\/\\\/www.cannerocollection.com\\\/fr\\\/cannero-collection\\\/cannero-collection-store\\\/\"]}]},{\"@type\":\"ImageObject\",\"inLanguage\":\"fr-FR\",\"@id\":\"https:\\\/\\\/www.cannerocollection.com\\\/fr\\\/cannero-collection\\\/cannero-collection-store\\\/#primaryimage\",\"url\":\"https:\\\/\\\/www.cannerocollection.com\\\/wp-content\\\/uploads\\\/sites\\\/32\\\/2023\\\/12\\\/apertura_store1200X800.jpg\",\"contentUrl\":\"https:\\\/\\\/www.cannerocollection.com\\\/wp-content\\\/uploads\\\/sites\\\/32\\\/2023\\\/12\\\/apertura_store1200X800.jpg\",\"width\":1800,\"height\":1200,\"caption\":\"E-commerce Shop Online Homepage Sale Concept\"},{\"@type\":\"BreadcrumbList\",\"@id\":\"https:\\\/\\\/www.cannerocollection.com\\\/fr\\\/cannero-collection\\\/cannero-collection-store\\\/#breadcrumb\",\"itemListElement\":[{\"@type\":\"ListItem\",\"position\":1,\"name\":\"Home\",\"item\":\"https:\\\/\\\/www.cannerocollection.com\\\/fr\\\/\"},{\"@type\":\"ListItem\",\"position\":2,\"name\":\"Cannero Collection\",\"item\":\"https:\\\/\\\/www.cannerocollection.com\\\/fr\\\/\"},{\"@type\":\"ListItem\",\"position\":3,\"name\":\"Cannero Collection Store\"}]},{\"@type\":\"WebSite\",\"@id\":\"https:\\\/\\\/www.cannerocollection.com\\\/fr\\\/#website\",\"url\":\"https:\\\/\\\/www.cannerocollection.com\\\/fr\\\/\",\"name\":\"Cannero Collection\",\"description\":\"\",\"potentialAction\":[{\"@type\":\"SearchAction\",\"target\":{\"@type\":\"EntryPoint\",\"urlTemplate\":\"https:\\\/\\\/www.cannerocollection.com\\\/fr\\\/?s={search_term_string}\"},\"query-input\":{\"@type\":\"PropertyValueSpecification\",\"valueRequired\":true,\"valueName\":\"search_term_string\"}}],\"inLanguage\":\"fr-FR\"}]}<\/script>\n<!-- \/ Yoast SEO plugin. -->","yoast_head_json":{"title":"Cannero Collection Store &#8211; Cannero Collection &#8211;","description":"Cannero Collection Store est la petite boutique en ligne de l'H\u00f4tel Cannero Lakeside Resort, du Park Hotel Italia et du Restaurant Europa, con\u00e7ue avant tout pour maintenir le contact avec nos clients apr\u00e8s leur retour dans leur pays d'origine. Pour pouvoir se souvenir d'un agr\u00e9able s\u00e9jour sur le Lac Majeur m\u00eame des mois plus tard avec un petit cadeau pour vous-m\u00eame ou pour vos amis et votre famille.  Les produits sont li\u00e9s au territoire et \u00e0 notre histoire","robots":{"index":"index","follow":"follow","max-snippet":"max-snippet:-1","max-image-preview":"max-image-preview:large","max-video-preview":"max-video-preview:-1"},"canonical":"https:\/\/www.cannerocollection.com\/fr\/cannero-collection\/cannero-collection-store\/","og_locale":"fr_FR","og_type":"article","og_title":"Cannero Collection Store &#8211; Cannero Collection &#8211;","og_description":"Cannero Collection Store est la petite boutique en ligne de l'H\u00f4tel Cannero Lakeside Resort, du Park Hotel Italia et du Restaurant Europa, con\u00e7ue avant tout pour maintenir le contact avec nos clients apr\u00e8s leur retour dans leur pays d'origine. Pour pouvoir se souvenir d'un agr\u00e9able s\u00e9jour sur le Lac Majeur m\u00eame des mois plus tard avec un petit cadeau pour vous-m\u00eame ou pour vos amis et votre famille.  Les produits sont li\u00e9s au territoire et \u00e0 notre histoire","og_url":"https:\/\/www.cannerocollection.com\/fr\/cannero-collection\/cannero-collection-store\/","og_site_name":"Cannero Collection","article_modified_time":"2023-12-14T17:40:00+00:00","og_image":[{"width":1200,"height":800,"url":"https:\/\/www.cannerocollection.com\/wp-content\/uploads\/sites\/32\/2023\/08\/cannero_collection_preview_01.jpg","type":"image\/jpeg"}],"twitter_card":"summary_large_image","twitter_misc":{"Dur\u00e9e de lecture estim\u00e9e":"1 minute"},"schema":{"@context":"https:\/\/schema.org","@graph":[{"@type":"WebPage","@id":"https:\/\/www.cannerocollection.com\/fr\/cannero-collection\/cannero-collection-store\/","url":"https:\/\/www.cannerocollection.com\/fr\/cannero-collection\/cannero-collection-store\/","name":"Cannero Collection Store &#8211; Cannero Collection &#8211;","isPartOf":{"@id":"https:\/\/www.cannerocollection.com\/fr\/#website"},"primaryImageOfPage":{"@id":"https:\/\/www.cannerocollection.com\/fr\/cannero-collection\/cannero-collection-store\/#primaryimage"},"image":{"@id":"https:\/\/www.cannerocollection.com\/fr\/cannero-collection\/cannero-collection-store\/#primaryimage"},"thumbnailUrl":"https:\/\/www.cannerocollection.com\/wp-content\/uploads\/sites\/32\/2023\/12\/apertura_store1200X800.jpg","datePublished":"2023-12-14T17:34:13+00:00","dateModified":"2023-12-14T17:40:00+00:00","description":"Cannero Collection Store est la petite boutique en ligne de l'H\u00f4tel Cannero Lakeside Resort, du Park Hotel Italia et du Restaurant Europa, con\u00e7ue avant tout pour maintenir le contact avec nos clients apr\u00e8s leur retour dans leur pays d'origine. Pour pouvoir se souvenir d'un agr\u00e9able s\u00e9jour sur le Lac Majeur m\u00eame des mois plus tard avec un petit cadeau pour vous-m\u00eame ou pour vos amis et votre famille. Les produits sont li\u00e9s au territoire et \u00e0 notre histoire","breadcrumb":{"@id":"https:\/\/www.cannerocollection.com\/fr\/cannero-collection\/cannero-collection-store\/#breadcrumb"},"inLanguage":"fr-FR","potentialAction":[{"@type":"ReadAction","target":["https:\/\/www.cannerocollection.com\/fr\/cannero-collection\/cannero-collection-store\/"]}]},{"@type":"ImageObject","inLanguage":"fr-FR","@id":"https:\/\/www.cannerocollection.com\/fr\/cannero-collection\/cannero-collection-store\/#primaryimage","url":"https:\/\/www.cannerocollection.com\/wp-content\/uploads\/sites\/32\/2023\/12\/apertura_store1200X800.jpg","contentUrl":"https:\/\/www.cannerocollection.com\/wp-content\/uploads\/sites\/32\/2023\/12\/apertura_store1200X800.jpg","width":1800,"height":1200,"caption":"E-commerce Shop Online Homepage Sale Concept"},{"@type":"BreadcrumbList","@id":"https:\/\/www.cannerocollection.com\/fr\/cannero-collection\/cannero-collection-store\/#breadcrumb","itemListElement":[{"@type":"ListItem","position":1,"name":"Home","item":"https:\/\/www.cannerocollection.com\/fr\/"},{"@type":"ListItem","position":2,"name":"Cannero Collection","item":"https:\/\/www.cannerocollection.com\/fr\/"},{"@type":"ListItem","position":3,"name":"Cannero Collection Store"}]},{"@type":"WebSite","@id":"https:\/\/www.cannerocollection.com\/fr\/#website","url":"https:\/\/www.cannerocollection.com\/fr\/","name":"Cannero Collection","description":"","potentialAction":[{"@type":"SearchAction","target":{"@type":"EntryPoint","urlTemplate":"https:\/\/www.cannerocollection.com\/fr\/?s={search_term_string}"},"query-input":{"@type":"PropertyValueSpecification","valueRequired":true,"valueName":"search_term_string"}}],"inLanguage":"fr-FR"}]}},"acf":[],"_links":{"self":[{"href":"https:\/\/www.cannerocollection.com\/fr\/wp-json\/wp\/v2\/pages\/694","targetHints":{"allow":["GET"]}}],"collection":[{"href":"https:\/\/www.cannerocollection.com\/fr\/wp-json\/wp\/v2\/pages"}],"about":[{"href":"https:\/\/www.cannerocollection.com\/fr\/wp-json\/wp\/v2\/types\/page"}],"author":[{"embeddable":true,"href":"https:\/\/www.cannerocollection.com\/fr\/wp-json\/wp\/v2\/users\/26"}],"replies":[{"embeddable":true,"href":"https:\/\/www.cannerocollection.com\/fr\/wp-json\/wp\/v2\/comments?post=694"}],"version-history":[{"count":0,"href":"https:\/\/www.cannerocollection.com\/fr\/wp-json\/wp\/v2\/pages\/694\/revisions"}],"up":[{"embeddable":true,"href":"https:\/\/www.cannerocollection.com\/fr\/wp-json\/wp\/v2\/pages\/415"}],"wp:featuredmedia":[{"embeddable":true,"href":"https:\/\/www.cannerocollection.com\/fr\/wp-json\/wp\/v2\/media\/703"}],"wp:attachment":[{"href":"https:\/\/www.cannerocollection.com\/fr\/wp-json\/wp\/v2\/media?parent=694"}],"curies":[{"name":"wp","href":"https:\/\/api.w.org\/{rel}","templated":true}]}}