{"id":551,"date":"2023-08-17T16:27:08","date_gmt":"2023-08-17T14:27:08","guid":{"rendered":"https:\/\/cannerocollection.ms2.decms.eu\/?page_id=551"},"modified":"2023-08-17T16:27:57","modified_gmt":"2023-08-17T14:27:57","slug":"art","status":"publish","type":"page","link":"https:\/\/www.cannerocollection.com\/fr\/cannero-collection\/art\/","title":{"rendered":"Art"},"content":{"rendered":"<p>Des expositions d&rsquo;art sont r\u00e9guli\u00e8rement organis\u00e9es dans la salle \u00ab\u00a0Scuderie\u00a0\u00bb du Park Hotel Italia ou dans la salle de lecture de la Casa del Barone di Sant&rsquo;Agabio du Cannero Hotel. Cependant, des \u0153uvres d&rsquo;art sont toujours expos\u00e9es dans les halls des deux h\u00f4tels, dans les couloirs et dans les escaliers. Ainsi que dans les jardins qui s&rsquo;enrichissent en permanence de nouvelles installations et sculptures.<\/p>\n","protected":false},"excerpt":{"rendered":"<p>Des expositions d&rsquo;art sont r\u00e9guli\u00e8rement organis\u00e9es dans la salle \u00ab\u00a0Scuderie\u00a0\u00bb du Park Hotel Italia ou dans la salle de lecture de la Casa del Barone di Sant&rsquo;Agabio du Cannero Hotel. Cependant, des \u0153uvres d&rsquo;art sont toujours expos\u00e9es dans les halls des deux h\u00f4tels, dans les couloirs et dans les escaliers. Ainsi que dans les jardins [&hellip;]<\/p>\n","protected":false},"author":26,"featured_media":420,"parent":415,"menu_order":150,"comment_status":"closed","ping_status":"closed","template":"template-single-service.php","meta":{"footnotes":""},"yoast_head":"<!-- This site is optimized with the Yoast SEO plugin v22.3 - https:\/\/yoast.com\/wordpress\/plugins\/seo\/ -->\n<title>Art &#8211; Cannero Collection &#8211;<\/title>\n<meta name=\"description\" content=\"Des expositions d&#039;art sont r\u00e9guli\u00e8rement organis\u00e9es dans la salle &quot;Scuderie&quot; du Park Hotel Italia ou dans la salle de lecture de la Casa del Barone di Sant&#039;Agabio du Cannero Hotel. Cependant, des \u0153uvres d&#039;art sont toujours expos\u00e9es dans les halls des deux h\u00f4tels, dans les couloirs et dans les escaliers\" \/>\n<meta name=\"robots\" content=\"index, follow, max-snippet:-1, max-image-preview:large, max-video-preview:-1\" \/>\n<link rel=\"canonical\" href=\"https:\/\/www.cannerocollection.com\/fr\/cannero-collection\/art\/\" \/>\n<meta property=\"og:locale\" content=\"fr_FR\" \/>\n<meta property=\"og:type\" content=\"article\" \/>\n<meta property=\"og:title\" content=\"Art &#8211; Cannero Collection &#8211;\" \/>\n<meta property=\"og:description\" content=\"Des expositions d&#039;art sont r\u00e9guli\u00e8rement organis\u00e9es dans la salle &quot;Scuderie&quot; du Park Hotel Italia ou dans la salle de lecture de la Casa del Barone di Sant&#039;Agabio du Cannero Hotel. Cependant, des \u0153uvres d&#039;art sont toujours expos\u00e9es dans les halls des deux h\u00f4tels, dans les couloirs et dans les escaliers\" \/>\n<meta property=\"og:url\" content=\"https:\/\/www.cannerocollection.com\/fr\/cannero-collection\/art\/\" \/>\n<meta property=\"og:site_name\" content=\"Cannero Collection\" \/>\n<meta property=\"article:modified_time\" content=\"2023-08-17T14:27:57+00:00\" \/>\n<meta property=\"og:image\" content=\"https:\/\/www.cannerocollection.com\/wp-content\/uploads\/sites\/32\/2023\/07\/cannero_collection_arte_gallery_02.jpg\" \/>\n\t<meta property=\"og:image:width\" content=\"1200\" \/>\n\t<meta property=\"og:image:height\" content=\"800\" \/>\n\t<meta property=\"og:image:type\" content=\"image\/jpeg\" \/>\n<meta name=\"twitter:card\" content=\"summary_large_image\" \/>\n<script type=\"application\/ld+json\" class=\"yoast-schema-graph\">{\"@context\":\"https:\/\/schema.org\",\"@graph\":[{\"@type\":\"WebPage\",\"@id\":\"https:\/\/www.cannerocollection.com\/fr\/cannero-collection\/art\/\",\"url\":\"https:\/\/www.cannerocollection.com\/fr\/cannero-collection\/art\/\",\"name\":\"Art &#8211; Cannero Collection &#8211;\",\"isPartOf\":{\"@id\":\"https:\/\/www.cannerocollection.com\/fr\/#website\"},\"primaryImageOfPage\":{\"@id\":\"https:\/\/www.cannerocollection.com\/fr\/cannero-collection\/art\/#primaryimage\"},\"image\":{\"@id\":\"https:\/\/www.cannerocollection.com\/fr\/cannero-collection\/art\/#primaryimage\"},\"thumbnailUrl\":\"https:\/\/www.cannerocollection.com\/wp-content\/uploads\/sites\/32\/2023\/07\/cannero_collection_arte_gallery_02.jpg\",\"datePublished\":\"2023-08-17T14:27:08+00:00\",\"dateModified\":\"2023-08-17T14:27:57+00:00\",\"description\":\"Des expositions d'art sont r\u00e9guli\u00e8rement organis\u00e9es dans la salle \\\"Scuderie\\\" du Park Hotel Italia ou dans la salle de lecture de la Casa del Barone di Sant'Agabio du Cannero Hotel. Cependant, des \u0153uvres d'art sont toujours expos\u00e9es dans les halls des deux h\u00f4tels, dans les couloirs et dans les escaliers\",\"breadcrumb\":{\"@id\":\"https:\/\/www.cannerocollection.com\/fr\/cannero-collection\/art\/#breadcrumb\"},\"inLanguage\":\"fr-FR\",\"potentialAction\":[{\"@type\":\"ReadAction\",\"target\":[\"https:\/\/www.cannerocollection.com\/fr\/cannero-collection\/art\/\"]}]},{\"@type\":\"ImageObject\",\"inLanguage\":\"fr-FR\",\"@id\":\"https:\/\/www.cannerocollection.com\/fr\/cannero-collection\/art\/#primaryimage\",\"url\":\"https:\/\/www.cannerocollection.com\/wp-content\/uploads\/sites\/32\/2023\/07\/cannero_collection_arte_gallery_02.jpg\",\"contentUrl\":\"https:\/\/www.cannerocollection.com\/wp-content\/uploads\/sites\/32\/2023\/07\/cannero_collection_arte_gallery_02.jpg\",\"width\":1200,\"height\":800,\"caption\":\"it::Arte| en::Art|\"},{\"@type\":\"BreadcrumbList\",\"@id\":\"https:\/\/www.cannerocollection.com\/fr\/cannero-collection\/art\/#breadcrumb\",\"itemListElement\":[{\"@type\":\"ListItem\",\"position\":1,\"name\":\"Home\",\"item\":\"https:\/\/www.cannerocollection.com\/fr\/\"},{\"@type\":\"ListItem\",\"position\":2,\"name\":\"Cannero Collection\",\"item\":\"https:\/\/www.cannerocollection.com\/fr\/\"},{\"@type\":\"ListItem\",\"position\":3,\"name\":\"Art\"}]},{\"@type\":\"WebSite\",\"@id\":\"https:\/\/www.cannerocollection.com\/fr\/#website\",\"url\":\"https:\/\/www.cannerocollection.com\/fr\/\",\"name\":\"Cannero Collection\",\"description\":\"\",\"potentialAction\":[{\"@type\":\"SearchAction\",\"target\":{\"@type\":\"EntryPoint\",\"urlTemplate\":\"https:\/\/www.cannerocollection.com\/fr\/?s={search_term_string}\"},\"query-input\":\"required name=search_term_string\"}],\"inLanguage\":\"fr-FR\"}]}<\/script>\n<!-- \/ Yoast SEO plugin. -->","yoast_head_json":{"title":"Art &#8211; Cannero Collection &#8211;","description":"Des expositions d'art sont r\u00e9guli\u00e8rement organis\u00e9es dans la salle \"Scuderie\" du Park Hotel Italia ou dans la salle de lecture de la Casa del Barone di Sant'Agabio du Cannero Hotel. Cependant, des \u0153uvres d'art sont toujours expos\u00e9es dans les halls des deux h\u00f4tels, dans les couloirs et dans les escaliers","robots":{"index":"index","follow":"follow","max-snippet":"max-snippet:-1","max-image-preview":"max-image-preview:large","max-video-preview":"max-video-preview:-1"},"canonical":"https:\/\/www.cannerocollection.com\/fr\/cannero-collection\/art\/","og_locale":"fr_FR","og_type":"article","og_title":"Art &#8211; Cannero Collection &#8211;","og_description":"Des expositions d'art sont r\u00e9guli\u00e8rement organis\u00e9es dans la salle \"Scuderie\" du Park Hotel Italia ou dans la salle de lecture de la Casa del Barone di Sant'Agabio du Cannero Hotel. Cependant, des \u0153uvres d'art sont toujours expos\u00e9es dans les halls des deux h\u00f4tels, dans les couloirs et dans les escaliers","og_url":"https:\/\/www.cannerocollection.com\/fr\/cannero-collection\/art\/","og_site_name":"Cannero Collection","article_modified_time":"2023-08-17T14:27:57+00:00","og_image":[{"width":1200,"height":800,"url":"https:\/\/www.cannerocollection.com\/wp-content\/uploads\/sites\/32\/2023\/07\/cannero_collection_arte_gallery_02.jpg","type":"image\/jpeg"}],"twitter_card":"summary_large_image","schema":{"@context":"https:\/\/schema.org","@graph":[{"@type":"WebPage","@id":"https:\/\/www.cannerocollection.com\/fr\/cannero-collection\/art\/","url":"https:\/\/www.cannerocollection.com\/fr\/cannero-collection\/art\/","name":"Art &#8211; Cannero Collection &#8211;","isPartOf":{"@id":"https:\/\/www.cannerocollection.com\/fr\/#website"},"primaryImageOfPage":{"@id":"https:\/\/www.cannerocollection.com\/fr\/cannero-collection\/art\/#primaryimage"},"image":{"@id":"https:\/\/www.cannerocollection.com\/fr\/cannero-collection\/art\/#primaryimage"},"thumbnailUrl":"https:\/\/www.cannerocollection.com\/wp-content\/uploads\/sites\/32\/2023\/07\/cannero_collection_arte_gallery_02.jpg","datePublished":"2023-08-17T14:27:08+00:00","dateModified":"2023-08-17T14:27:57+00:00","description":"Des expositions d'art sont r\u00e9guli\u00e8rement organis\u00e9es dans la salle \"Scuderie\" du Park Hotel Italia ou dans la salle de lecture de la Casa del Barone di Sant'Agabio du Cannero Hotel. Cependant, des \u0153uvres d'art sont toujours expos\u00e9es dans les halls des deux h\u00f4tels, dans les couloirs et dans les escaliers","breadcrumb":{"@id":"https:\/\/www.cannerocollection.com\/fr\/cannero-collection\/art\/#breadcrumb"},"inLanguage":"fr-FR","potentialAction":[{"@type":"ReadAction","target":["https:\/\/www.cannerocollection.com\/fr\/cannero-collection\/art\/"]}]},{"@type":"ImageObject","inLanguage":"fr-FR","@id":"https:\/\/www.cannerocollection.com\/fr\/cannero-collection\/art\/#primaryimage","url":"https:\/\/www.cannerocollection.com\/wp-content\/uploads\/sites\/32\/2023\/07\/cannero_collection_arte_gallery_02.jpg","contentUrl":"https:\/\/www.cannerocollection.com\/wp-content\/uploads\/sites\/32\/2023\/07\/cannero_collection_arte_gallery_02.jpg","width":1200,"height":800,"caption":"it::Arte| en::Art|"},{"@type":"BreadcrumbList","@id":"https:\/\/www.cannerocollection.com\/fr\/cannero-collection\/art\/#breadcrumb","itemListElement":[{"@type":"ListItem","position":1,"name":"Home","item":"https:\/\/www.cannerocollection.com\/fr\/"},{"@type":"ListItem","position":2,"name":"Cannero Collection","item":"https:\/\/www.cannerocollection.com\/fr\/"},{"@type":"ListItem","position":3,"name":"Art"}]},{"@type":"WebSite","@id":"https:\/\/www.cannerocollection.com\/fr\/#website","url":"https:\/\/www.cannerocollection.com\/fr\/","name":"Cannero Collection","description":"","potentialAction":[{"@type":"SearchAction","target":{"@type":"EntryPoint","urlTemplate":"https:\/\/www.cannerocollection.com\/fr\/?s={search_term_string}"},"query-input":"required name=search_term_string"}],"inLanguage":"fr-FR"}]}},"acf":[],"_links":{"self":[{"href":"https:\/\/www.cannerocollection.com\/fr\/wp-json\/wp\/v2\/pages\/551"}],"collection":[{"href":"https:\/\/www.cannerocollection.com\/fr\/wp-json\/wp\/v2\/pages"}],"about":[{"href":"https:\/\/www.cannerocollection.com\/fr\/wp-json\/wp\/v2\/types\/page"}],"author":[{"embeddable":true,"href":"https:\/\/www.cannerocollection.com\/fr\/wp-json\/wp\/v2\/users\/26"}],"replies":[{"embeddable":true,"href":"https:\/\/www.cannerocollection.com\/fr\/wp-json\/wp\/v2\/comments?post=551"}],"version-history":[{"count":0,"href":"https:\/\/www.cannerocollection.com\/fr\/wp-json\/wp\/v2\/pages\/551\/revisions"}],"up":[{"embeddable":true,"href":"https:\/\/www.cannerocollection.com\/fr\/wp-json\/wp\/v2\/pages\/415"}],"wp:featuredmedia":[{"embeddable":true,"href":"https:\/\/www.cannerocollection.com\/fr\/wp-json\/wp\/v2\/media\/420"}],"wp:attachment":[{"href":"https:\/\/www.cannerocollection.com\/fr\/wp-json\/wp\/v2\/media?parent=551"}],"curies":[{"name":"wp","href":"https:\/\/api.w.org\/{rel}","templated":true}]}}