{"id":548,"date":"2023-08-17T16:26:53","date_gmt":"2023-08-17T14:26:53","guid":{"rendered":"https:\/\/cannerocollection.ms2.decms.eu\/?page_id=548"},"modified":"2023-08-17T16:28:03","modified_gmt":"2023-08-17T14:28:03","slug":"salles-de-reunions","status":"publish","type":"page","link":"https:\/\/www.cannerocollection.com\/fr\/cannero-collection\/salles-de-reunions\/","title":{"rendered":"Salles de r\u00e9unions"},"content":{"rendered":"<p>La \u00ab\u00a0Scuderie\u00a0\u00bb du Park Hotel Italia, dans une structure s\u00e9par\u00e9e \u00e0 l&rsquo;entr\u00e9e du grand jardin, peut accueillir des conf\u00e9rences et des \u00e9v\u00e9nements avec un maximum de 20 \u00e0 25 participants. Sur demande, des pauses caf\u00e9 et des collations peuvent \u00eatre organis\u00e9es. Les \u00ab Ecuries \u00bb peuvent \u00eatre \u00e9quip\u00e9es de tableaux noirs, projecteurs, \u00e9crans et autres \u00e9quipements utiles \u00e0 la r\u00e9ussite des conf\u00e9rences et r\u00e9unions.<\/p>\n<p>\u00c0 l&rsquo;h\u00f4tel Cannero, la salle de lecture de la maison du baron de Sant&rsquo;Agabio avec le plafond \u00e0 caissons peint \u00e0 la main et r\u00e9nov\u00e9 dans le respect total de l&rsquo;original, avec l&rsquo;architrave m\u00e9di\u00e9vale grav\u00e9e et les colonnes de granit et les fen\u00eatres donnant sur le lac, il peut \u00eatre utilis\u00e9 comme salle de r\u00e9union pouvant accueillir jusqu&rsquo;\u00e0 20-25 participants.<\/p>\n<p>La salle adjacente, plus petite, peut \u00e9galement \u00eatre utilis\u00e9e comme support pour la salle principale de lecture-r\u00e9union ou pour des mini-r\u00e9unions de 5 \u00e0 8 participants. Les deux salles peuvent \u00eatre \u00e9quip\u00e9es de tout le n\u00e9cessaire pour une conf\u00e9rence ou une r\u00e9union.<\/p>\n","protected":false},"excerpt":{"rendered":"<p>La \u00ab\u00a0Scuderie\u00a0\u00bb du Park Hotel Italia, dans une structure s\u00e9par\u00e9e \u00e0 l&rsquo;entr\u00e9e du grand jardin, peut accueillir des conf\u00e9rences et des \u00e9v\u00e9nements avec un maximum de 20 \u00e0 25 participants. Sur demande, des pauses caf\u00e9 et des collations peuvent \u00eatre organis\u00e9es. Les \u00ab Ecuries \u00bb peuvent \u00eatre \u00e9quip\u00e9es de tableaux noirs, projecteurs, \u00e9crans et autres [&hellip;]<\/p>\n","protected":false},"author":26,"featured_media":394,"parent":415,"menu_order":120,"comment_status":"closed","ping_status":"closed","template":"template-single-service.php","meta":{"footnotes":""},"class_list":["post-548","page","type-page","status-publish","has-post-thumbnail","hentry"],"yoast_head":"<!-- This site is optimized with the Yoast SEO plugin v27.3 - https:\/\/yoast.com\/product\/yoast-seo-wordpress\/ -->\n<title>Salles de r\u00e9unions &#8211; Cannero Collection &#8211;<\/title>\n<meta name=\"description\" content=\"La &quot;Scuderie&quot; du Park Hotel Italia, dans une structure s\u00e9par\u00e9e \u00e0 l&#039;entr\u00e9e du grand jardin, peut accueillir des conf\u00e9rences et des \u00e9v\u00e9nements avec un maximum de 20 \u00e0 25 participants. Sur demande, des pauses caf\u00e9 et des collations peuvent \u00eatre organis\u00e9es\" \/>\n<meta name=\"robots\" content=\"index, follow, max-snippet:-1, max-image-preview:large, max-video-preview:-1\" \/>\n<link rel=\"canonical\" href=\"https:\/\/www.cannerocollection.com\/fr\/cannero-collection\/salles-de-reunions\/\" \/>\n<meta property=\"og:locale\" content=\"fr_FR\" \/>\n<meta property=\"og:type\" content=\"article\" \/>\n<meta property=\"og:title\" content=\"Salles de r\u00e9unions &#8211; Cannero Collection &#8211;\" \/>\n<meta property=\"og:description\" content=\"La &quot;Scuderie&quot; du Park Hotel Italia, dans une structure s\u00e9par\u00e9e \u00e0 l&#039;entr\u00e9e du grand jardin, peut accueillir des conf\u00e9rences et des \u00e9v\u00e9nements avec un maximum de 20 \u00e0 25 participants. Sur demande, des pauses caf\u00e9 et des collations peuvent \u00eatre organis\u00e9es\" \/>\n<meta property=\"og:url\" content=\"https:\/\/www.cannerocollection.com\/fr\/cannero-collection\/salles-de-reunions\/\" \/>\n<meta property=\"og:site_name\" content=\"Cannero Collection\" \/>\n<meta property=\"article:modified_time\" content=\"2023-08-17T14:28:03+00:00\" \/>\n<meta property=\"og:image\" content=\"https:\/\/www.cannerocollection.com\/wp-content\/uploads\/sites\/32\/2023\/07\/cannero_collection_scuderie_meeting_gallery_01.jpg\" \/>\n\t<meta property=\"og:image:width\" content=\"1200\" \/>\n\t<meta property=\"og:image:height\" content=\"800\" \/>\n\t<meta property=\"og:image:type\" content=\"image\/jpeg\" \/>\n<meta name=\"twitter:card\" content=\"summary_large_image\" \/>\n<meta name=\"twitter:label1\" content=\"Dur\u00e9e de lecture estim\u00e9e\" \/>\n\t<meta name=\"twitter:data1\" content=\"1 minute\" \/>\n<script type=\"application\/ld+json\" class=\"yoast-schema-graph\">{\"@context\":\"https:\\\/\\\/schema.org\",\"@graph\":[{\"@type\":\"WebPage\",\"@id\":\"https:\\\/\\\/www.cannerocollection.com\\\/fr\\\/cannero-collection\\\/salles-de-reunions\\\/\",\"url\":\"https:\\\/\\\/www.cannerocollection.com\\\/fr\\\/cannero-collection\\\/salles-de-reunions\\\/\",\"name\":\"Salles de r\u00e9unions &#8211; Cannero Collection &#8211;\",\"isPartOf\":{\"@id\":\"https:\\\/\\\/www.cannerocollection.com\\\/fr\\\/#website\"},\"primaryImageOfPage\":{\"@id\":\"https:\\\/\\\/www.cannerocollection.com\\\/fr\\\/cannero-collection\\\/salles-de-reunions\\\/#primaryimage\"},\"image\":{\"@id\":\"https:\\\/\\\/www.cannerocollection.com\\\/fr\\\/cannero-collection\\\/salles-de-reunions\\\/#primaryimage\"},\"thumbnailUrl\":\"https:\\\/\\\/www.cannerocollection.com\\\/wp-content\\\/uploads\\\/sites\\\/32\\\/2023\\\/07\\\/cannero_collection_scuderie_meeting_gallery_01.jpg\",\"datePublished\":\"2023-08-17T14:26:53+00:00\",\"dateModified\":\"2023-08-17T14:28:03+00:00\",\"description\":\"La \\\"Scuderie\\\" du Park Hotel Italia, dans une structure s\u00e9par\u00e9e \u00e0 l'entr\u00e9e du grand jardin, peut accueillir des conf\u00e9rences et des \u00e9v\u00e9nements avec un maximum de 20 \u00e0 25 participants. Sur demande, des pauses caf\u00e9 et des collations peuvent \u00eatre organis\u00e9es\",\"breadcrumb\":{\"@id\":\"https:\\\/\\\/www.cannerocollection.com\\\/fr\\\/cannero-collection\\\/salles-de-reunions\\\/#breadcrumb\"},\"inLanguage\":\"fr-FR\",\"potentialAction\":[{\"@type\":\"ReadAction\",\"target\":[\"https:\\\/\\\/www.cannerocollection.com\\\/fr\\\/cannero-collection\\\/salles-de-reunions\\\/\"]}]},{\"@type\":\"ImageObject\",\"inLanguage\":\"fr-FR\",\"@id\":\"https:\\\/\\\/www.cannerocollection.com\\\/fr\\\/cannero-collection\\\/salles-de-reunions\\\/#primaryimage\",\"url\":\"https:\\\/\\\/www.cannerocollection.com\\\/wp-content\\\/uploads\\\/sites\\\/32\\\/2023\\\/07\\\/cannero_collection_scuderie_meeting_gallery_01.jpg\",\"contentUrl\":\"https:\\\/\\\/www.cannerocollection.com\\\/wp-content\\\/uploads\\\/sites\\\/32\\\/2023\\\/07\\\/cannero_collection_scuderie_meeting_gallery_01.jpg\",\"width\":1200,\"height\":800,\"caption\":\"it::Sala Meeting Le Scuderie| en::Meeting rooms Le Scuderie|\"},{\"@type\":\"BreadcrumbList\",\"@id\":\"https:\\\/\\\/www.cannerocollection.com\\\/fr\\\/cannero-collection\\\/salles-de-reunions\\\/#breadcrumb\",\"itemListElement\":[{\"@type\":\"ListItem\",\"position\":1,\"name\":\"Home\",\"item\":\"https:\\\/\\\/www.cannerocollection.com\\\/fr\\\/\"},{\"@type\":\"ListItem\",\"position\":2,\"name\":\"Cannero Collection\",\"item\":\"https:\\\/\\\/www.cannerocollection.com\\\/fr\\\/\"},{\"@type\":\"ListItem\",\"position\":3,\"name\":\"Salles de r\u00e9unions\"}]},{\"@type\":\"WebSite\",\"@id\":\"https:\\\/\\\/www.cannerocollection.com\\\/fr\\\/#website\",\"url\":\"https:\\\/\\\/www.cannerocollection.com\\\/fr\\\/\",\"name\":\"Cannero Collection\",\"description\":\"\",\"potentialAction\":[{\"@type\":\"SearchAction\",\"target\":{\"@type\":\"EntryPoint\",\"urlTemplate\":\"https:\\\/\\\/www.cannerocollection.com\\\/fr\\\/?s={search_term_string}\"},\"query-input\":{\"@type\":\"PropertyValueSpecification\",\"valueRequired\":true,\"valueName\":\"search_term_string\"}}],\"inLanguage\":\"fr-FR\"}]}<\/script>\n<!-- \/ Yoast SEO plugin. -->","yoast_head_json":{"title":"Salles de r\u00e9unions &#8211; Cannero Collection &#8211;","description":"La \"Scuderie\" du Park Hotel Italia, dans une structure s\u00e9par\u00e9e \u00e0 l'entr\u00e9e du grand jardin, peut accueillir des conf\u00e9rences et des \u00e9v\u00e9nements avec un maximum de 20 \u00e0 25 participants. Sur demande, des pauses caf\u00e9 et des collations peuvent \u00eatre organis\u00e9es","robots":{"index":"index","follow":"follow","max-snippet":"max-snippet:-1","max-image-preview":"max-image-preview:large","max-video-preview":"max-video-preview:-1"},"canonical":"https:\/\/www.cannerocollection.com\/fr\/cannero-collection\/salles-de-reunions\/","og_locale":"fr_FR","og_type":"article","og_title":"Salles de r\u00e9unions &#8211; Cannero Collection &#8211;","og_description":"La \"Scuderie\" du Park Hotel Italia, dans une structure s\u00e9par\u00e9e \u00e0 l'entr\u00e9e du grand jardin, peut accueillir des conf\u00e9rences et des \u00e9v\u00e9nements avec un maximum de 20 \u00e0 25 participants. Sur demande, des pauses caf\u00e9 et des collations peuvent \u00eatre organis\u00e9es","og_url":"https:\/\/www.cannerocollection.com\/fr\/cannero-collection\/salles-de-reunions\/","og_site_name":"Cannero Collection","article_modified_time":"2023-08-17T14:28:03+00:00","og_image":[{"width":1200,"height":800,"url":"https:\/\/www.cannerocollection.com\/wp-content\/uploads\/sites\/32\/2023\/07\/cannero_collection_scuderie_meeting_gallery_01.jpg","type":"image\/jpeg"}],"twitter_card":"summary_large_image","twitter_misc":{"Dur\u00e9e de lecture estim\u00e9e":"1 minute"},"schema":{"@context":"https:\/\/schema.org","@graph":[{"@type":"WebPage","@id":"https:\/\/www.cannerocollection.com\/fr\/cannero-collection\/salles-de-reunions\/","url":"https:\/\/www.cannerocollection.com\/fr\/cannero-collection\/salles-de-reunions\/","name":"Salles de r\u00e9unions &#8211; Cannero Collection &#8211;","isPartOf":{"@id":"https:\/\/www.cannerocollection.com\/fr\/#website"},"primaryImageOfPage":{"@id":"https:\/\/www.cannerocollection.com\/fr\/cannero-collection\/salles-de-reunions\/#primaryimage"},"image":{"@id":"https:\/\/www.cannerocollection.com\/fr\/cannero-collection\/salles-de-reunions\/#primaryimage"},"thumbnailUrl":"https:\/\/www.cannerocollection.com\/wp-content\/uploads\/sites\/32\/2023\/07\/cannero_collection_scuderie_meeting_gallery_01.jpg","datePublished":"2023-08-17T14:26:53+00:00","dateModified":"2023-08-17T14:28:03+00:00","description":"La \"Scuderie\" du Park Hotel Italia, dans une structure s\u00e9par\u00e9e \u00e0 l'entr\u00e9e du grand jardin, peut accueillir des conf\u00e9rences et des \u00e9v\u00e9nements avec un maximum de 20 \u00e0 25 participants. Sur demande, des pauses caf\u00e9 et des collations peuvent \u00eatre organis\u00e9es","breadcrumb":{"@id":"https:\/\/www.cannerocollection.com\/fr\/cannero-collection\/salles-de-reunions\/#breadcrumb"},"inLanguage":"fr-FR","potentialAction":[{"@type":"ReadAction","target":["https:\/\/www.cannerocollection.com\/fr\/cannero-collection\/salles-de-reunions\/"]}]},{"@type":"ImageObject","inLanguage":"fr-FR","@id":"https:\/\/www.cannerocollection.com\/fr\/cannero-collection\/salles-de-reunions\/#primaryimage","url":"https:\/\/www.cannerocollection.com\/wp-content\/uploads\/sites\/32\/2023\/07\/cannero_collection_scuderie_meeting_gallery_01.jpg","contentUrl":"https:\/\/www.cannerocollection.com\/wp-content\/uploads\/sites\/32\/2023\/07\/cannero_collection_scuderie_meeting_gallery_01.jpg","width":1200,"height":800,"caption":"it::Sala Meeting Le Scuderie| en::Meeting rooms Le Scuderie|"},{"@type":"BreadcrumbList","@id":"https:\/\/www.cannerocollection.com\/fr\/cannero-collection\/salles-de-reunions\/#breadcrumb","itemListElement":[{"@type":"ListItem","position":1,"name":"Home","item":"https:\/\/www.cannerocollection.com\/fr\/"},{"@type":"ListItem","position":2,"name":"Cannero Collection","item":"https:\/\/www.cannerocollection.com\/fr\/"},{"@type":"ListItem","position":3,"name":"Salles de r\u00e9unions"}]},{"@type":"WebSite","@id":"https:\/\/www.cannerocollection.com\/fr\/#website","url":"https:\/\/www.cannerocollection.com\/fr\/","name":"Cannero Collection","description":"","potentialAction":[{"@type":"SearchAction","target":{"@type":"EntryPoint","urlTemplate":"https:\/\/www.cannerocollection.com\/fr\/?s={search_term_string}"},"query-input":{"@type":"PropertyValueSpecification","valueRequired":true,"valueName":"search_term_string"}}],"inLanguage":"fr-FR"}]}},"acf":[],"_links":{"self":[{"href":"https:\/\/www.cannerocollection.com\/fr\/wp-json\/wp\/v2\/pages\/548","targetHints":{"allow":["GET"]}}],"collection":[{"href":"https:\/\/www.cannerocollection.com\/fr\/wp-json\/wp\/v2\/pages"}],"about":[{"href":"https:\/\/www.cannerocollection.com\/fr\/wp-json\/wp\/v2\/types\/page"}],"author":[{"embeddable":true,"href":"https:\/\/www.cannerocollection.com\/fr\/wp-json\/wp\/v2\/users\/26"}],"replies":[{"embeddable":true,"href":"https:\/\/www.cannerocollection.com\/fr\/wp-json\/wp\/v2\/comments?post=548"}],"version-history":[{"count":0,"href":"https:\/\/www.cannerocollection.com\/fr\/wp-json\/wp\/v2\/pages\/548\/revisions"}],"up":[{"embeddable":true,"href":"https:\/\/www.cannerocollection.com\/fr\/wp-json\/wp\/v2\/pages\/415"}],"wp:featuredmedia":[{"embeddable":true,"href":"https:\/\/www.cannerocollection.com\/fr\/wp-json\/wp\/v2\/media\/394"}],"wp:attachment":[{"href":"https:\/\/www.cannerocollection.com\/fr\/wp-json\/wp\/v2\/media?parent=548"}],"curies":[{"name":"wp","href":"https:\/\/api.w.org\/{rel}","templated":true}]}}