{"id":547,"date":"2023-08-17T16:24:03","date_gmt":"2023-08-17T14:24:03","guid":{"rendered":"https:\/\/cannerocollection.ms2.decms.eu\/?page_id=547"},"modified":"2023-08-17T16:25:52","modified_gmt":"2023-08-17T14:25:52","slug":"piscines","status":"publish","type":"page","link":"https:\/\/www.cannerocollection.com\/fr\/cannero-collection\/piscines\/","title":{"rendered":"Piscines"},"content":{"rendered":"<p>Les deux h\u00f4tels disposent d&rsquo;une piscine avec hydromassage\u00a0: \u00e0 l&rsquo;h\u00f4tel Cannero, la piscine est construite avec deux profondeurs diff\u00e9rentes et au Park Hotel Italia avec deux zones diff\u00e9rentes\u00a0: une pour la natation et une avec des si\u00e8ges internes pour l&rsquo;hydromassage. Les zones entourant les deux piscines sont \u00e9quip\u00e9es de transats confortables pour bronzer et se d\u00e9tendre, les serviettes de bain sont fournies gratuitement aux clients, le service de bar est garanti pendant les heures d&rsquo;ouverture des piscines et les fleurs, agrumes, buissons, escalade des plantes telles que la glycine et le jasmin embellissent les jardins entourant les deux piscines.<\/p>\n","protected":false},"excerpt":{"rendered":"<p>Les deux h\u00f4tels disposent d&rsquo;une piscine avec hydromassage\u00a0: \u00e0 l&rsquo;h\u00f4tel Cannero, la piscine est construite avec deux profondeurs diff\u00e9rentes et au Park Hotel Italia avec deux zones diff\u00e9rentes\u00a0: une pour la natation et une avec des si\u00e8ges internes pour l&rsquo;hydromassage. Les zones entourant les deux piscines sont \u00e9quip\u00e9es de transats confortables pour bronzer et se [&hellip;]<\/p>\n","protected":false},"author":26,"featured_media":390,"parent":415,"menu_order":110,"comment_status":"closed","ping_status":"closed","template":"template-single-service.php","meta":{"footnotes":""},"class_list":["post-547","page","type-page","status-publish","has-post-thumbnail","hentry"],"yoast_head":"<!-- This site is optimized with the Yoast SEO plugin v27.3 - https:\/\/yoast.com\/product\/yoast-seo-wordpress\/ -->\n<title>Piscines &#8211; Cannero Collection &#8211;<\/title>\n<meta name=\"description\" content=\"Les deux h\u00f4tels disposent d&#039;une piscine avec hydromassage\u00a0: \u00e0 l&#039;h\u00f4tel Cannero, la piscine est construite avec deux profondeurs diff\u00e9rentes et au Park Hotel Italia avec deux zones diff\u00e9rentes\u00a0: une pour la natation et une avec des si\u00e8ges internes pour l&#039;hydromassage. Les zones entourant les deux piscines sont \u00e9quip\u00e9es de transats confortables pour bronzer et se d\u00e9tendre, les serviettes de bain sont fournies gratuitement aux clients, le service de bar est garanti pendant les heures d&#039;ouverture des piscines et les fleurs, agrumes, buissons, escalade des plantes telles que la glycine et le jasmin embellissent les jardins entourant les deux piscines.\" \/>\n<meta name=\"robots\" content=\"index, follow, max-snippet:-1, max-image-preview:large, max-video-preview:-1\" \/>\n<link rel=\"canonical\" href=\"https:\/\/www.cannerocollection.com\/fr\/cannero-collection\/piscines\/\" \/>\n<meta property=\"og:locale\" content=\"fr_FR\" \/>\n<meta property=\"og:type\" content=\"article\" \/>\n<meta property=\"og:title\" content=\"Piscines &#8211; Cannero Collection &#8211;\" \/>\n<meta property=\"og:description\" content=\"Les deux h\u00f4tels disposent d&#039;une piscine avec hydromassage\u00a0: \u00e0 l&#039;h\u00f4tel Cannero, la piscine est construite avec deux profondeurs diff\u00e9rentes et au Park Hotel Italia avec deux zones diff\u00e9rentes\u00a0: une pour la natation et une avec des si\u00e8ges internes pour l&#039;hydromassage. Les zones entourant les deux piscines sont \u00e9quip\u00e9es de transats confortables pour bronzer et se d\u00e9tendre, les serviettes de bain sont fournies gratuitement aux clients, le service de bar est garanti pendant les heures d&#039;ouverture des piscines et les fleurs, agrumes, buissons, escalade des plantes telles que la glycine et le jasmin embellissent les jardins entourant les deux piscines.\" \/>\n<meta property=\"og:url\" content=\"https:\/\/www.cannerocollection.com\/fr\/cannero-collection\/piscines\/\" \/>\n<meta property=\"og:site_name\" content=\"Cannero Collection\" \/>\n<meta property=\"article:modified_time\" content=\"2023-08-17T14:25:52+00:00\" \/>\n<meta property=\"og:image\" content=\"https:\/\/www.cannerocollection.com\/wp-content\/uploads\/sites\/32\/2023\/07\/cannero_collection_park_hote_italia_piscina_gallery_02-1.jpg\" \/>\n\t<meta property=\"og:image:width\" content=\"1200\" \/>\n\t<meta property=\"og:image:height\" content=\"800\" \/>\n\t<meta property=\"og:image:type\" content=\"image\/jpeg\" \/>\n<meta name=\"twitter:card\" content=\"summary_large_image\" \/>\n<meta name=\"twitter:label1\" content=\"Dur\u00e9e de lecture estim\u00e9e\" \/>\n\t<meta name=\"twitter:data1\" content=\"1 minute\" \/>\n<script type=\"application\/ld+json\" class=\"yoast-schema-graph\">{\"@context\":\"https:\\\/\\\/schema.org\",\"@graph\":[{\"@type\":\"WebPage\",\"@id\":\"https:\\\/\\\/www.cannerocollection.com\\\/fr\\\/cannero-collection\\\/piscines\\\/\",\"url\":\"https:\\\/\\\/www.cannerocollection.com\\\/fr\\\/cannero-collection\\\/piscines\\\/\",\"name\":\"Piscines &#8211; Cannero Collection &#8211;\",\"isPartOf\":{\"@id\":\"https:\\\/\\\/www.cannerocollection.com\\\/fr\\\/#website\"},\"primaryImageOfPage\":{\"@id\":\"https:\\\/\\\/www.cannerocollection.com\\\/fr\\\/cannero-collection\\\/piscines\\\/#primaryimage\"},\"image\":{\"@id\":\"https:\\\/\\\/www.cannerocollection.com\\\/fr\\\/cannero-collection\\\/piscines\\\/#primaryimage\"},\"thumbnailUrl\":\"https:\\\/\\\/www.cannerocollection.com\\\/wp-content\\\/uploads\\\/sites\\\/32\\\/2023\\\/07\\\/cannero_collection_park_hote_italia_piscina_gallery_02-1.jpg\",\"datePublished\":\"2023-08-17T14:24:03+00:00\",\"dateModified\":\"2023-08-17T14:25:52+00:00\",\"description\":\"Les deux h\u00f4tels disposent d'une piscine avec hydromassage\u00a0: \u00e0 l'h\u00f4tel Cannero, la piscine est construite avec deux profondeurs diff\u00e9rentes et au Park Hotel Italia avec deux zones diff\u00e9rentes\u00a0: une pour la natation et une avec des si\u00e8ges internes pour l'hydromassage. Les zones entourant les deux piscines sont \u00e9quip\u00e9es de transats confortables pour bronzer et se d\u00e9tendre, les serviettes de bain sont fournies gratuitement aux clients, le service de bar est garanti pendant les heures d'ouverture des piscines et les fleurs, agrumes, buissons, escalade des plantes telles que la glycine et le jasmin embellissent les jardins entourant les deux piscines.\",\"breadcrumb\":{\"@id\":\"https:\\\/\\\/www.cannerocollection.com\\\/fr\\\/cannero-collection\\\/piscines\\\/#breadcrumb\"},\"inLanguage\":\"fr-FR\",\"potentialAction\":[{\"@type\":\"ReadAction\",\"target\":[\"https:\\\/\\\/www.cannerocollection.com\\\/fr\\\/cannero-collection\\\/piscines\\\/\"]}]},{\"@type\":\"ImageObject\",\"inLanguage\":\"fr-FR\",\"@id\":\"https:\\\/\\\/www.cannerocollection.com\\\/fr\\\/cannero-collection\\\/piscines\\\/#primaryimage\",\"url\":\"https:\\\/\\\/www.cannerocollection.com\\\/wp-content\\\/uploads\\\/sites\\\/32\\\/2023\\\/07\\\/cannero_collection_park_hote_italia_piscina_gallery_02-1.jpg\",\"contentUrl\":\"https:\\\/\\\/www.cannerocollection.com\\\/wp-content\\\/uploads\\\/sites\\\/32\\\/2023\\\/07\\\/cannero_collection_park_hote_italia_piscina_gallery_02-1.jpg\",\"width\":1200,\"height\":800,\"caption\":\"it::Piscina Park Hotel Italia| en::Pool Park Hotel Italia|\"},{\"@type\":\"BreadcrumbList\",\"@id\":\"https:\\\/\\\/www.cannerocollection.com\\\/fr\\\/cannero-collection\\\/piscines\\\/#breadcrumb\",\"itemListElement\":[{\"@type\":\"ListItem\",\"position\":1,\"name\":\"Home\",\"item\":\"https:\\\/\\\/www.cannerocollection.com\\\/fr\\\/\"},{\"@type\":\"ListItem\",\"position\":2,\"name\":\"Cannero Collection\",\"item\":\"https:\\\/\\\/www.cannerocollection.com\\\/fr\\\/\"},{\"@type\":\"ListItem\",\"position\":3,\"name\":\"Piscines\"}]},{\"@type\":\"WebSite\",\"@id\":\"https:\\\/\\\/www.cannerocollection.com\\\/fr\\\/#website\",\"url\":\"https:\\\/\\\/www.cannerocollection.com\\\/fr\\\/\",\"name\":\"Cannero Collection\",\"description\":\"\",\"potentialAction\":[{\"@type\":\"SearchAction\",\"target\":{\"@type\":\"EntryPoint\",\"urlTemplate\":\"https:\\\/\\\/www.cannerocollection.com\\\/fr\\\/?s={search_term_string}\"},\"query-input\":{\"@type\":\"PropertyValueSpecification\",\"valueRequired\":true,\"valueName\":\"search_term_string\"}}],\"inLanguage\":\"fr-FR\"}]}<\/script>\n<!-- \/ Yoast SEO plugin. -->","yoast_head_json":{"title":"Piscines &#8211; Cannero Collection &#8211;","description":"Les deux h\u00f4tels disposent d'une piscine avec hydromassage\u00a0: \u00e0 l'h\u00f4tel Cannero, la piscine est construite avec deux profondeurs diff\u00e9rentes et au Park Hotel Italia avec deux zones diff\u00e9rentes\u00a0: une pour la natation et une avec des si\u00e8ges internes pour l'hydromassage. Les zones entourant les deux piscines sont \u00e9quip\u00e9es de transats confortables pour bronzer et se d\u00e9tendre, les serviettes de bain sont fournies gratuitement aux clients, le service de bar est garanti pendant les heures d'ouverture des piscines et les fleurs, agrumes, buissons, escalade des plantes telles que la glycine et le jasmin embellissent les jardins entourant les deux piscines.","robots":{"index":"index","follow":"follow","max-snippet":"max-snippet:-1","max-image-preview":"max-image-preview:large","max-video-preview":"max-video-preview:-1"},"canonical":"https:\/\/www.cannerocollection.com\/fr\/cannero-collection\/piscines\/","og_locale":"fr_FR","og_type":"article","og_title":"Piscines &#8211; Cannero Collection &#8211;","og_description":"Les deux h\u00f4tels disposent d'une piscine avec hydromassage\u00a0: \u00e0 l'h\u00f4tel Cannero, la piscine est construite avec deux profondeurs diff\u00e9rentes et au Park Hotel Italia avec deux zones diff\u00e9rentes\u00a0: une pour la natation et une avec des si\u00e8ges internes pour l'hydromassage. Les zones entourant les deux piscines sont \u00e9quip\u00e9es de transats confortables pour bronzer et se d\u00e9tendre, les serviettes de bain sont fournies gratuitement aux clients, le service de bar est garanti pendant les heures d'ouverture des piscines et les fleurs, agrumes, buissons, escalade des plantes telles que la glycine et le jasmin embellissent les jardins entourant les deux piscines.","og_url":"https:\/\/www.cannerocollection.com\/fr\/cannero-collection\/piscines\/","og_site_name":"Cannero Collection","article_modified_time":"2023-08-17T14:25:52+00:00","og_image":[{"width":1200,"height":800,"url":"https:\/\/www.cannerocollection.com\/wp-content\/uploads\/sites\/32\/2023\/07\/cannero_collection_park_hote_italia_piscina_gallery_02-1.jpg","type":"image\/jpeg"}],"twitter_card":"summary_large_image","twitter_misc":{"Dur\u00e9e de lecture estim\u00e9e":"1 minute"},"schema":{"@context":"https:\/\/schema.org","@graph":[{"@type":"WebPage","@id":"https:\/\/www.cannerocollection.com\/fr\/cannero-collection\/piscines\/","url":"https:\/\/www.cannerocollection.com\/fr\/cannero-collection\/piscines\/","name":"Piscines &#8211; Cannero Collection &#8211;","isPartOf":{"@id":"https:\/\/www.cannerocollection.com\/fr\/#website"},"primaryImageOfPage":{"@id":"https:\/\/www.cannerocollection.com\/fr\/cannero-collection\/piscines\/#primaryimage"},"image":{"@id":"https:\/\/www.cannerocollection.com\/fr\/cannero-collection\/piscines\/#primaryimage"},"thumbnailUrl":"https:\/\/www.cannerocollection.com\/wp-content\/uploads\/sites\/32\/2023\/07\/cannero_collection_park_hote_italia_piscina_gallery_02-1.jpg","datePublished":"2023-08-17T14:24:03+00:00","dateModified":"2023-08-17T14:25:52+00:00","description":"Les deux h\u00f4tels disposent d'une piscine avec hydromassage\u00a0: \u00e0 l'h\u00f4tel Cannero, la piscine est construite avec deux profondeurs diff\u00e9rentes et au Park Hotel Italia avec deux zones diff\u00e9rentes\u00a0: une pour la natation et une avec des si\u00e8ges internes pour l'hydromassage. Les zones entourant les deux piscines sont \u00e9quip\u00e9es de transats confortables pour bronzer et se d\u00e9tendre, les serviettes de bain sont fournies gratuitement aux clients, le service de bar est garanti pendant les heures d'ouverture des piscines et les fleurs, agrumes, buissons, escalade des plantes telles que la glycine et le jasmin embellissent les jardins entourant les deux piscines.","breadcrumb":{"@id":"https:\/\/www.cannerocollection.com\/fr\/cannero-collection\/piscines\/#breadcrumb"},"inLanguage":"fr-FR","potentialAction":[{"@type":"ReadAction","target":["https:\/\/www.cannerocollection.com\/fr\/cannero-collection\/piscines\/"]}]},{"@type":"ImageObject","inLanguage":"fr-FR","@id":"https:\/\/www.cannerocollection.com\/fr\/cannero-collection\/piscines\/#primaryimage","url":"https:\/\/www.cannerocollection.com\/wp-content\/uploads\/sites\/32\/2023\/07\/cannero_collection_park_hote_italia_piscina_gallery_02-1.jpg","contentUrl":"https:\/\/www.cannerocollection.com\/wp-content\/uploads\/sites\/32\/2023\/07\/cannero_collection_park_hote_italia_piscina_gallery_02-1.jpg","width":1200,"height":800,"caption":"it::Piscina Park Hotel Italia| en::Pool Park Hotel Italia|"},{"@type":"BreadcrumbList","@id":"https:\/\/www.cannerocollection.com\/fr\/cannero-collection\/piscines\/#breadcrumb","itemListElement":[{"@type":"ListItem","position":1,"name":"Home","item":"https:\/\/www.cannerocollection.com\/fr\/"},{"@type":"ListItem","position":2,"name":"Cannero Collection","item":"https:\/\/www.cannerocollection.com\/fr\/"},{"@type":"ListItem","position":3,"name":"Piscines"}]},{"@type":"WebSite","@id":"https:\/\/www.cannerocollection.com\/fr\/#website","url":"https:\/\/www.cannerocollection.com\/fr\/","name":"Cannero Collection","description":"","potentialAction":[{"@type":"SearchAction","target":{"@type":"EntryPoint","urlTemplate":"https:\/\/www.cannerocollection.com\/fr\/?s={search_term_string}"},"query-input":{"@type":"PropertyValueSpecification","valueRequired":true,"valueName":"search_term_string"}}],"inLanguage":"fr-FR"}]}},"acf":[],"_links":{"self":[{"href":"https:\/\/www.cannerocollection.com\/fr\/wp-json\/wp\/v2\/pages\/547","targetHints":{"allow":["GET"]}}],"collection":[{"href":"https:\/\/www.cannerocollection.com\/fr\/wp-json\/wp\/v2\/pages"}],"about":[{"href":"https:\/\/www.cannerocollection.com\/fr\/wp-json\/wp\/v2\/types\/page"}],"author":[{"embeddable":true,"href":"https:\/\/www.cannerocollection.com\/fr\/wp-json\/wp\/v2\/users\/26"}],"replies":[{"embeddable":true,"href":"https:\/\/www.cannerocollection.com\/fr\/wp-json\/wp\/v2\/comments?post=547"}],"version-history":[{"count":0,"href":"https:\/\/www.cannerocollection.com\/fr\/wp-json\/wp\/v2\/pages\/547\/revisions"}],"up":[{"embeddable":true,"href":"https:\/\/www.cannerocollection.com\/fr\/wp-json\/wp\/v2\/pages\/415"}],"wp:featuredmedia":[{"embeddable":true,"href":"https:\/\/www.cannerocollection.com\/fr\/wp-json\/wp\/v2\/media\/390"}],"wp:attachment":[{"href":"https:\/\/www.cannerocollection.com\/fr\/wp-json\/wp\/v2\/media?parent=547"}],"curies":[{"name":"wp","href":"https:\/\/api.w.org\/{rel}","templated":true}]}}