{"id":545,"date":"2023-08-17T16:23:54","date_gmt":"2023-08-17T14:23:54","guid":{"rendered":"https:\/\/cannerocollection.ms2.decms.eu\/?page_id=545"},"modified":"2023-08-17T16:26:31","modified_gmt":"2023-08-17T14:26:31","slug":"court-de-tennis","status":"publish","type":"page","link":"https:\/\/www.cannerocollection.com\/fr\/cannero-collection\/court-de-tennis\/","title":{"rendered":"Court de tennis"},"content":{"rendered":"<p>Le court de tennis en terre battue peut \u00eatre r\u00e9serv\u00e9 directement sur le site www.tenniscannero.com ou en contactant les R\u00e9ceptions de l&rsquo;H\u00f4tel Cannero et du Park Hotel Italia. Des raquettes et des balles sont mises gratuitement \u00e0 la disposition des clients. C&rsquo;est certainement un fleuron pour le soin apport\u00e9 au sol d&rsquo;argile rouge, humide, roul\u00e9 et renouvel\u00e9 p\u00e9riodiquement et capable de satisfaire les joueurs les plus experts ainsi que de garantir la s\u00e9curit\u00e9 des joueurs moins experts. Il est situ\u00e9 au centre de la ville, \u00e0 quelques m\u00e8tres du Park Hotel Italia et non loin de l&rsquo;H\u00f4tel Cannero, entour\u00e9 d&rsquo;arbres et de buissons verts rafra\u00eechissants. Il est accessible \u00e0 pied ou \u00e0 v\u00e9lo.<\/p>\n","protected":false},"excerpt":{"rendered":"<p>Le court de tennis en terre battue peut \u00eatre r\u00e9serv\u00e9 directement sur le site www.tenniscannero.com ou en contactant les R\u00e9ceptions de l&rsquo;H\u00f4tel Cannero et du Park Hotel Italia. Des raquettes et des balles sont mises gratuitement \u00e0 la disposition des clients. C&rsquo;est certainement un fleuron pour le soin apport\u00e9 au sol d&rsquo;argile rouge, humide, roul\u00e9 [&hellip;]<\/p>\n","protected":false},"author":26,"featured_media":380,"parent":415,"menu_order":90,"comment_status":"closed","ping_status":"closed","template":"template-single-service.php","meta":{"footnotes":""},"class_list":["post-545","page","type-page","status-publish","has-post-thumbnail","hentry"],"yoast_head":"<!-- This site is optimized with the Yoast SEO plugin v27.3 - https:\/\/yoast.com\/product\/yoast-seo-wordpress\/ -->\n<title>Court de tennis &#8211; Cannero Collection &#8211;<\/title>\n<meta name=\"description\" content=\"Le court de tennis en terre battue peut \u00eatre r\u00e9serv\u00e9 directement sur le site www.tenniscannero.com ou en contactant les R\u00e9ceptions de l&#039;H\u00f4tel Cannero et du Park Hotel Italia. Des raquettes et des balles sont mises gratuitement \u00e0 la disposition des clients\" \/>\n<meta name=\"robots\" content=\"index, follow, max-snippet:-1, max-image-preview:large, max-video-preview:-1\" \/>\n<link rel=\"canonical\" href=\"https:\/\/www.cannerocollection.com\/fr\/cannero-collection\/court-de-tennis\/\" \/>\n<meta property=\"og:locale\" content=\"fr_FR\" \/>\n<meta property=\"og:type\" content=\"article\" \/>\n<meta property=\"og:title\" content=\"Court de tennis &#8211; Cannero Collection &#8211;\" \/>\n<meta property=\"og:description\" content=\"Le court de tennis en terre battue peut \u00eatre r\u00e9serv\u00e9 directement sur le site www.tenniscannero.com ou en contactant les R\u00e9ceptions de l&#039;H\u00f4tel Cannero et du Park Hotel Italia. Des raquettes et des balles sont mises gratuitement \u00e0 la disposition des clients\" \/>\n<meta property=\"og:url\" content=\"https:\/\/www.cannerocollection.com\/fr\/cannero-collection\/court-de-tennis\/\" \/>\n<meta property=\"og:site_name\" content=\"Cannero Collection\" \/>\n<meta property=\"article:modified_time\" content=\"2023-08-17T14:26:31+00:00\" \/>\n<meta property=\"og:image\" content=\"https:\/\/www.cannerocollection.com\/wp-content\/uploads\/sites\/32\/2023\/07\/cannero_collection_tennis_gallery_01-1.jpg\" \/>\n\t<meta property=\"og:image:width\" content=\"1200\" \/>\n\t<meta property=\"og:image:height\" content=\"800\" \/>\n\t<meta property=\"og:image:type\" content=\"image\/jpeg\" \/>\n<meta name=\"twitter:card\" content=\"summary_large_image\" \/>\n<meta name=\"twitter:label1\" content=\"Dur\u00e9e de lecture estim\u00e9e\" \/>\n\t<meta name=\"twitter:data1\" content=\"1 minute\" \/>\n<script type=\"application\/ld+json\" class=\"yoast-schema-graph\">{\"@context\":\"https:\\\/\\\/schema.org\",\"@graph\":[{\"@type\":\"WebPage\",\"@id\":\"https:\\\/\\\/www.cannerocollection.com\\\/fr\\\/cannero-collection\\\/court-de-tennis\\\/\",\"url\":\"https:\\\/\\\/www.cannerocollection.com\\\/fr\\\/cannero-collection\\\/court-de-tennis\\\/\",\"name\":\"Court de tennis &#8211; Cannero Collection &#8211;\",\"isPartOf\":{\"@id\":\"https:\\\/\\\/www.cannerocollection.com\\\/fr\\\/#website\"},\"primaryImageOfPage\":{\"@id\":\"https:\\\/\\\/www.cannerocollection.com\\\/fr\\\/cannero-collection\\\/court-de-tennis\\\/#primaryimage\"},\"image\":{\"@id\":\"https:\\\/\\\/www.cannerocollection.com\\\/fr\\\/cannero-collection\\\/court-de-tennis\\\/#primaryimage\"},\"thumbnailUrl\":\"https:\\\/\\\/www.cannerocollection.com\\\/wp-content\\\/uploads\\\/sites\\\/32\\\/2023\\\/07\\\/cannero_collection_tennis_gallery_01-1.jpg\",\"datePublished\":\"2023-08-17T14:23:54+00:00\",\"dateModified\":\"2023-08-17T14:26:31+00:00\",\"description\":\"Le court de tennis en terre battue peut \u00eatre r\u00e9serv\u00e9 directement sur le site www.tenniscannero.com ou en contactant les R\u00e9ceptions de l'H\u00f4tel Cannero et du Park Hotel Italia. Des raquettes et des balles sont mises gratuitement \u00e0 la disposition des clients\",\"breadcrumb\":{\"@id\":\"https:\\\/\\\/www.cannerocollection.com\\\/fr\\\/cannero-collection\\\/court-de-tennis\\\/#breadcrumb\"},\"inLanguage\":\"fr-FR\",\"potentialAction\":[{\"@type\":\"ReadAction\",\"target\":[\"https:\\\/\\\/www.cannerocollection.com\\\/fr\\\/cannero-collection\\\/court-de-tennis\\\/\"]}]},{\"@type\":\"ImageObject\",\"inLanguage\":\"fr-FR\",\"@id\":\"https:\\\/\\\/www.cannerocollection.com\\\/fr\\\/cannero-collection\\\/court-de-tennis\\\/#primaryimage\",\"url\":\"https:\\\/\\\/www.cannerocollection.com\\\/wp-content\\\/uploads\\\/sites\\\/32\\\/2023\\\/07\\\/cannero_collection_tennis_gallery_01-1.jpg\",\"contentUrl\":\"https:\\\/\\\/www.cannerocollection.com\\\/wp-content\\\/uploads\\\/sites\\\/32\\\/2023\\\/07\\\/cannero_collection_tennis_gallery_01-1.jpg\",\"width\":1200,\"height\":800,\"caption\":\"it::Tennis| en::Tennis|\"},{\"@type\":\"BreadcrumbList\",\"@id\":\"https:\\\/\\\/www.cannerocollection.com\\\/fr\\\/cannero-collection\\\/court-de-tennis\\\/#breadcrumb\",\"itemListElement\":[{\"@type\":\"ListItem\",\"position\":1,\"name\":\"Home\",\"item\":\"https:\\\/\\\/www.cannerocollection.com\\\/fr\\\/\"},{\"@type\":\"ListItem\",\"position\":2,\"name\":\"Cannero Collection\",\"item\":\"https:\\\/\\\/www.cannerocollection.com\\\/fr\\\/\"},{\"@type\":\"ListItem\",\"position\":3,\"name\":\"Court de tennis\"}]},{\"@type\":\"WebSite\",\"@id\":\"https:\\\/\\\/www.cannerocollection.com\\\/fr\\\/#website\",\"url\":\"https:\\\/\\\/www.cannerocollection.com\\\/fr\\\/\",\"name\":\"Cannero Collection\",\"description\":\"\",\"potentialAction\":[{\"@type\":\"SearchAction\",\"target\":{\"@type\":\"EntryPoint\",\"urlTemplate\":\"https:\\\/\\\/www.cannerocollection.com\\\/fr\\\/?s={search_term_string}\"},\"query-input\":{\"@type\":\"PropertyValueSpecification\",\"valueRequired\":true,\"valueName\":\"search_term_string\"}}],\"inLanguage\":\"fr-FR\"}]}<\/script>\n<!-- \/ Yoast SEO plugin. -->","yoast_head_json":{"title":"Court de tennis &#8211; Cannero Collection &#8211;","description":"Le court de tennis en terre battue peut \u00eatre r\u00e9serv\u00e9 directement sur le site www.tenniscannero.com ou en contactant les R\u00e9ceptions de l'H\u00f4tel Cannero et du Park Hotel Italia. Des raquettes et des balles sont mises gratuitement \u00e0 la disposition des clients","robots":{"index":"index","follow":"follow","max-snippet":"max-snippet:-1","max-image-preview":"max-image-preview:large","max-video-preview":"max-video-preview:-1"},"canonical":"https:\/\/www.cannerocollection.com\/fr\/cannero-collection\/court-de-tennis\/","og_locale":"fr_FR","og_type":"article","og_title":"Court de tennis &#8211; Cannero Collection &#8211;","og_description":"Le court de tennis en terre battue peut \u00eatre r\u00e9serv\u00e9 directement sur le site www.tenniscannero.com ou en contactant les R\u00e9ceptions de l'H\u00f4tel Cannero et du Park Hotel Italia. Des raquettes et des balles sont mises gratuitement \u00e0 la disposition des clients","og_url":"https:\/\/www.cannerocollection.com\/fr\/cannero-collection\/court-de-tennis\/","og_site_name":"Cannero Collection","article_modified_time":"2023-08-17T14:26:31+00:00","og_image":[{"width":1200,"height":800,"url":"https:\/\/www.cannerocollection.com\/wp-content\/uploads\/sites\/32\/2023\/07\/cannero_collection_tennis_gallery_01-1.jpg","type":"image\/jpeg"}],"twitter_card":"summary_large_image","twitter_misc":{"Dur\u00e9e de lecture estim\u00e9e":"1 minute"},"schema":{"@context":"https:\/\/schema.org","@graph":[{"@type":"WebPage","@id":"https:\/\/www.cannerocollection.com\/fr\/cannero-collection\/court-de-tennis\/","url":"https:\/\/www.cannerocollection.com\/fr\/cannero-collection\/court-de-tennis\/","name":"Court de tennis &#8211; Cannero Collection &#8211;","isPartOf":{"@id":"https:\/\/www.cannerocollection.com\/fr\/#website"},"primaryImageOfPage":{"@id":"https:\/\/www.cannerocollection.com\/fr\/cannero-collection\/court-de-tennis\/#primaryimage"},"image":{"@id":"https:\/\/www.cannerocollection.com\/fr\/cannero-collection\/court-de-tennis\/#primaryimage"},"thumbnailUrl":"https:\/\/www.cannerocollection.com\/wp-content\/uploads\/sites\/32\/2023\/07\/cannero_collection_tennis_gallery_01-1.jpg","datePublished":"2023-08-17T14:23:54+00:00","dateModified":"2023-08-17T14:26:31+00:00","description":"Le court de tennis en terre battue peut \u00eatre r\u00e9serv\u00e9 directement sur le site www.tenniscannero.com ou en contactant les R\u00e9ceptions de l'H\u00f4tel Cannero et du Park Hotel Italia. Des raquettes et des balles sont mises gratuitement \u00e0 la disposition des clients","breadcrumb":{"@id":"https:\/\/www.cannerocollection.com\/fr\/cannero-collection\/court-de-tennis\/#breadcrumb"},"inLanguage":"fr-FR","potentialAction":[{"@type":"ReadAction","target":["https:\/\/www.cannerocollection.com\/fr\/cannero-collection\/court-de-tennis\/"]}]},{"@type":"ImageObject","inLanguage":"fr-FR","@id":"https:\/\/www.cannerocollection.com\/fr\/cannero-collection\/court-de-tennis\/#primaryimage","url":"https:\/\/www.cannerocollection.com\/wp-content\/uploads\/sites\/32\/2023\/07\/cannero_collection_tennis_gallery_01-1.jpg","contentUrl":"https:\/\/www.cannerocollection.com\/wp-content\/uploads\/sites\/32\/2023\/07\/cannero_collection_tennis_gallery_01-1.jpg","width":1200,"height":800,"caption":"it::Tennis| en::Tennis|"},{"@type":"BreadcrumbList","@id":"https:\/\/www.cannerocollection.com\/fr\/cannero-collection\/court-de-tennis\/#breadcrumb","itemListElement":[{"@type":"ListItem","position":1,"name":"Home","item":"https:\/\/www.cannerocollection.com\/fr\/"},{"@type":"ListItem","position":2,"name":"Cannero Collection","item":"https:\/\/www.cannerocollection.com\/fr\/"},{"@type":"ListItem","position":3,"name":"Court de tennis"}]},{"@type":"WebSite","@id":"https:\/\/www.cannerocollection.com\/fr\/#website","url":"https:\/\/www.cannerocollection.com\/fr\/","name":"Cannero Collection","description":"","potentialAction":[{"@type":"SearchAction","target":{"@type":"EntryPoint","urlTemplate":"https:\/\/www.cannerocollection.com\/fr\/?s={search_term_string}"},"query-input":{"@type":"PropertyValueSpecification","valueRequired":true,"valueName":"search_term_string"}}],"inLanguage":"fr-FR"}]}},"acf":[],"_links":{"self":[{"href":"https:\/\/www.cannerocollection.com\/fr\/wp-json\/wp\/v2\/pages\/545","targetHints":{"allow":["GET"]}}],"collection":[{"href":"https:\/\/www.cannerocollection.com\/fr\/wp-json\/wp\/v2\/pages"}],"about":[{"href":"https:\/\/www.cannerocollection.com\/fr\/wp-json\/wp\/v2\/types\/page"}],"author":[{"embeddable":true,"href":"https:\/\/www.cannerocollection.com\/fr\/wp-json\/wp\/v2\/users\/26"}],"replies":[{"embeddable":true,"href":"https:\/\/www.cannerocollection.com\/fr\/wp-json\/wp\/v2\/comments?post=545"}],"version-history":[{"count":0,"href":"https:\/\/www.cannerocollection.com\/fr\/wp-json\/wp\/v2\/pages\/545\/revisions"}],"up":[{"embeddable":true,"href":"https:\/\/www.cannerocollection.com\/fr\/wp-json\/wp\/v2\/pages\/415"}],"wp:featuredmedia":[{"embeddable":true,"href":"https:\/\/www.cannerocollection.com\/fr\/wp-json\/wp\/v2\/media\/380"}],"wp:attachment":[{"href":"https:\/\/www.cannerocollection.com\/fr\/wp-json\/wp\/v2\/media?parent=545"}],"curies":[{"name":"wp","href":"https:\/\/api.w.org\/{rel}","templated":true}]}}