{"id":543,"date":"2023-08-17T16:23:46","date_gmt":"2023-08-17T14:23:46","guid":{"rendered":"https:\/\/cannerocollection.ms2.decms.eu\/?page_id=543"},"modified":"2023-08-17T16:24:57","modified_gmt":"2023-08-17T14:24:57","slug":"espace-beaute-le-zagare","status":"publish","type":"page","link":"https:\/\/www.cannerocollection.com\/fr\/cannero-collection\/espace-beaute-le-zagare\/","title":{"rendered":"Espace Beaut\u00e9 \u00ab Le Zagare \u00bb"},"content":{"rendered":"<p>Il est situ\u00e9 \u00e0 l&rsquo;int\u00e9rieur du Park Hotel Italia mais est \u00e9galement ouvert aux clients de l&rsquo;H\u00f4tel Cannero. Il propose le parcours SPA avec sauna et bain \u00e0 remous et hammam, douche \u00e9motionnelle et massages, soins de beaut\u00e9. Il est ouvert tous les jours et permet aux clients de passer des heures de d\u00e9tente dans un environnement \u00e9l\u00e9gant et professionnel.<\/p>\n","protected":false},"excerpt":{"rendered":"<p>Il est situ\u00e9 \u00e0 l&rsquo;int\u00e9rieur du Park Hotel Italia mais est \u00e9galement ouvert aux clients de l&rsquo;H\u00f4tel Cannero. Il propose le parcours SPA avec sauna et bain \u00e0 remous et hammam, douche \u00e9motionnelle et massages, soins de beaut\u00e9. Il est ouvert tous les jours et permet aux clients de passer des heures de d\u00e9tente dans [&hellip;]<\/p>\n","protected":false},"author":26,"featured_media":372,"parent":415,"menu_order":70,"comment_status":"closed","ping_status":"closed","template":"template-single-service.php","meta":{"footnotes":""},"class_list":["post-543","page","type-page","status-publish","has-post-thumbnail","hentry"],"yoast_head":"<!-- This site is optimized with the Yoast SEO plugin v27.3 - https:\/\/yoast.com\/product\/yoast-seo-wordpress\/ -->\n<title>Espace Beaut\u00e9 \u00ab Le Zagare \u00bb &#8211; Cannero Collection &#8211;<\/title>\n<meta name=\"description\" content=\"Il est situ\u00e9 \u00e0 l&#039;int\u00e9rieur du Park Hotel Italia mais est \u00e9galement ouvert aux clients de l&#039;H\u00f4tel Cannero. Il propose le parcours SPA avec sauna et bain \u00e0 remous et hammam, douche \u00e9motionnelle et massages, soins de beaut\u00e9\" \/>\n<meta name=\"robots\" content=\"index, follow, max-snippet:-1, max-image-preview:large, max-video-preview:-1\" \/>\n<link rel=\"canonical\" href=\"https:\/\/www.cannerocollection.com\/fr\/cannero-collection\/espace-beaute-le-zagare\/\" \/>\n<meta property=\"og:locale\" content=\"fr_FR\" \/>\n<meta property=\"og:type\" content=\"article\" \/>\n<meta property=\"og:title\" content=\"Espace Beaut\u00e9 \u00ab Le Zagare \u00bb &#8211; Cannero Collection &#8211;\" \/>\n<meta property=\"og:description\" content=\"Il est situ\u00e9 \u00e0 l&#039;int\u00e9rieur du Park Hotel Italia mais est \u00e9galement ouvert aux clients de l&#039;H\u00f4tel Cannero. Il propose le parcours SPA avec sauna et bain \u00e0 remous et hammam, douche \u00e9motionnelle et massages, soins de beaut\u00e9\" \/>\n<meta property=\"og:url\" content=\"https:\/\/www.cannerocollection.com\/fr\/cannero-collection\/espace-beaute-le-zagare\/\" \/>\n<meta property=\"og:site_name\" content=\"Cannero Collection\" \/>\n<meta property=\"article:modified_time\" content=\"2023-08-17T14:24:57+00:00\" \/>\n<meta property=\"og:image\" content=\"https:\/\/www.cannerocollection.com\/wp-content\/uploads\/sites\/32\/2023\/07\/cannero_collection_spa_zagare_gallery_02-1.jpg\" \/>\n\t<meta property=\"og:image:width\" content=\"1200\" \/>\n\t<meta property=\"og:image:height\" content=\"800\" \/>\n\t<meta property=\"og:image:type\" content=\"image\/jpeg\" \/>\n<meta name=\"twitter:card\" content=\"summary_large_image\" \/>\n<script type=\"application\/ld+json\" class=\"yoast-schema-graph\">{\"@context\":\"https:\\\/\\\/schema.org\",\"@graph\":[{\"@type\":\"WebPage\",\"@id\":\"https:\\\/\\\/www.cannerocollection.com\\\/fr\\\/cannero-collection\\\/espace-beaute-le-zagare\\\/\",\"url\":\"https:\\\/\\\/www.cannerocollection.com\\\/fr\\\/cannero-collection\\\/espace-beaute-le-zagare\\\/\",\"name\":\"Espace Beaut\u00e9 \u00ab Le Zagare \u00bb &#8211; Cannero Collection &#8211;\",\"isPartOf\":{\"@id\":\"https:\\\/\\\/www.cannerocollection.com\\\/fr\\\/#website\"},\"primaryImageOfPage\":{\"@id\":\"https:\\\/\\\/www.cannerocollection.com\\\/fr\\\/cannero-collection\\\/espace-beaute-le-zagare\\\/#primaryimage\"},\"image\":{\"@id\":\"https:\\\/\\\/www.cannerocollection.com\\\/fr\\\/cannero-collection\\\/espace-beaute-le-zagare\\\/#primaryimage\"},\"thumbnailUrl\":\"https:\\\/\\\/www.cannerocollection.com\\\/wp-content\\\/uploads\\\/sites\\\/32\\\/2023\\\/07\\\/cannero_collection_spa_zagare_gallery_02-1.jpg\",\"datePublished\":\"2023-08-17T14:23:46+00:00\",\"dateModified\":\"2023-08-17T14:24:57+00:00\",\"description\":\"Il est situ\u00e9 \u00e0 l'int\u00e9rieur du Park Hotel Italia mais est \u00e9galement ouvert aux clients de l'H\u00f4tel Cannero. Il propose le parcours SPA avec sauna et bain \u00e0 remous et hammam, douche \u00e9motionnelle et massages, soins de beaut\u00e9\",\"breadcrumb\":{\"@id\":\"https:\\\/\\\/www.cannerocollection.com\\\/fr\\\/cannero-collection\\\/espace-beaute-le-zagare\\\/#breadcrumb\"},\"inLanguage\":\"fr-FR\",\"potentialAction\":[{\"@type\":\"ReadAction\",\"target\":[\"https:\\\/\\\/www.cannerocollection.com\\\/fr\\\/cannero-collection\\\/espace-beaute-le-zagare\\\/\"]}]},{\"@type\":\"ImageObject\",\"inLanguage\":\"fr-FR\",\"@id\":\"https:\\\/\\\/www.cannerocollection.com\\\/fr\\\/cannero-collection\\\/espace-beaute-le-zagare\\\/#primaryimage\",\"url\":\"https:\\\/\\\/www.cannerocollection.com\\\/wp-content\\\/uploads\\\/sites\\\/32\\\/2023\\\/07\\\/cannero_collection_spa_zagare_gallery_02-1.jpg\",\"contentUrl\":\"https:\\\/\\\/www.cannerocollection.com\\\/wp-content\\\/uploads\\\/sites\\\/32\\\/2023\\\/07\\\/cannero_collection_spa_zagare_gallery_02-1.jpg\",\"width\":1200,\"height\":800},{\"@type\":\"BreadcrumbList\",\"@id\":\"https:\\\/\\\/www.cannerocollection.com\\\/fr\\\/cannero-collection\\\/espace-beaute-le-zagare\\\/#breadcrumb\",\"itemListElement\":[{\"@type\":\"ListItem\",\"position\":1,\"name\":\"Home\",\"item\":\"https:\\\/\\\/www.cannerocollection.com\\\/fr\\\/\"},{\"@type\":\"ListItem\",\"position\":2,\"name\":\"Cannero Collection\",\"item\":\"https:\\\/\\\/www.cannerocollection.com\\\/fr\\\/\"},{\"@type\":\"ListItem\",\"position\":3,\"name\":\"Espace Beaut\u00e9 \u00ab Le Zagare \u00bb\"}]},{\"@type\":\"WebSite\",\"@id\":\"https:\\\/\\\/www.cannerocollection.com\\\/fr\\\/#website\",\"url\":\"https:\\\/\\\/www.cannerocollection.com\\\/fr\\\/\",\"name\":\"Cannero Collection\",\"description\":\"\",\"potentialAction\":[{\"@type\":\"SearchAction\",\"target\":{\"@type\":\"EntryPoint\",\"urlTemplate\":\"https:\\\/\\\/www.cannerocollection.com\\\/fr\\\/?s={search_term_string}\"},\"query-input\":{\"@type\":\"PropertyValueSpecification\",\"valueRequired\":true,\"valueName\":\"search_term_string\"}}],\"inLanguage\":\"fr-FR\"}]}<\/script>\n<!-- \/ Yoast SEO plugin. -->","yoast_head_json":{"title":"Espace Beaut\u00e9 \u00ab Le Zagare \u00bb &#8211; Cannero Collection &#8211;","description":"Il est situ\u00e9 \u00e0 l'int\u00e9rieur du Park Hotel Italia mais est \u00e9galement ouvert aux clients de l'H\u00f4tel Cannero. Il propose le parcours SPA avec sauna et bain \u00e0 remous et hammam, douche \u00e9motionnelle et massages, soins de beaut\u00e9","robots":{"index":"index","follow":"follow","max-snippet":"max-snippet:-1","max-image-preview":"max-image-preview:large","max-video-preview":"max-video-preview:-1"},"canonical":"https:\/\/www.cannerocollection.com\/fr\/cannero-collection\/espace-beaute-le-zagare\/","og_locale":"fr_FR","og_type":"article","og_title":"Espace Beaut\u00e9 \u00ab Le Zagare \u00bb &#8211; Cannero Collection &#8211;","og_description":"Il est situ\u00e9 \u00e0 l'int\u00e9rieur du Park Hotel Italia mais est \u00e9galement ouvert aux clients de l'H\u00f4tel Cannero. Il propose le parcours SPA avec sauna et bain \u00e0 remous et hammam, douche \u00e9motionnelle et massages, soins de beaut\u00e9","og_url":"https:\/\/www.cannerocollection.com\/fr\/cannero-collection\/espace-beaute-le-zagare\/","og_site_name":"Cannero Collection","article_modified_time":"2023-08-17T14:24:57+00:00","og_image":[{"width":1200,"height":800,"url":"https:\/\/www.cannerocollection.com\/wp-content\/uploads\/sites\/32\/2023\/07\/cannero_collection_spa_zagare_gallery_02-1.jpg","type":"image\/jpeg"}],"twitter_card":"summary_large_image","schema":{"@context":"https:\/\/schema.org","@graph":[{"@type":"WebPage","@id":"https:\/\/www.cannerocollection.com\/fr\/cannero-collection\/espace-beaute-le-zagare\/","url":"https:\/\/www.cannerocollection.com\/fr\/cannero-collection\/espace-beaute-le-zagare\/","name":"Espace Beaut\u00e9 \u00ab Le Zagare \u00bb &#8211; Cannero Collection &#8211;","isPartOf":{"@id":"https:\/\/www.cannerocollection.com\/fr\/#website"},"primaryImageOfPage":{"@id":"https:\/\/www.cannerocollection.com\/fr\/cannero-collection\/espace-beaute-le-zagare\/#primaryimage"},"image":{"@id":"https:\/\/www.cannerocollection.com\/fr\/cannero-collection\/espace-beaute-le-zagare\/#primaryimage"},"thumbnailUrl":"https:\/\/www.cannerocollection.com\/wp-content\/uploads\/sites\/32\/2023\/07\/cannero_collection_spa_zagare_gallery_02-1.jpg","datePublished":"2023-08-17T14:23:46+00:00","dateModified":"2023-08-17T14:24:57+00:00","description":"Il est situ\u00e9 \u00e0 l'int\u00e9rieur du Park Hotel Italia mais est \u00e9galement ouvert aux clients de l'H\u00f4tel Cannero. Il propose le parcours SPA avec sauna et bain \u00e0 remous et hammam, douche \u00e9motionnelle et massages, soins de beaut\u00e9","breadcrumb":{"@id":"https:\/\/www.cannerocollection.com\/fr\/cannero-collection\/espace-beaute-le-zagare\/#breadcrumb"},"inLanguage":"fr-FR","potentialAction":[{"@type":"ReadAction","target":["https:\/\/www.cannerocollection.com\/fr\/cannero-collection\/espace-beaute-le-zagare\/"]}]},{"@type":"ImageObject","inLanguage":"fr-FR","@id":"https:\/\/www.cannerocollection.com\/fr\/cannero-collection\/espace-beaute-le-zagare\/#primaryimage","url":"https:\/\/www.cannerocollection.com\/wp-content\/uploads\/sites\/32\/2023\/07\/cannero_collection_spa_zagare_gallery_02-1.jpg","contentUrl":"https:\/\/www.cannerocollection.com\/wp-content\/uploads\/sites\/32\/2023\/07\/cannero_collection_spa_zagare_gallery_02-1.jpg","width":1200,"height":800},{"@type":"BreadcrumbList","@id":"https:\/\/www.cannerocollection.com\/fr\/cannero-collection\/espace-beaute-le-zagare\/#breadcrumb","itemListElement":[{"@type":"ListItem","position":1,"name":"Home","item":"https:\/\/www.cannerocollection.com\/fr\/"},{"@type":"ListItem","position":2,"name":"Cannero Collection","item":"https:\/\/www.cannerocollection.com\/fr\/"},{"@type":"ListItem","position":3,"name":"Espace Beaut\u00e9 \u00ab Le Zagare \u00bb"}]},{"@type":"WebSite","@id":"https:\/\/www.cannerocollection.com\/fr\/#website","url":"https:\/\/www.cannerocollection.com\/fr\/","name":"Cannero Collection","description":"","potentialAction":[{"@type":"SearchAction","target":{"@type":"EntryPoint","urlTemplate":"https:\/\/www.cannerocollection.com\/fr\/?s={search_term_string}"},"query-input":{"@type":"PropertyValueSpecification","valueRequired":true,"valueName":"search_term_string"}}],"inLanguage":"fr-FR"}]}},"acf":[],"_links":{"self":[{"href":"https:\/\/www.cannerocollection.com\/fr\/wp-json\/wp\/v2\/pages\/543","targetHints":{"allow":["GET"]}}],"collection":[{"href":"https:\/\/www.cannerocollection.com\/fr\/wp-json\/wp\/v2\/pages"}],"about":[{"href":"https:\/\/www.cannerocollection.com\/fr\/wp-json\/wp\/v2\/types\/page"}],"author":[{"embeddable":true,"href":"https:\/\/www.cannerocollection.com\/fr\/wp-json\/wp\/v2\/users\/26"}],"replies":[{"embeddable":true,"href":"https:\/\/www.cannerocollection.com\/fr\/wp-json\/wp\/v2\/comments?post=543"}],"version-history":[{"count":0,"href":"https:\/\/www.cannerocollection.com\/fr\/wp-json\/wp\/v2\/pages\/543\/revisions"}],"up":[{"embeddable":true,"href":"https:\/\/www.cannerocollection.com\/fr\/wp-json\/wp\/v2\/pages\/415"}],"wp:featuredmedia":[{"embeddable":true,"href":"https:\/\/www.cannerocollection.com\/fr\/wp-json\/wp\/v2\/media\/372"}],"wp:attachment":[{"href":"https:\/\/www.cannerocollection.com\/fr\/wp-json\/wp\/v2\/media?parent=543"}],"curies":[{"name":"wp","href":"https:\/\/api.w.org\/{rel}","templated":true}]}}