{"id":524,"date":"2023-08-17T16:11:55","date_gmt":"2023-08-17T14:11:55","guid":{"rendered":"https:\/\/cannerocollection.ms2.decms.eu\/?page_id=524"},"modified":"2023-08-18T16:19:16","modified_gmt":"2023-08-18T14:19:16","slug":"i-castelli","status":"publish","type":"page","link":"https:\/\/www.cannerocollection.com\/fr\/cannero-collection\/i-castelli\/","title":{"rendered":"I Castelli"},"content":{"rendered":"<p>\u00c9l\u00e9gant mais avec une atmosph\u00e8re familiale visant \u00e0 mettre \u00e0 l&rsquo;aise les h\u00f4tes de n&rsquo;importe quel pays, il propose des plats de la cuisine italienne traditionnelle qui peuvent \u00e9galement \u00eatre appr\u00e9ci\u00e9s par les h\u00f4tes \u00e9trangers. Les produits \u00e0 transformer sont soigneusement choisis en fonction de leur fra\u00eecheur et de leur qualit\u00e9 et la \u00ab\u00a0Carta\u00a0\u00bb est chang\u00e9e \u00e0 chaque saison.<\/p>\n","protected":false},"excerpt":{"rendered":"<p>\u00c9l\u00e9gant mais avec une atmosph\u00e8re familiale visant \u00e0 mettre \u00e0 l&rsquo;aise les h\u00f4tes de n&rsquo;importe quel pays, il propose des plats de la cuisine italienne traditionnelle qui peuvent \u00e9galement \u00eatre appr\u00e9ci\u00e9s par les h\u00f4tes \u00e9trangers. Les produits \u00e0 transformer sont soigneusement choisis en fonction de leur fra\u00eecheur et de leur qualit\u00e9 et la \u00ab\u00a0Carta\u00a0\u00bb est [&hellip;]<\/p>\n","protected":false},"author":26,"featured_media":360,"parent":415,"menu_order":40,"comment_status":"closed","ping_status":"closed","template":"template-single-restaurant.php","meta":{"footnotes":""},"class_list":["post-524","page","type-page","status-publish","has-post-thumbnail","hentry"],"yoast_head":"<!-- This site is optimized with the Yoast SEO plugin v27.3 - https:\/\/yoast.com\/product\/yoast-seo-wordpress\/ -->\n<title>I Castelli &#8211; Cannero Collection &#8211;<\/title>\n<meta name=\"description\" content=\"\u00c9l\u00e9gant mais avec une atmosph\u00e8re familiale visant \u00e0 mettre \u00e0 l&#039;aise les h\u00f4tes de n&#039;importe quel pays, il propose des plats de la cuisine italienne traditionnelle qui peuvent \u00e9galement \u00eatre appr\u00e9ci\u00e9s par les h\u00f4tes \u00e9trangers. Les produits \u00e0 transformer sont soigneusement choisis en fonction de leur fra\u00eecheur et de leur qualit\u00e9 et la &quot;Carta&quot; est chang\u00e9e \u00e0 chaque saison.\" \/>\n<meta name=\"robots\" content=\"index, follow, max-snippet:-1, max-image-preview:large, max-video-preview:-1\" \/>\n<link rel=\"canonical\" href=\"https:\/\/www.cannerocollection.com\/fr\/cannero-collection\/i-castelli\/\" \/>\n<meta property=\"og:locale\" content=\"fr_FR\" \/>\n<meta property=\"og:type\" content=\"article\" \/>\n<meta property=\"og:title\" content=\"I Castelli &#8211; Cannero Collection &#8211;\" \/>\n<meta property=\"og:description\" content=\"\u00c9l\u00e9gant mais avec une atmosph\u00e8re familiale visant \u00e0 mettre \u00e0 l&#039;aise les h\u00f4tes de n&#039;importe quel pays, il propose des plats de la cuisine italienne traditionnelle qui peuvent \u00e9galement \u00eatre appr\u00e9ci\u00e9s par les h\u00f4tes \u00e9trangers. Les produits \u00e0 transformer sont soigneusement choisis en fonction de leur fra\u00eecheur et de leur qualit\u00e9 et la &quot;Carta&quot; est chang\u00e9e \u00e0 chaque saison.\" \/>\n<meta property=\"og:url\" content=\"https:\/\/www.cannerocollection.com\/fr\/cannero-collection\/i-castelli\/\" \/>\n<meta property=\"og:site_name\" content=\"Cannero Collection\" \/>\n<meta property=\"article:modified_time\" content=\"2023-08-18T14:19:16+00:00\" \/>\n<meta property=\"og:image\" content=\"https:\/\/www.cannerocollection.com\/wp-content\/uploads\/sites\/32\/2023\/07\/cannero_collection_castelli_gallery_01-1.jpg\" \/>\n\t<meta property=\"og:image:width\" content=\"1200\" \/>\n\t<meta property=\"og:image:height\" content=\"800\" \/>\n\t<meta property=\"og:image:type\" content=\"image\/jpeg\" \/>\n<meta name=\"twitter:card\" content=\"summary_large_image\" \/>\n<script type=\"application\/ld+json\" class=\"yoast-schema-graph\">{\"@context\":\"https:\\\/\\\/schema.org\",\"@graph\":[{\"@type\":\"WebPage\",\"@id\":\"https:\\\/\\\/www.cannerocollection.com\\\/fr\\\/cannero-collection\\\/i-castelli\\\/\",\"url\":\"https:\\\/\\\/www.cannerocollection.com\\\/fr\\\/cannero-collection\\\/i-castelli\\\/\",\"name\":\"I Castelli &#8211; Cannero Collection &#8211;\",\"isPartOf\":{\"@id\":\"https:\\\/\\\/www.cannerocollection.com\\\/fr\\\/#website\"},\"primaryImageOfPage\":{\"@id\":\"https:\\\/\\\/www.cannerocollection.com\\\/fr\\\/cannero-collection\\\/i-castelli\\\/#primaryimage\"},\"image\":{\"@id\":\"https:\\\/\\\/www.cannerocollection.com\\\/fr\\\/cannero-collection\\\/i-castelli\\\/#primaryimage\"},\"thumbnailUrl\":\"https:\\\/\\\/www.cannerocollection.com\\\/wp-content\\\/uploads\\\/sites\\\/32\\\/2023\\\/07\\\/cannero_collection_castelli_gallery_01-1.jpg\",\"datePublished\":\"2023-08-17T14:11:55+00:00\",\"dateModified\":\"2023-08-18T14:19:16+00:00\",\"description\":\"\u00c9l\u00e9gant mais avec une atmosph\u00e8re familiale visant \u00e0 mettre \u00e0 l'aise les h\u00f4tes de n'importe quel pays, il propose des plats de la cuisine italienne traditionnelle qui peuvent \u00e9galement \u00eatre appr\u00e9ci\u00e9s par les h\u00f4tes \u00e9trangers. Les produits \u00e0 transformer sont soigneusement choisis en fonction de leur fra\u00eecheur et de leur qualit\u00e9 et la \\\"Carta\\\" est chang\u00e9e \u00e0 chaque saison.\",\"breadcrumb\":{\"@id\":\"https:\\\/\\\/www.cannerocollection.com\\\/fr\\\/cannero-collection\\\/i-castelli\\\/#breadcrumb\"},\"inLanguage\":\"fr-FR\",\"potentialAction\":[{\"@type\":\"ReadAction\",\"target\":[\"https:\\\/\\\/www.cannerocollection.com\\\/fr\\\/cannero-collection\\\/i-castelli\\\/\"]}]},{\"@type\":\"ImageObject\",\"inLanguage\":\"fr-FR\",\"@id\":\"https:\\\/\\\/www.cannerocollection.com\\\/fr\\\/cannero-collection\\\/i-castelli\\\/#primaryimage\",\"url\":\"https:\\\/\\\/www.cannerocollection.com\\\/wp-content\\\/uploads\\\/sites\\\/32\\\/2023\\\/07\\\/cannero_collection_castelli_gallery_01-1.jpg\",\"contentUrl\":\"https:\\\/\\\/www.cannerocollection.com\\\/wp-content\\\/uploads\\\/sites\\\/32\\\/2023\\\/07\\\/cannero_collection_castelli_gallery_01-1.jpg\",\"width\":1200,\"height\":800,\"caption\":\"it::Ristorante I Castelli| en::Restaurant I Castelli|\"},{\"@type\":\"BreadcrumbList\",\"@id\":\"https:\\\/\\\/www.cannerocollection.com\\\/fr\\\/cannero-collection\\\/i-castelli\\\/#breadcrumb\",\"itemListElement\":[{\"@type\":\"ListItem\",\"position\":1,\"name\":\"Home\",\"item\":\"https:\\\/\\\/www.cannerocollection.com\\\/fr\\\/\"},{\"@type\":\"ListItem\",\"position\":2,\"name\":\"Cannero Collection\",\"item\":\"https:\\\/\\\/www.cannerocollection.com\\\/fr\\\/\"},{\"@type\":\"ListItem\",\"position\":3,\"name\":\"I Castelli\"}]},{\"@type\":\"WebSite\",\"@id\":\"https:\\\/\\\/www.cannerocollection.com\\\/fr\\\/#website\",\"url\":\"https:\\\/\\\/www.cannerocollection.com\\\/fr\\\/\",\"name\":\"Cannero Collection\",\"description\":\"\",\"potentialAction\":[{\"@type\":\"SearchAction\",\"target\":{\"@type\":\"EntryPoint\",\"urlTemplate\":\"https:\\\/\\\/www.cannerocollection.com\\\/fr\\\/?s={search_term_string}\"},\"query-input\":{\"@type\":\"PropertyValueSpecification\",\"valueRequired\":true,\"valueName\":\"search_term_string\"}}],\"inLanguage\":\"fr-FR\"}]}<\/script>\n<!-- \/ Yoast SEO plugin. -->","yoast_head_json":{"title":"I Castelli &#8211; Cannero Collection &#8211;","description":"\u00c9l\u00e9gant mais avec une atmosph\u00e8re familiale visant \u00e0 mettre \u00e0 l'aise les h\u00f4tes de n'importe quel pays, il propose des plats de la cuisine italienne traditionnelle qui peuvent \u00e9galement \u00eatre appr\u00e9ci\u00e9s par les h\u00f4tes \u00e9trangers. Les produits \u00e0 transformer sont soigneusement choisis en fonction de leur fra\u00eecheur et de leur qualit\u00e9 et la \"Carta\" est chang\u00e9e \u00e0 chaque saison.","robots":{"index":"index","follow":"follow","max-snippet":"max-snippet:-1","max-image-preview":"max-image-preview:large","max-video-preview":"max-video-preview:-1"},"canonical":"https:\/\/www.cannerocollection.com\/fr\/cannero-collection\/i-castelli\/","og_locale":"fr_FR","og_type":"article","og_title":"I Castelli &#8211; Cannero Collection &#8211;","og_description":"\u00c9l\u00e9gant mais avec une atmosph\u00e8re familiale visant \u00e0 mettre \u00e0 l'aise les h\u00f4tes de n'importe quel pays, il propose des plats de la cuisine italienne traditionnelle qui peuvent \u00e9galement \u00eatre appr\u00e9ci\u00e9s par les h\u00f4tes \u00e9trangers. Les produits \u00e0 transformer sont soigneusement choisis en fonction de leur fra\u00eecheur et de leur qualit\u00e9 et la \"Carta\" est chang\u00e9e \u00e0 chaque saison.","og_url":"https:\/\/www.cannerocollection.com\/fr\/cannero-collection\/i-castelli\/","og_site_name":"Cannero Collection","article_modified_time":"2023-08-18T14:19:16+00:00","og_image":[{"width":1200,"height":800,"url":"https:\/\/www.cannerocollection.com\/wp-content\/uploads\/sites\/32\/2023\/07\/cannero_collection_castelli_gallery_01-1.jpg","type":"image\/jpeg"}],"twitter_card":"summary_large_image","schema":{"@context":"https:\/\/schema.org","@graph":[{"@type":"WebPage","@id":"https:\/\/www.cannerocollection.com\/fr\/cannero-collection\/i-castelli\/","url":"https:\/\/www.cannerocollection.com\/fr\/cannero-collection\/i-castelli\/","name":"I Castelli &#8211; Cannero Collection &#8211;","isPartOf":{"@id":"https:\/\/www.cannerocollection.com\/fr\/#website"},"primaryImageOfPage":{"@id":"https:\/\/www.cannerocollection.com\/fr\/cannero-collection\/i-castelli\/#primaryimage"},"image":{"@id":"https:\/\/www.cannerocollection.com\/fr\/cannero-collection\/i-castelli\/#primaryimage"},"thumbnailUrl":"https:\/\/www.cannerocollection.com\/wp-content\/uploads\/sites\/32\/2023\/07\/cannero_collection_castelli_gallery_01-1.jpg","datePublished":"2023-08-17T14:11:55+00:00","dateModified":"2023-08-18T14:19:16+00:00","description":"\u00c9l\u00e9gant mais avec une atmosph\u00e8re familiale visant \u00e0 mettre \u00e0 l'aise les h\u00f4tes de n'importe quel pays, il propose des plats de la cuisine italienne traditionnelle qui peuvent \u00e9galement \u00eatre appr\u00e9ci\u00e9s par les h\u00f4tes \u00e9trangers. Les produits \u00e0 transformer sont soigneusement choisis en fonction de leur fra\u00eecheur et de leur qualit\u00e9 et la \"Carta\" est chang\u00e9e \u00e0 chaque saison.","breadcrumb":{"@id":"https:\/\/www.cannerocollection.com\/fr\/cannero-collection\/i-castelli\/#breadcrumb"},"inLanguage":"fr-FR","potentialAction":[{"@type":"ReadAction","target":["https:\/\/www.cannerocollection.com\/fr\/cannero-collection\/i-castelli\/"]}]},{"@type":"ImageObject","inLanguage":"fr-FR","@id":"https:\/\/www.cannerocollection.com\/fr\/cannero-collection\/i-castelli\/#primaryimage","url":"https:\/\/www.cannerocollection.com\/wp-content\/uploads\/sites\/32\/2023\/07\/cannero_collection_castelli_gallery_01-1.jpg","contentUrl":"https:\/\/www.cannerocollection.com\/wp-content\/uploads\/sites\/32\/2023\/07\/cannero_collection_castelli_gallery_01-1.jpg","width":1200,"height":800,"caption":"it::Ristorante I Castelli| en::Restaurant I Castelli|"},{"@type":"BreadcrumbList","@id":"https:\/\/www.cannerocollection.com\/fr\/cannero-collection\/i-castelli\/#breadcrumb","itemListElement":[{"@type":"ListItem","position":1,"name":"Home","item":"https:\/\/www.cannerocollection.com\/fr\/"},{"@type":"ListItem","position":2,"name":"Cannero Collection","item":"https:\/\/www.cannerocollection.com\/fr\/"},{"@type":"ListItem","position":3,"name":"I Castelli"}]},{"@type":"WebSite","@id":"https:\/\/www.cannerocollection.com\/fr\/#website","url":"https:\/\/www.cannerocollection.com\/fr\/","name":"Cannero Collection","description":"","potentialAction":[{"@type":"SearchAction","target":{"@type":"EntryPoint","urlTemplate":"https:\/\/www.cannerocollection.com\/fr\/?s={search_term_string}"},"query-input":{"@type":"PropertyValueSpecification","valueRequired":true,"valueName":"search_term_string"}}],"inLanguage":"fr-FR"}]}},"acf":[],"_links":{"self":[{"href":"https:\/\/www.cannerocollection.com\/fr\/wp-json\/wp\/v2\/pages\/524","targetHints":{"allow":["GET"]}}],"collection":[{"href":"https:\/\/www.cannerocollection.com\/fr\/wp-json\/wp\/v2\/pages"}],"about":[{"href":"https:\/\/www.cannerocollection.com\/fr\/wp-json\/wp\/v2\/types\/page"}],"author":[{"embeddable":true,"href":"https:\/\/www.cannerocollection.com\/fr\/wp-json\/wp\/v2\/users\/26"}],"replies":[{"embeddable":true,"href":"https:\/\/www.cannerocollection.com\/fr\/wp-json\/wp\/v2\/comments?post=524"}],"version-history":[{"count":0,"href":"https:\/\/www.cannerocollection.com\/fr\/wp-json\/wp\/v2\/pages\/524\/revisions"}],"up":[{"embeddable":true,"href":"https:\/\/www.cannerocollection.com\/fr\/wp-json\/wp\/v2\/pages\/415"}],"wp:featuredmedia":[{"embeddable":true,"href":"https:\/\/www.cannerocollection.com\/fr\/wp-json\/wp\/v2\/media\/360"}],"wp:attachment":[{"href":"https:\/\/www.cannerocollection.com\/fr\/wp-json\/wp\/v2\/media?parent=524"}],"curies":[{"name":"wp","href":"https:\/\/api.w.org\/{rel}","templated":true}]}}