{"id":520,"date":"2023-08-17T16:10:15","date_gmt":"2023-08-17T14:10:15","guid":{"rendered":"https:\/\/cannerocollection.ms2.decms.eu\/?page_id=520"},"modified":"2023-08-17T16:11:26","modified_gmt":"2023-08-17T14:11:26","slug":"europe","status":"publish","type":"page","link":"https:\/\/www.cannerocollection.com\/fr\/cannero-collection\/europe\/","title":{"rendered":"Europe"},"content":{"rendered":"<p>Informel et accueillant, il propose des plats typiques voire \u00ab\u00a0simples\u00a0\u00bb de la cuisine italienne tels que des p\u00e2tes et du risotto ainsi que de la viande et des poissons du lac. Avec un large choix de desserts \u00ab\u00a0maison\u00a0\u00bb et des options v\u00e9g\u00e9tariennes et v\u00e9g\u00e9taliennes.<\/p>\n","protected":false},"excerpt":{"rendered":"<p>Informel et accueillant, il propose des plats typiques voire \u00ab\u00a0simples\u00a0\u00bb de la cuisine italienne tels que des p\u00e2tes et du risotto ainsi que de la viande et des poissons du lac. Avec un large choix de desserts \u00ab\u00a0maison\u00a0\u00bb et des options v\u00e9g\u00e9tariennes et v\u00e9g\u00e9taliennes.<\/p>\n","protected":false},"author":26,"featured_media":442,"parent":415,"menu_order":50,"comment_status":"closed","ping_status":"closed","template":"template-single-restaurant.php","meta":{"footnotes":""},"class_list":["post-520","page","type-page","status-publish","has-post-thumbnail","hentry"],"yoast_head":"<!-- This site is optimized with the Yoast SEO plugin v27.3 - https:\/\/yoast.com\/product\/yoast-seo-wordpress\/ -->\n<title>Europe &#8211; Cannero Collection &#8211;<\/title>\n<meta name=\"description\" content=\"Informel et accueillant, il propose des plats typiques voire &quot;simples&quot; de la cuisine italienne tels que des p\u00e2tes et du risotto ainsi que de la viande et des poissons du lac. Avec un large choix de desserts &quot;maison&quot; et des options v\u00e9g\u00e9tariennes et v\u00e9g\u00e9taliennes.\" \/>\n<meta name=\"robots\" content=\"index, follow, max-snippet:-1, max-image-preview:large, max-video-preview:-1\" \/>\n<link rel=\"canonical\" href=\"https:\/\/www.cannerocollection.com\/fr\/cannero-collection\/europe\/\" \/>\n<meta property=\"og:locale\" content=\"fr_FR\" \/>\n<meta property=\"og:type\" content=\"article\" \/>\n<meta property=\"og:title\" content=\"Europe &#8211; Cannero Collection &#8211;\" \/>\n<meta property=\"og:description\" content=\"Informel et accueillant, il propose des plats typiques voire &quot;simples&quot; de la cuisine italienne tels que des p\u00e2tes et du risotto ainsi que de la viande et des poissons du lac. Avec un large choix de desserts &quot;maison&quot; et des options v\u00e9g\u00e9tariennes et v\u00e9g\u00e9taliennes.\" \/>\n<meta property=\"og:url\" content=\"https:\/\/www.cannerocollection.com\/fr\/cannero-collection\/europe\/\" \/>\n<meta property=\"og:site_name\" content=\"Cannero Collection\" \/>\n<meta property=\"article:modified_time\" content=\"2023-08-17T14:11:26+00:00\" \/>\n<meta property=\"og:image\" content=\"https:\/\/www.cannerocollection.com\/wp-content\/uploads\/sites\/32\/2023\/08\/cannero_collection_europa_gallery_03.jpg\" \/>\n\t<meta property=\"og:image:width\" content=\"1200\" \/>\n\t<meta property=\"og:image:height\" content=\"800\" \/>\n\t<meta property=\"og:image:type\" content=\"image\/jpeg\" \/>\n<meta name=\"twitter:card\" content=\"summary_large_image\" \/>\n<script type=\"application\/ld+json\" class=\"yoast-schema-graph\">{\"@context\":\"https:\\\/\\\/schema.org\",\"@graph\":[{\"@type\":\"WebPage\",\"@id\":\"https:\\\/\\\/www.cannerocollection.com\\\/fr\\\/cannero-collection\\\/europe\\\/\",\"url\":\"https:\\\/\\\/www.cannerocollection.com\\\/fr\\\/cannero-collection\\\/europe\\\/\",\"name\":\"Europe &#8211; Cannero Collection &#8211;\",\"isPartOf\":{\"@id\":\"https:\\\/\\\/www.cannerocollection.com\\\/fr\\\/#website\"},\"primaryImageOfPage\":{\"@id\":\"https:\\\/\\\/www.cannerocollection.com\\\/fr\\\/cannero-collection\\\/europe\\\/#primaryimage\"},\"image\":{\"@id\":\"https:\\\/\\\/www.cannerocollection.com\\\/fr\\\/cannero-collection\\\/europe\\\/#primaryimage\"},\"thumbnailUrl\":\"https:\\\/\\\/www.cannerocollection.com\\\/wp-content\\\/uploads\\\/sites\\\/32\\\/2023\\\/08\\\/cannero_collection_europa_gallery_03.jpg\",\"datePublished\":\"2023-08-17T14:10:15+00:00\",\"dateModified\":\"2023-08-17T14:11:26+00:00\",\"description\":\"Informel et accueillant, il propose des plats typiques voire \\\"simples\\\" de la cuisine italienne tels que des p\u00e2tes et du risotto ainsi que de la viande et des poissons du lac. Avec un large choix de desserts \\\"maison\\\" et des options v\u00e9g\u00e9tariennes et v\u00e9g\u00e9taliennes.\",\"breadcrumb\":{\"@id\":\"https:\\\/\\\/www.cannerocollection.com\\\/fr\\\/cannero-collection\\\/europe\\\/#breadcrumb\"},\"inLanguage\":\"fr-FR\",\"potentialAction\":[{\"@type\":\"ReadAction\",\"target\":[\"https:\\\/\\\/www.cannerocollection.com\\\/fr\\\/cannero-collection\\\/europe\\\/\"]}]},{\"@type\":\"ImageObject\",\"inLanguage\":\"fr-FR\",\"@id\":\"https:\\\/\\\/www.cannerocollection.com\\\/fr\\\/cannero-collection\\\/europe\\\/#primaryimage\",\"url\":\"https:\\\/\\\/www.cannerocollection.com\\\/wp-content\\\/uploads\\\/sites\\\/32\\\/2023\\\/08\\\/cannero_collection_europa_gallery_03.jpg\",\"contentUrl\":\"https:\\\/\\\/www.cannerocollection.com\\\/wp-content\\\/uploads\\\/sites\\\/32\\\/2023\\\/08\\\/cannero_collection_europa_gallery_03.jpg\",\"width\":1200,\"height\":800,\"caption\":\"it::Ristorante Europa| en::Restaurant Europa|\"},{\"@type\":\"BreadcrumbList\",\"@id\":\"https:\\\/\\\/www.cannerocollection.com\\\/fr\\\/cannero-collection\\\/europe\\\/#breadcrumb\",\"itemListElement\":[{\"@type\":\"ListItem\",\"position\":1,\"name\":\"Home\",\"item\":\"https:\\\/\\\/www.cannerocollection.com\\\/fr\\\/\"},{\"@type\":\"ListItem\",\"position\":2,\"name\":\"Cannero Collection\",\"item\":\"https:\\\/\\\/www.cannerocollection.com\\\/fr\\\/\"},{\"@type\":\"ListItem\",\"position\":3,\"name\":\"Europe\"}]},{\"@type\":\"WebSite\",\"@id\":\"https:\\\/\\\/www.cannerocollection.com\\\/fr\\\/#website\",\"url\":\"https:\\\/\\\/www.cannerocollection.com\\\/fr\\\/\",\"name\":\"Cannero Collection\",\"description\":\"\",\"potentialAction\":[{\"@type\":\"SearchAction\",\"target\":{\"@type\":\"EntryPoint\",\"urlTemplate\":\"https:\\\/\\\/www.cannerocollection.com\\\/fr\\\/?s={search_term_string}\"},\"query-input\":{\"@type\":\"PropertyValueSpecification\",\"valueRequired\":true,\"valueName\":\"search_term_string\"}}],\"inLanguage\":\"fr-FR\"}]}<\/script>\n<!-- \/ Yoast SEO plugin. -->","yoast_head_json":{"title":"Europe &#8211; Cannero Collection &#8211;","description":"Informel et accueillant, il propose des plats typiques voire \"simples\" de la cuisine italienne tels que des p\u00e2tes et du risotto ainsi que de la viande et des poissons du lac. Avec un large choix de desserts \"maison\" et des options v\u00e9g\u00e9tariennes et v\u00e9g\u00e9taliennes.","robots":{"index":"index","follow":"follow","max-snippet":"max-snippet:-1","max-image-preview":"max-image-preview:large","max-video-preview":"max-video-preview:-1"},"canonical":"https:\/\/www.cannerocollection.com\/fr\/cannero-collection\/europe\/","og_locale":"fr_FR","og_type":"article","og_title":"Europe &#8211; Cannero Collection &#8211;","og_description":"Informel et accueillant, il propose des plats typiques voire \"simples\" de la cuisine italienne tels que des p\u00e2tes et du risotto ainsi que de la viande et des poissons du lac. Avec un large choix de desserts \"maison\" et des options v\u00e9g\u00e9tariennes et v\u00e9g\u00e9taliennes.","og_url":"https:\/\/www.cannerocollection.com\/fr\/cannero-collection\/europe\/","og_site_name":"Cannero Collection","article_modified_time":"2023-08-17T14:11:26+00:00","og_image":[{"width":1200,"height":800,"url":"https:\/\/www.cannerocollection.com\/wp-content\/uploads\/sites\/32\/2023\/08\/cannero_collection_europa_gallery_03.jpg","type":"image\/jpeg"}],"twitter_card":"summary_large_image","schema":{"@context":"https:\/\/schema.org","@graph":[{"@type":"WebPage","@id":"https:\/\/www.cannerocollection.com\/fr\/cannero-collection\/europe\/","url":"https:\/\/www.cannerocollection.com\/fr\/cannero-collection\/europe\/","name":"Europe &#8211; Cannero Collection &#8211;","isPartOf":{"@id":"https:\/\/www.cannerocollection.com\/fr\/#website"},"primaryImageOfPage":{"@id":"https:\/\/www.cannerocollection.com\/fr\/cannero-collection\/europe\/#primaryimage"},"image":{"@id":"https:\/\/www.cannerocollection.com\/fr\/cannero-collection\/europe\/#primaryimage"},"thumbnailUrl":"https:\/\/www.cannerocollection.com\/wp-content\/uploads\/sites\/32\/2023\/08\/cannero_collection_europa_gallery_03.jpg","datePublished":"2023-08-17T14:10:15+00:00","dateModified":"2023-08-17T14:11:26+00:00","description":"Informel et accueillant, il propose des plats typiques voire \"simples\" de la cuisine italienne tels que des p\u00e2tes et du risotto ainsi que de la viande et des poissons du lac. Avec un large choix de desserts \"maison\" et des options v\u00e9g\u00e9tariennes et v\u00e9g\u00e9taliennes.","breadcrumb":{"@id":"https:\/\/www.cannerocollection.com\/fr\/cannero-collection\/europe\/#breadcrumb"},"inLanguage":"fr-FR","potentialAction":[{"@type":"ReadAction","target":["https:\/\/www.cannerocollection.com\/fr\/cannero-collection\/europe\/"]}]},{"@type":"ImageObject","inLanguage":"fr-FR","@id":"https:\/\/www.cannerocollection.com\/fr\/cannero-collection\/europe\/#primaryimage","url":"https:\/\/www.cannerocollection.com\/wp-content\/uploads\/sites\/32\/2023\/08\/cannero_collection_europa_gallery_03.jpg","contentUrl":"https:\/\/www.cannerocollection.com\/wp-content\/uploads\/sites\/32\/2023\/08\/cannero_collection_europa_gallery_03.jpg","width":1200,"height":800,"caption":"it::Ristorante Europa| en::Restaurant Europa|"},{"@type":"BreadcrumbList","@id":"https:\/\/www.cannerocollection.com\/fr\/cannero-collection\/europe\/#breadcrumb","itemListElement":[{"@type":"ListItem","position":1,"name":"Home","item":"https:\/\/www.cannerocollection.com\/fr\/"},{"@type":"ListItem","position":2,"name":"Cannero Collection","item":"https:\/\/www.cannerocollection.com\/fr\/"},{"@type":"ListItem","position":3,"name":"Europe"}]},{"@type":"WebSite","@id":"https:\/\/www.cannerocollection.com\/fr\/#website","url":"https:\/\/www.cannerocollection.com\/fr\/","name":"Cannero Collection","description":"","potentialAction":[{"@type":"SearchAction","target":{"@type":"EntryPoint","urlTemplate":"https:\/\/www.cannerocollection.com\/fr\/?s={search_term_string}"},"query-input":{"@type":"PropertyValueSpecification","valueRequired":true,"valueName":"search_term_string"}}],"inLanguage":"fr-FR"}]}},"acf":[],"_links":{"self":[{"href":"https:\/\/www.cannerocollection.com\/fr\/wp-json\/wp\/v2\/pages\/520","targetHints":{"allow":["GET"]}}],"collection":[{"href":"https:\/\/www.cannerocollection.com\/fr\/wp-json\/wp\/v2\/pages"}],"about":[{"href":"https:\/\/www.cannerocollection.com\/fr\/wp-json\/wp\/v2\/types\/page"}],"author":[{"embeddable":true,"href":"https:\/\/www.cannerocollection.com\/fr\/wp-json\/wp\/v2\/users\/26"}],"replies":[{"embeddable":true,"href":"https:\/\/www.cannerocollection.com\/fr\/wp-json\/wp\/v2\/comments?post=520"}],"version-history":[{"count":0,"href":"https:\/\/www.cannerocollection.com\/fr\/wp-json\/wp\/v2\/pages\/520\/revisions"}],"up":[{"embeddable":true,"href":"https:\/\/www.cannerocollection.com\/fr\/wp-json\/wp\/v2\/pages\/415"}],"wp:featuredmedia":[{"embeddable":true,"href":"https:\/\/www.cannerocollection.com\/fr\/wp-json\/wp\/v2\/media\/442"}],"wp:attachment":[{"href":"https:\/\/www.cannerocollection.com\/fr\/wp-json\/wp\/v2\/media?parent=520"}],"curies":[{"name":"wp","href":"https:\/\/api.w.org\/{rel}","templated":true}]}}