{"id":695,"date":"2023-12-14T18:33:46","date_gmt":"2023-12-14T17:33:46","guid":{"rendered":"https:\/\/www.cannerocollection.com\/?page_id=695"},"modified":"2023-12-14T18:39:57","modified_gmt":"2023-12-14T17:39:57","slug":"cannero-collection-store","status":"publish","type":"page","link":"https:\/\/www.cannerocollection.com\/de\/cannero-collection\/cannero-collection-store\/","title":{"rendered":"Cannero Collection Store"},"content":{"rendered":"<p>Cannero Collection Store ist der kleine Online-Shop des Hotel Cannero Lakeside Resort, des Park Hotel Italia und des Europa Restaurants, der vor allem dazu dient, den Kontakt zu unseren G\u00e4sten nach ihrer R\u00fcckkehr in ihre Herkunftsl\u00e4nder aufrechtzuerhalten. Um sich auch noch Monate sp\u00e4ter mit einem kleinen Geschenk f\u00fcr sich selbst oder f\u00fcr Freunde und Familie an einen angenehmen Aufenthalt am Lago Maggiore erinnern zu k\u00f6nnen. Die Produkte sind mit dem Gebiet und unserer Geschichte verbunden.<\/p>\n<p>Der Kauf ist einfach, die Zahlungsmethoden sind unterschiedlich und wir schicken Ihnen gerne ein kleines St\u00fcck Lago direkt zu Ihnen nach Hause, um Sie daran zu erinnern und in Erinnerung zu bleiben.<\/p>\n","protected":false},"excerpt":{"rendered":"<p>Cannero Collection Store ist der kleine Online-Shop des Hotel Cannero Lakeside Resort, des Park Hotel Italia und des Europa Restaurants, der vor allem dazu dient, den Kontakt zu unseren G\u00e4sten nach ihrer R\u00fcckkehr in ihre Herkunftsl\u00e4nder aufrechtzuerhalten. Um sich auch noch Monate sp\u00e4ter mit einem kleinen Geschenk f\u00fcr sich selbst oder f\u00fcr Freunde und Familie [&hellip;]<\/p>\n","protected":false},"author":26,"featured_media":704,"parent":416,"menu_order":65,"comment_status":"closed","ping_status":"closed","template":"template-single-service.php","meta":{"footnotes":""},"class_list":["post-695","page","type-page","status-publish","has-post-thumbnail","hentry"],"yoast_head":"<!-- This site is optimized with the Yoast SEO plugin v27.3 - https:\/\/yoast.com\/product\/yoast-seo-wordpress\/ -->\n<title>Cannero Collection Store &#8211; Cannero Collection &#8211;<\/title>\n<meta name=\"description\" content=\"Cannero Collection Store ist der kleine Online-Shop des Hotel Cannero Lakeside Resort, des Park Hotel Italia und des Europa Restaurants, der vor allem dazu dient, den Kontakt zu unseren G\u00e4sten nach ihrer R\u00fcckkehr in ihre Herkunftsl\u00e4nder aufrechtzuerhalten. Um sich auch noch Monate sp\u00e4ter mit einem kleinen Geschenk f\u00fcr sich selbst oder f\u00fcr Freunde und Familie an einen angenehmen Aufenthalt am Lago Maggiore erinnern zu k\u00f6nnen\" \/>\n<meta name=\"robots\" content=\"index, follow, max-snippet:-1, max-image-preview:large, max-video-preview:-1\" \/>\n<link rel=\"canonical\" href=\"https:\/\/www.cannerocollection.com\/de\/cannero-collection\/cannero-collection-store\/\" \/>\n<meta property=\"og:locale\" content=\"de_DE\" \/>\n<meta property=\"og:type\" content=\"article\" \/>\n<meta property=\"og:title\" content=\"Cannero Collection Store &#8211; Cannero Collection &#8211;\" \/>\n<meta property=\"og:description\" content=\"Cannero Collection Store ist der kleine Online-Shop des Hotel Cannero Lakeside Resort, des Park Hotel Italia und des Europa Restaurants, der vor allem dazu dient, den Kontakt zu unseren G\u00e4sten nach ihrer R\u00fcckkehr in ihre Herkunftsl\u00e4nder aufrechtzuerhalten. Um sich auch noch Monate sp\u00e4ter mit einem kleinen Geschenk f\u00fcr sich selbst oder f\u00fcr Freunde und Familie an einen angenehmen Aufenthalt am Lago Maggiore erinnern zu k\u00f6nnen\" \/>\n<meta property=\"og:url\" content=\"https:\/\/www.cannerocollection.com\/de\/cannero-collection\/cannero-collection-store\/\" \/>\n<meta property=\"og:site_name\" content=\"Cannero Collection\" \/>\n<meta property=\"article:modified_time\" content=\"2023-12-14T17:39:57+00:00\" \/>\n<meta property=\"og:image\" content=\"https:\/\/www.cannerocollection.com\/wp-content\/uploads\/sites\/32\/2023\/08\/cannero_collection_preview_01.jpg\" \/>\n\t<meta property=\"og:image:width\" content=\"1200\" \/>\n\t<meta property=\"og:image:height\" content=\"800\" \/>\n\t<meta property=\"og:image:type\" content=\"image\/jpeg\" \/>\n<meta name=\"twitter:card\" content=\"summary_large_image\" \/>\n<meta name=\"twitter:label1\" content=\"Gesch\u00e4tzte Lesezeit\" \/>\n\t<meta name=\"twitter:data1\" content=\"1 Minute\" \/>\n<script type=\"application\/ld+json\" class=\"yoast-schema-graph\">{\"@context\":\"https:\\\/\\\/schema.org\",\"@graph\":[{\"@type\":\"WebPage\",\"@id\":\"https:\\\/\\\/www.cannerocollection.com\\\/de\\\/cannero-collection\\\/cannero-collection-store\\\/\",\"url\":\"https:\\\/\\\/www.cannerocollection.com\\\/de\\\/cannero-collection\\\/cannero-collection-store\\\/\",\"name\":\"Cannero Collection Store &#8211; Cannero Collection &#8211;\",\"isPartOf\":{\"@id\":\"https:\\\/\\\/www.cannerocollection.com\\\/de\\\/#website\"},\"primaryImageOfPage\":{\"@id\":\"https:\\\/\\\/www.cannerocollection.com\\\/de\\\/cannero-collection\\\/cannero-collection-store\\\/#primaryimage\"},\"image\":{\"@id\":\"https:\\\/\\\/www.cannerocollection.com\\\/de\\\/cannero-collection\\\/cannero-collection-store\\\/#primaryimage\"},\"thumbnailUrl\":\"https:\\\/\\\/www.cannerocollection.com\\\/wp-content\\\/uploads\\\/sites\\\/32\\\/2023\\\/12\\\/apertura_store1200X800.jpg\",\"datePublished\":\"2023-12-14T17:33:46+00:00\",\"dateModified\":\"2023-12-14T17:39:57+00:00\",\"description\":\"Cannero Collection Store ist der kleine Online-Shop des Hotel Cannero Lakeside Resort, des Park Hotel Italia und des Europa Restaurants, der vor allem dazu dient, den Kontakt zu unseren G\u00e4sten nach ihrer R\u00fcckkehr in ihre Herkunftsl\u00e4nder aufrechtzuerhalten. Um sich auch noch Monate sp\u00e4ter mit einem kleinen Geschenk f\u00fcr sich selbst oder f\u00fcr Freunde und Familie an einen angenehmen Aufenthalt am Lago Maggiore erinnern zu k\u00f6nnen\",\"breadcrumb\":{\"@id\":\"https:\\\/\\\/www.cannerocollection.com\\\/de\\\/cannero-collection\\\/cannero-collection-store\\\/#breadcrumb\"},\"inLanguage\":\"de-DE\",\"potentialAction\":[{\"@type\":\"ReadAction\",\"target\":[\"https:\\\/\\\/www.cannerocollection.com\\\/de\\\/cannero-collection\\\/cannero-collection-store\\\/\"]}]},{\"@type\":\"ImageObject\",\"inLanguage\":\"de-DE\",\"@id\":\"https:\\\/\\\/www.cannerocollection.com\\\/de\\\/cannero-collection\\\/cannero-collection-store\\\/#primaryimage\",\"url\":\"https:\\\/\\\/www.cannerocollection.com\\\/wp-content\\\/uploads\\\/sites\\\/32\\\/2023\\\/12\\\/apertura_store1200X800.jpg\",\"contentUrl\":\"https:\\\/\\\/www.cannerocollection.com\\\/wp-content\\\/uploads\\\/sites\\\/32\\\/2023\\\/12\\\/apertura_store1200X800.jpg\",\"width\":1800,\"height\":1200,\"caption\":\"E-commerce Shop Online Homepage Sale Concept\"},{\"@type\":\"BreadcrumbList\",\"@id\":\"https:\\\/\\\/www.cannerocollection.com\\\/de\\\/cannero-collection\\\/cannero-collection-store\\\/#breadcrumb\",\"itemListElement\":[{\"@type\":\"ListItem\",\"position\":1,\"name\":\"Home\",\"item\":\"https:\\\/\\\/www.cannerocollection.com\\\/de\\\/\"},{\"@type\":\"ListItem\",\"position\":2,\"name\":\"Cannero Collection\",\"item\":\"https:\\\/\\\/www.cannerocollection.com\\\/de\\\/\"},{\"@type\":\"ListItem\",\"position\":3,\"name\":\"Cannero Collection Store\"}]},{\"@type\":\"WebSite\",\"@id\":\"https:\\\/\\\/www.cannerocollection.com\\\/de\\\/#website\",\"url\":\"https:\\\/\\\/www.cannerocollection.com\\\/de\\\/\",\"name\":\"Cannero Collection\",\"description\":\"\",\"potentialAction\":[{\"@type\":\"SearchAction\",\"target\":{\"@type\":\"EntryPoint\",\"urlTemplate\":\"https:\\\/\\\/www.cannerocollection.com\\\/de\\\/?s={search_term_string}\"},\"query-input\":{\"@type\":\"PropertyValueSpecification\",\"valueRequired\":true,\"valueName\":\"search_term_string\"}}],\"inLanguage\":\"de-DE\"}]}<\/script>\n<!-- \/ Yoast SEO plugin. -->","yoast_head_json":{"title":"Cannero Collection Store &#8211; Cannero Collection &#8211;","description":"Cannero Collection Store ist der kleine Online-Shop des Hotel Cannero Lakeside Resort, des Park Hotel Italia und des Europa Restaurants, der vor allem dazu dient, den Kontakt zu unseren G\u00e4sten nach ihrer R\u00fcckkehr in ihre Herkunftsl\u00e4nder aufrechtzuerhalten. Um sich auch noch Monate sp\u00e4ter mit einem kleinen Geschenk f\u00fcr sich selbst oder f\u00fcr Freunde und Familie an einen angenehmen Aufenthalt am Lago Maggiore erinnern zu k\u00f6nnen","robots":{"index":"index","follow":"follow","max-snippet":"max-snippet:-1","max-image-preview":"max-image-preview:large","max-video-preview":"max-video-preview:-1"},"canonical":"https:\/\/www.cannerocollection.com\/de\/cannero-collection\/cannero-collection-store\/","og_locale":"de_DE","og_type":"article","og_title":"Cannero Collection Store &#8211; Cannero Collection &#8211;","og_description":"Cannero Collection Store ist der kleine Online-Shop des Hotel Cannero Lakeside Resort, des Park Hotel Italia und des Europa Restaurants, der vor allem dazu dient, den Kontakt zu unseren G\u00e4sten nach ihrer R\u00fcckkehr in ihre Herkunftsl\u00e4nder aufrechtzuerhalten. Um sich auch noch Monate sp\u00e4ter mit einem kleinen Geschenk f\u00fcr sich selbst oder f\u00fcr Freunde und Familie an einen angenehmen Aufenthalt am Lago Maggiore erinnern zu k\u00f6nnen","og_url":"https:\/\/www.cannerocollection.com\/de\/cannero-collection\/cannero-collection-store\/","og_site_name":"Cannero Collection","article_modified_time":"2023-12-14T17:39:57+00:00","og_image":[{"width":1200,"height":800,"url":"https:\/\/www.cannerocollection.com\/wp-content\/uploads\/sites\/32\/2023\/08\/cannero_collection_preview_01.jpg","type":"image\/jpeg"}],"twitter_card":"summary_large_image","twitter_misc":{"Gesch\u00e4tzte Lesezeit":"1 Minute"},"schema":{"@context":"https:\/\/schema.org","@graph":[{"@type":"WebPage","@id":"https:\/\/www.cannerocollection.com\/de\/cannero-collection\/cannero-collection-store\/","url":"https:\/\/www.cannerocollection.com\/de\/cannero-collection\/cannero-collection-store\/","name":"Cannero Collection Store &#8211; Cannero Collection &#8211;","isPartOf":{"@id":"https:\/\/www.cannerocollection.com\/de\/#website"},"primaryImageOfPage":{"@id":"https:\/\/www.cannerocollection.com\/de\/cannero-collection\/cannero-collection-store\/#primaryimage"},"image":{"@id":"https:\/\/www.cannerocollection.com\/de\/cannero-collection\/cannero-collection-store\/#primaryimage"},"thumbnailUrl":"https:\/\/www.cannerocollection.com\/wp-content\/uploads\/sites\/32\/2023\/12\/apertura_store1200X800.jpg","datePublished":"2023-12-14T17:33:46+00:00","dateModified":"2023-12-14T17:39:57+00:00","description":"Cannero Collection Store ist der kleine Online-Shop des Hotel Cannero Lakeside Resort, des Park Hotel Italia und des Europa Restaurants, der vor allem dazu dient, den Kontakt zu unseren G\u00e4sten nach ihrer R\u00fcckkehr in ihre Herkunftsl\u00e4nder aufrechtzuerhalten. Um sich auch noch Monate sp\u00e4ter mit einem kleinen Geschenk f\u00fcr sich selbst oder f\u00fcr Freunde und Familie an einen angenehmen Aufenthalt am Lago Maggiore erinnern zu k\u00f6nnen","breadcrumb":{"@id":"https:\/\/www.cannerocollection.com\/de\/cannero-collection\/cannero-collection-store\/#breadcrumb"},"inLanguage":"de-DE","potentialAction":[{"@type":"ReadAction","target":["https:\/\/www.cannerocollection.com\/de\/cannero-collection\/cannero-collection-store\/"]}]},{"@type":"ImageObject","inLanguage":"de-DE","@id":"https:\/\/www.cannerocollection.com\/de\/cannero-collection\/cannero-collection-store\/#primaryimage","url":"https:\/\/www.cannerocollection.com\/wp-content\/uploads\/sites\/32\/2023\/12\/apertura_store1200X800.jpg","contentUrl":"https:\/\/www.cannerocollection.com\/wp-content\/uploads\/sites\/32\/2023\/12\/apertura_store1200X800.jpg","width":1800,"height":1200,"caption":"E-commerce Shop Online Homepage Sale Concept"},{"@type":"BreadcrumbList","@id":"https:\/\/www.cannerocollection.com\/de\/cannero-collection\/cannero-collection-store\/#breadcrumb","itemListElement":[{"@type":"ListItem","position":1,"name":"Home","item":"https:\/\/www.cannerocollection.com\/de\/"},{"@type":"ListItem","position":2,"name":"Cannero Collection","item":"https:\/\/www.cannerocollection.com\/de\/"},{"@type":"ListItem","position":3,"name":"Cannero Collection Store"}]},{"@type":"WebSite","@id":"https:\/\/www.cannerocollection.com\/de\/#website","url":"https:\/\/www.cannerocollection.com\/de\/","name":"Cannero Collection","description":"","potentialAction":[{"@type":"SearchAction","target":{"@type":"EntryPoint","urlTemplate":"https:\/\/www.cannerocollection.com\/de\/?s={search_term_string}"},"query-input":{"@type":"PropertyValueSpecification","valueRequired":true,"valueName":"search_term_string"}}],"inLanguage":"de-DE"}]}},"acf":[],"_links":{"self":[{"href":"https:\/\/www.cannerocollection.com\/de\/wp-json\/wp\/v2\/pages\/695","targetHints":{"allow":["GET"]}}],"collection":[{"href":"https:\/\/www.cannerocollection.com\/de\/wp-json\/wp\/v2\/pages"}],"about":[{"href":"https:\/\/www.cannerocollection.com\/de\/wp-json\/wp\/v2\/types\/page"}],"author":[{"embeddable":true,"href":"https:\/\/www.cannerocollection.com\/de\/wp-json\/wp\/v2\/users\/26"}],"replies":[{"embeddable":true,"href":"https:\/\/www.cannerocollection.com\/de\/wp-json\/wp\/v2\/comments?post=695"}],"version-history":[{"count":0,"href":"https:\/\/www.cannerocollection.com\/de\/wp-json\/wp\/v2\/pages\/695\/revisions"}],"up":[{"embeddable":true,"href":"https:\/\/www.cannerocollection.com\/de\/wp-json\/wp\/v2\/pages\/416"}],"wp:featuredmedia":[{"embeddable":true,"href":"https:\/\/www.cannerocollection.com\/de\/wp-json\/wp\/v2\/media\/704"}],"wp:attachment":[{"href":"https:\/\/www.cannerocollection.com\/de\/wp-json\/wp\/v2\/media?parent=695"}],"curies":[{"name":"wp","href":"https:\/\/api.w.org\/{rel}","templated":true}]}}