{"id":561,"date":"2023-08-17T16:31:13","date_gmt":"2023-08-17T14:31:13","guid":{"rendered":"https:\/\/cannerocollection.ms2.decms.eu\/?page_id=561"},"modified":"2023-08-17T16:31:43","modified_gmt":"2023-08-17T14:31:43","slug":"kaffee-bar","status":"publish","type":"page","link":"https:\/\/www.cannerocollection.com\/de\/cannero-collection\/kaffee-bar\/","title":{"rendered":"Kaffee Bar"},"content":{"rendered":"<p>Das Cannero Hotel verf\u00fcgt \u00fcber eine Kaffeebar im Erdgeschoss der Casa del Barone di Sant&#8217;Agabio mit einem Innenraum, einer Terrasse mit Blick auf den See und einem Innenhof, der vom Schwall des runden Brunnens belebt wird. Die Kaffeebar \u201eLe Vele\u201c bietet Cocktails, Snacks, Eis, Kuchen und Getr\u00e4nke aus der Cafeteria. Es ist jeden Tag und den ganzen Tag ge\u00f6ffnet. Es besteht die M\u00f6glichkeit, Aperitifs und Veranstaltungen im Freien mit direktem Kontakt zum See und Blick auf seine gr\u00fcnen Ufer zu organisieren.<\/p>\n<p>Die Bar \u201eJacaranda\u201c befindet sich hingegen im Park Hotel Italia im Innenbereich und auf der Terrasse mit Blick auf den See. Es bietet Aperitifs mit Cocktails und Snacks sowohl f\u00fcr Einzelg\u00e4ste als auch f\u00fcr Teilnehmer an Veranstaltungen oder Tagungen, die oft im Gr\u00fcnbereich rund um den Pool organisiert werden. Nat\u00fcrlich ist es jederzeit m\u00f6glich, einen Kaffee oder Cappuccino nach \u201eitalienischer Art\u201c mit hausgemachten Desserts und Kuchen zu genie\u00dfen.<\/p>\n<p>Das Europa Restaurant bietet auch Barservice im Innenbereich, auf der Terrasse mit Blick auf den See oder im Innenhof des alten Brunnens. Besonders sind die Eissorten und die gro\u00dfe Auswahl an hausgemachten Kuchen und Desserts. Es ist auch m\u00f6glich, das Fr\u00fchst\u00fcck mit dem Panorama der aufgehenden Sonne und erfrischt von der Morgenbrise zu genie\u00dfen.<\/p>\n","protected":false},"excerpt":{"rendered":"<p>Das Cannero Hotel verf\u00fcgt \u00fcber eine Kaffeebar im Erdgeschoss der Casa del Barone di Sant&#8217;Agabio mit einem Innenraum, einer Terrasse mit Blick auf den See und einem Innenhof, der vom Schwall des runden Brunnens belebt wird. Die Kaffeebar \u201eLe Vele\u201c bietet Cocktails, Snacks, Eis, Kuchen und Getr\u00e4nke aus der Cafeteria. Es ist jeden Tag und [&hellip;]<\/p>\n","protected":false},"author":26,"featured_media":771,"parent":416,"menu_order":140,"comment_status":"closed","ping_status":"closed","template":"template-single-service.php","meta":{"footnotes":""},"class_list":["post-561","page","type-page","status-publish","has-post-thumbnail","hentry"],"yoast_head":"<!-- This site is optimized with the Yoast SEO plugin v27.3 - https:\/\/yoast.com\/product\/yoast-seo-wordpress\/ -->\n<title>Kaffee Bar &#8211; Cannero Collection &#8211;<\/title>\n<meta name=\"description\" content=\"Das Cannero Hotel verf\u00fcgt \u00fcber eine Kaffeebar im Erdgeschoss der Casa del Barone di Sant&#039;Agabio mit einem Innenraum, einer Terrasse mit Blick auf den See und einem Innenhof, der vom Schwall des runden Brunnens belebt wird. Die Kaffeebar \u201eLe Vele\u201c bietet Cocktails, Snacks, Eis, Kuchen und Getr\u00e4nke aus der Cafeteria\" \/>\n<meta name=\"robots\" content=\"index, follow, max-snippet:-1, max-image-preview:large, max-video-preview:-1\" \/>\n<link rel=\"canonical\" href=\"https:\/\/www.cannerocollection.com\/de\/cannero-collection\/kaffee-bar\/\" \/>\n<meta property=\"og:locale\" content=\"de_DE\" \/>\n<meta property=\"og:type\" content=\"article\" \/>\n<meta property=\"og:title\" content=\"Kaffee Bar &#8211; Cannero Collection &#8211;\" \/>\n<meta property=\"og:description\" content=\"Das Cannero Hotel verf\u00fcgt \u00fcber eine Kaffeebar im Erdgeschoss der Casa del Barone di Sant&#039;Agabio mit einem Innenraum, einer Terrasse mit Blick auf den See und einem Innenhof, der vom Schwall des runden Brunnens belebt wird. Die Kaffeebar \u201eLe Vele\u201c bietet Cocktails, Snacks, Eis, Kuchen und Getr\u00e4nke aus der Cafeteria\" \/>\n<meta property=\"og:url\" content=\"https:\/\/www.cannerocollection.com\/de\/cannero-collection\/kaffee-bar\/\" \/>\n<meta property=\"og:site_name\" content=\"Cannero Collection\" \/>\n<meta property=\"article:modified_time\" content=\"2023-08-17T14:31:43+00:00\" \/>\n<meta property=\"og:image\" content=\"https:\/\/www.cannerocollection.com\/wp-content\/uploads\/sites\/32\/2023\/07\/cannero_collection_cannero_bar_gallery_01.jpg\" \/>\n\t<meta property=\"og:image:width\" content=\"1200\" \/>\n\t<meta property=\"og:image:height\" content=\"800\" \/>\n\t<meta property=\"og:image:type\" content=\"image\/jpeg\" \/>\n<meta name=\"twitter:card\" content=\"summary_large_image\" \/>\n<meta name=\"twitter:label1\" content=\"Gesch\u00e4tzte Lesezeit\" \/>\n\t<meta name=\"twitter:data1\" content=\"1 Minute\" \/>\n<script type=\"application\/ld+json\" class=\"yoast-schema-graph\">{\"@context\":\"https:\\\/\\\/schema.org\",\"@graph\":[{\"@type\":\"WebPage\",\"@id\":\"https:\\\/\\\/www.cannerocollection.com\\\/de\\\/cannero-collection\\\/kaffee-bar\\\/\",\"url\":\"https:\\\/\\\/www.cannerocollection.com\\\/de\\\/cannero-collection\\\/kaffee-bar\\\/\",\"name\":\"Kaffee Bar &#8211; Cannero Collection &#8211;\",\"isPartOf\":{\"@id\":\"https:\\\/\\\/www.cannerocollection.com\\\/de\\\/#website\"},\"primaryImageOfPage\":{\"@id\":\"https:\\\/\\\/www.cannerocollection.com\\\/de\\\/cannero-collection\\\/kaffee-bar\\\/#primaryimage\"},\"image\":{\"@id\":\"https:\\\/\\\/www.cannerocollection.com\\\/de\\\/cannero-collection\\\/kaffee-bar\\\/#primaryimage\"},\"thumbnailUrl\":\"https:\\\/\\\/www.cannerocollection.com\\\/wp-content\\\/uploads\\\/sites\\\/32\\\/2024\\\/05\\\/cannero_barlevele_2200x1200_02.jpg\",\"datePublished\":\"2023-08-17T14:31:13+00:00\",\"dateModified\":\"2023-08-17T14:31:43+00:00\",\"description\":\"Das Cannero Hotel verf\u00fcgt \u00fcber eine Kaffeebar im Erdgeschoss der Casa del Barone di Sant'Agabio mit einem Innenraum, einer Terrasse mit Blick auf den See und einem Innenhof, der vom Schwall des runden Brunnens belebt wird. Die Kaffeebar \u201eLe Vele\u201c bietet Cocktails, Snacks, Eis, Kuchen und Getr\u00e4nke aus der Cafeteria\",\"breadcrumb\":{\"@id\":\"https:\\\/\\\/www.cannerocollection.com\\\/de\\\/cannero-collection\\\/kaffee-bar\\\/#breadcrumb\"},\"inLanguage\":\"de-DE\",\"potentialAction\":[{\"@type\":\"ReadAction\",\"target\":[\"https:\\\/\\\/www.cannerocollection.com\\\/de\\\/cannero-collection\\\/kaffee-bar\\\/\"]}]},{\"@type\":\"ImageObject\",\"inLanguage\":\"de-DE\",\"@id\":\"https:\\\/\\\/www.cannerocollection.com\\\/de\\\/cannero-collection\\\/kaffee-bar\\\/#primaryimage\",\"url\":\"https:\\\/\\\/www.cannerocollection.com\\\/wp-content\\\/uploads\\\/sites\\\/32\\\/2024\\\/05\\\/cannero_barlevele_2200x1200_02.jpg\",\"contentUrl\":\"https:\\\/\\\/www.cannerocollection.com\\\/wp-content\\\/uploads\\\/sites\\\/32\\\/2024\\\/05\\\/cannero_barlevele_2200x1200_02.jpg\",\"width\":2200,\"height\":1200},{\"@type\":\"BreadcrumbList\",\"@id\":\"https:\\\/\\\/www.cannerocollection.com\\\/de\\\/cannero-collection\\\/kaffee-bar\\\/#breadcrumb\",\"itemListElement\":[{\"@type\":\"ListItem\",\"position\":1,\"name\":\"Home\",\"item\":\"https:\\\/\\\/www.cannerocollection.com\\\/de\\\/\"},{\"@type\":\"ListItem\",\"position\":2,\"name\":\"Cannero Collection\",\"item\":\"https:\\\/\\\/www.cannerocollection.com\\\/de\\\/\"},{\"@type\":\"ListItem\",\"position\":3,\"name\":\"Kaffee Bar\"}]},{\"@type\":\"WebSite\",\"@id\":\"https:\\\/\\\/www.cannerocollection.com\\\/de\\\/#website\",\"url\":\"https:\\\/\\\/www.cannerocollection.com\\\/de\\\/\",\"name\":\"Cannero Collection\",\"description\":\"\",\"potentialAction\":[{\"@type\":\"SearchAction\",\"target\":{\"@type\":\"EntryPoint\",\"urlTemplate\":\"https:\\\/\\\/www.cannerocollection.com\\\/de\\\/?s={search_term_string}\"},\"query-input\":{\"@type\":\"PropertyValueSpecification\",\"valueRequired\":true,\"valueName\":\"search_term_string\"}}],\"inLanguage\":\"de-DE\"}]}<\/script>\n<!-- \/ Yoast SEO plugin. -->","yoast_head_json":{"title":"Kaffee Bar &#8211; Cannero Collection &#8211;","description":"Das Cannero Hotel verf\u00fcgt \u00fcber eine Kaffeebar im Erdgeschoss der Casa del Barone di Sant'Agabio mit einem Innenraum, einer Terrasse mit Blick auf den See und einem Innenhof, der vom Schwall des runden Brunnens belebt wird. Die Kaffeebar \u201eLe Vele\u201c bietet Cocktails, Snacks, Eis, Kuchen und Getr\u00e4nke aus der Cafeteria","robots":{"index":"index","follow":"follow","max-snippet":"max-snippet:-1","max-image-preview":"max-image-preview:large","max-video-preview":"max-video-preview:-1"},"canonical":"https:\/\/www.cannerocollection.com\/de\/cannero-collection\/kaffee-bar\/","og_locale":"de_DE","og_type":"article","og_title":"Kaffee Bar &#8211; Cannero Collection &#8211;","og_description":"Das Cannero Hotel verf\u00fcgt \u00fcber eine Kaffeebar im Erdgeschoss der Casa del Barone di Sant'Agabio mit einem Innenraum, einer Terrasse mit Blick auf den See und einem Innenhof, der vom Schwall des runden Brunnens belebt wird. Die Kaffeebar \u201eLe Vele\u201c bietet Cocktails, Snacks, Eis, Kuchen und Getr\u00e4nke aus der Cafeteria","og_url":"https:\/\/www.cannerocollection.com\/de\/cannero-collection\/kaffee-bar\/","og_site_name":"Cannero Collection","article_modified_time":"2023-08-17T14:31:43+00:00","og_image":[{"width":1200,"height":800,"url":"https:\/\/www.cannerocollection.com\/wp-content\/uploads\/sites\/32\/2023\/07\/cannero_collection_cannero_bar_gallery_01.jpg","type":"image\/jpeg"}],"twitter_card":"summary_large_image","twitter_misc":{"Gesch\u00e4tzte Lesezeit":"1 Minute"},"schema":{"@context":"https:\/\/schema.org","@graph":[{"@type":"WebPage","@id":"https:\/\/www.cannerocollection.com\/de\/cannero-collection\/kaffee-bar\/","url":"https:\/\/www.cannerocollection.com\/de\/cannero-collection\/kaffee-bar\/","name":"Kaffee Bar &#8211; Cannero Collection &#8211;","isPartOf":{"@id":"https:\/\/www.cannerocollection.com\/de\/#website"},"primaryImageOfPage":{"@id":"https:\/\/www.cannerocollection.com\/de\/cannero-collection\/kaffee-bar\/#primaryimage"},"image":{"@id":"https:\/\/www.cannerocollection.com\/de\/cannero-collection\/kaffee-bar\/#primaryimage"},"thumbnailUrl":"https:\/\/www.cannerocollection.com\/wp-content\/uploads\/sites\/32\/2024\/05\/cannero_barlevele_2200x1200_02.jpg","datePublished":"2023-08-17T14:31:13+00:00","dateModified":"2023-08-17T14:31:43+00:00","description":"Das Cannero Hotel verf\u00fcgt \u00fcber eine Kaffeebar im Erdgeschoss der Casa del Barone di Sant'Agabio mit einem Innenraum, einer Terrasse mit Blick auf den See und einem Innenhof, der vom Schwall des runden Brunnens belebt wird. Die Kaffeebar \u201eLe Vele\u201c bietet Cocktails, Snacks, Eis, Kuchen und Getr\u00e4nke aus der Cafeteria","breadcrumb":{"@id":"https:\/\/www.cannerocollection.com\/de\/cannero-collection\/kaffee-bar\/#breadcrumb"},"inLanguage":"de-DE","potentialAction":[{"@type":"ReadAction","target":["https:\/\/www.cannerocollection.com\/de\/cannero-collection\/kaffee-bar\/"]}]},{"@type":"ImageObject","inLanguage":"de-DE","@id":"https:\/\/www.cannerocollection.com\/de\/cannero-collection\/kaffee-bar\/#primaryimage","url":"https:\/\/www.cannerocollection.com\/wp-content\/uploads\/sites\/32\/2024\/05\/cannero_barlevele_2200x1200_02.jpg","contentUrl":"https:\/\/www.cannerocollection.com\/wp-content\/uploads\/sites\/32\/2024\/05\/cannero_barlevele_2200x1200_02.jpg","width":2200,"height":1200},{"@type":"BreadcrumbList","@id":"https:\/\/www.cannerocollection.com\/de\/cannero-collection\/kaffee-bar\/#breadcrumb","itemListElement":[{"@type":"ListItem","position":1,"name":"Home","item":"https:\/\/www.cannerocollection.com\/de\/"},{"@type":"ListItem","position":2,"name":"Cannero Collection","item":"https:\/\/www.cannerocollection.com\/de\/"},{"@type":"ListItem","position":3,"name":"Kaffee Bar"}]},{"@type":"WebSite","@id":"https:\/\/www.cannerocollection.com\/de\/#website","url":"https:\/\/www.cannerocollection.com\/de\/","name":"Cannero Collection","description":"","potentialAction":[{"@type":"SearchAction","target":{"@type":"EntryPoint","urlTemplate":"https:\/\/www.cannerocollection.com\/de\/?s={search_term_string}"},"query-input":{"@type":"PropertyValueSpecification","valueRequired":true,"valueName":"search_term_string"}}],"inLanguage":"de-DE"}]}},"acf":[],"_links":{"self":[{"href":"https:\/\/www.cannerocollection.com\/de\/wp-json\/wp\/v2\/pages\/561","targetHints":{"allow":["GET"]}}],"collection":[{"href":"https:\/\/www.cannerocollection.com\/de\/wp-json\/wp\/v2\/pages"}],"about":[{"href":"https:\/\/www.cannerocollection.com\/de\/wp-json\/wp\/v2\/types\/page"}],"author":[{"embeddable":true,"href":"https:\/\/www.cannerocollection.com\/de\/wp-json\/wp\/v2\/users\/26"}],"replies":[{"embeddable":true,"href":"https:\/\/www.cannerocollection.com\/de\/wp-json\/wp\/v2\/comments?post=561"}],"version-history":[{"count":0,"href":"https:\/\/www.cannerocollection.com\/de\/wp-json\/wp\/v2\/pages\/561\/revisions"}],"up":[{"embeddable":true,"href":"https:\/\/www.cannerocollection.com\/de\/wp-json\/wp\/v2\/pages\/416"}],"wp:featuredmedia":[{"embeddable":true,"href":"https:\/\/www.cannerocollection.com\/de\/wp-json\/wp\/v2\/media\/771"}],"wp:attachment":[{"href":"https:\/\/www.cannerocollection.com\/de\/wp-json\/wp\/v2\/media?parent=561"}],"curies":[{"name":"wp","href":"https:\/\/api.w.org\/{rel}","templated":true}]}}