{"id":560,"date":"2023-08-17T16:31:09","date_gmt":"2023-08-17T14:31:09","guid":{"rendered":"https:\/\/cannerocollection.ms2.decms.eu\/?page_id=560"},"modified":"2023-08-17T16:31:34","modified_gmt":"2023-08-17T14:31:34","slug":"keller","status":"publish","type":"page","link":"https:\/\/www.cannerocollection.com\/de\/cannero-collection\/keller\/","title":{"rendered":"Keller"},"content":{"rendered":"<p>Im Cannero Hotel, im alten Keller des Klosters, werden Verkostungen lokaler und italienischer Weine angeboten, begleitet von kleinen Kostproben von hausgemachtem Brot und regionalem K\u00e4se, mit Erkl\u00e4rungen eines erfahrenen Sommeliers. F\u00fcr G\u00e4ste ist der Keller sechs Tage die Woche nachmittags von 16.30 bis 18.00 Uhr ge\u00f6ffnet. Auf Anfrage k\u00f6nnen auch Veranstaltungen f\u00fcr kleine Gruppen organisiert werden. Der Keller steht allen G\u00e4sten der Cannero Collection offen.<\/p>\n","protected":false},"excerpt":{"rendered":"<p>Im Cannero Hotel, im alten Keller des Klosters, werden Verkostungen lokaler und italienischer Weine angeboten, begleitet von kleinen Kostproben von hausgemachtem Brot und regionalem K\u00e4se, mit Erkl\u00e4rungen eines erfahrenen Sommeliers. F\u00fcr G\u00e4ste ist der Keller sechs Tage die Woche nachmittags von 16.30 bis 18.00 Uhr ge\u00f6ffnet. Auf Anfrage k\u00f6nnen auch Veranstaltungen f\u00fcr kleine Gruppen organisiert [&hellip;]<\/p>\n","protected":false},"author":26,"featured_media":401,"parent":416,"menu_order":130,"comment_status":"closed","ping_status":"closed","template":"template-single-service.php","meta":{"footnotes":""},"class_list":["post-560","page","type-page","status-publish","has-post-thumbnail","hentry"],"yoast_head":"<!-- This site is optimized with the Yoast SEO plugin v27.3 - https:\/\/yoast.com\/product\/yoast-seo-wordpress\/ -->\n<title>Keller &#8211; Cannero Collection &#8211;<\/title>\n<meta name=\"description\" content=\"Im Cannero Hotel, im alten Keller des Klosters, werden Verkostungen lokaler und italienischer Weine angeboten, begleitet von kleinen Kostproben von hausgemachtem Brot und regionalem K\u00e4se, mit Erkl\u00e4rungen eines erfahrenen Sommeliers. F\u00fcr G\u00e4ste ist der Keller sechs Tage die Woche nachmittags von 16.30 bis 18.00 Uhr ge\u00f6ffnet\" \/>\n<meta name=\"robots\" content=\"index, follow, max-snippet:-1, max-image-preview:large, max-video-preview:-1\" \/>\n<link rel=\"canonical\" href=\"https:\/\/www.cannerocollection.com\/de\/cannero-collection\/keller\/\" \/>\n<meta property=\"og:locale\" content=\"de_DE\" \/>\n<meta property=\"og:type\" content=\"article\" \/>\n<meta property=\"og:title\" content=\"Keller &#8211; Cannero Collection &#8211;\" \/>\n<meta property=\"og:description\" content=\"Im Cannero Hotel, im alten Keller des Klosters, werden Verkostungen lokaler und italienischer Weine angeboten, begleitet von kleinen Kostproben von hausgemachtem Brot und regionalem K\u00e4se, mit Erkl\u00e4rungen eines erfahrenen Sommeliers. F\u00fcr G\u00e4ste ist der Keller sechs Tage die Woche nachmittags von 16.30 bis 18.00 Uhr ge\u00f6ffnet\" \/>\n<meta property=\"og:url\" content=\"https:\/\/www.cannerocollection.com\/de\/cannero-collection\/keller\/\" \/>\n<meta property=\"og:site_name\" content=\"Cannero Collection\" \/>\n<meta property=\"article:modified_time\" content=\"2023-08-17T14:31:34+00:00\" \/>\n<meta property=\"og:image\" content=\"https:\/\/www.cannerocollection.com\/wp-content\/uploads\/sites\/32\/2023\/07\/cannero_collection_cantina_gallery_02.jpg\" \/>\n\t<meta property=\"og:image:width\" content=\"1200\" \/>\n\t<meta property=\"og:image:height\" content=\"800\" \/>\n\t<meta property=\"og:image:type\" content=\"image\/jpeg\" \/>\n<meta name=\"twitter:card\" content=\"summary_large_image\" \/>\n<script type=\"application\/ld+json\" class=\"yoast-schema-graph\">{\"@context\":\"https:\\\/\\\/schema.org\",\"@graph\":[{\"@type\":\"WebPage\",\"@id\":\"https:\\\/\\\/www.cannerocollection.com\\\/de\\\/cannero-collection\\\/keller\\\/\",\"url\":\"https:\\\/\\\/www.cannerocollection.com\\\/de\\\/cannero-collection\\\/keller\\\/\",\"name\":\"Keller &#8211; Cannero Collection &#8211;\",\"isPartOf\":{\"@id\":\"https:\\\/\\\/www.cannerocollection.com\\\/de\\\/#website\"},\"primaryImageOfPage\":{\"@id\":\"https:\\\/\\\/www.cannerocollection.com\\\/de\\\/cannero-collection\\\/keller\\\/#primaryimage\"},\"image\":{\"@id\":\"https:\\\/\\\/www.cannerocollection.com\\\/de\\\/cannero-collection\\\/keller\\\/#primaryimage\"},\"thumbnailUrl\":\"https:\\\/\\\/www.cannerocollection.com\\\/wp-content\\\/uploads\\\/sites\\\/32\\\/2023\\\/07\\\/cannero_collection_cantina_gallery_02.jpg\",\"datePublished\":\"2023-08-17T14:31:09+00:00\",\"dateModified\":\"2023-08-17T14:31:34+00:00\",\"description\":\"Im Cannero Hotel, im alten Keller des Klosters, werden Verkostungen lokaler und italienischer Weine angeboten, begleitet von kleinen Kostproben von hausgemachtem Brot und regionalem K\u00e4se, mit Erkl\u00e4rungen eines erfahrenen Sommeliers. F\u00fcr G\u00e4ste ist der Keller sechs Tage die Woche nachmittags von 16.30 bis 18.00 Uhr ge\u00f6ffnet\",\"breadcrumb\":{\"@id\":\"https:\\\/\\\/www.cannerocollection.com\\\/de\\\/cannero-collection\\\/keller\\\/#breadcrumb\"},\"inLanguage\":\"de-DE\",\"potentialAction\":[{\"@type\":\"ReadAction\",\"target\":[\"https:\\\/\\\/www.cannerocollection.com\\\/de\\\/cannero-collection\\\/keller\\\/\"]}]},{\"@type\":\"ImageObject\",\"inLanguage\":\"de-DE\",\"@id\":\"https:\\\/\\\/www.cannerocollection.com\\\/de\\\/cannero-collection\\\/keller\\\/#primaryimage\",\"url\":\"https:\\\/\\\/www.cannerocollection.com\\\/wp-content\\\/uploads\\\/sites\\\/32\\\/2023\\\/07\\\/cannero_collection_cantina_gallery_02.jpg\",\"contentUrl\":\"https:\\\/\\\/www.cannerocollection.com\\\/wp-content\\\/uploads\\\/sites\\\/32\\\/2023\\\/07\\\/cannero_collection_cantina_gallery_02.jpg\",\"width\":1200,\"height\":800,\"caption\":\"it::Cantina| en::Wine Cellar|\"},{\"@type\":\"BreadcrumbList\",\"@id\":\"https:\\\/\\\/www.cannerocollection.com\\\/de\\\/cannero-collection\\\/keller\\\/#breadcrumb\",\"itemListElement\":[{\"@type\":\"ListItem\",\"position\":1,\"name\":\"Home\",\"item\":\"https:\\\/\\\/www.cannerocollection.com\\\/de\\\/\"},{\"@type\":\"ListItem\",\"position\":2,\"name\":\"Cannero Collection\",\"item\":\"https:\\\/\\\/www.cannerocollection.com\\\/de\\\/\"},{\"@type\":\"ListItem\",\"position\":3,\"name\":\"Keller\"}]},{\"@type\":\"WebSite\",\"@id\":\"https:\\\/\\\/www.cannerocollection.com\\\/de\\\/#website\",\"url\":\"https:\\\/\\\/www.cannerocollection.com\\\/de\\\/\",\"name\":\"Cannero Collection\",\"description\":\"\",\"potentialAction\":[{\"@type\":\"SearchAction\",\"target\":{\"@type\":\"EntryPoint\",\"urlTemplate\":\"https:\\\/\\\/www.cannerocollection.com\\\/de\\\/?s={search_term_string}\"},\"query-input\":{\"@type\":\"PropertyValueSpecification\",\"valueRequired\":true,\"valueName\":\"search_term_string\"}}],\"inLanguage\":\"de-DE\"}]}<\/script>\n<!-- \/ Yoast SEO plugin. -->","yoast_head_json":{"title":"Keller &#8211; Cannero Collection &#8211;","description":"Im Cannero Hotel, im alten Keller des Klosters, werden Verkostungen lokaler und italienischer Weine angeboten, begleitet von kleinen Kostproben von hausgemachtem Brot und regionalem K\u00e4se, mit Erkl\u00e4rungen eines erfahrenen Sommeliers. F\u00fcr G\u00e4ste ist der Keller sechs Tage die Woche nachmittags von 16.30 bis 18.00 Uhr ge\u00f6ffnet","robots":{"index":"index","follow":"follow","max-snippet":"max-snippet:-1","max-image-preview":"max-image-preview:large","max-video-preview":"max-video-preview:-1"},"canonical":"https:\/\/www.cannerocollection.com\/de\/cannero-collection\/keller\/","og_locale":"de_DE","og_type":"article","og_title":"Keller &#8211; Cannero Collection &#8211;","og_description":"Im Cannero Hotel, im alten Keller des Klosters, werden Verkostungen lokaler und italienischer Weine angeboten, begleitet von kleinen Kostproben von hausgemachtem Brot und regionalem K\u00e4se, mit Erkl\u00e4rungen eines erfahrenen Sommeliers. F\u00fcr G\u00e4ste ist der Keller sechs Tage die Woche nachmittags von 16.30 bis 18.00 Uhr ge\u00f6ffnet","og_url":"https:\/\/www.cannerocollection.com\/de\/cannero-collection\/keller\/","og_site_name":"Cannero Collection","article_modified_time":"2023-08-17T14:31:34+00:00","og_image":[{"width":1200,"height":800,"url":"https:\/\/www.cannerocollection.com\/wp-content\/uploads\/sites\/32\/2023\/07\/cannero_collection_cantina_gallery_02.jpg","type":"image\/jpeg"}],"twitter_card":"summary_large_image","schema":{"@context":"https:\/\/schema.org","@graph":[{"@type":"WebPage","@id":"https:\/\/www.cannerocollection.com\/de\/cannero-collection\/keller\/","url":"https:\/\/www.cannerocollection.com\/de\/cannero-collection\/keller\/","name":"Keller &#8211; Cannero Collection &#8211;","isPartOf":{"@id":"https:\/\/www.cannerocollection.com\/de\/#website"},"primaryImageOfPage":{"@id":"https:\/\/www.cannerocollection.com\/de\/cannero-collection\/keller\/#primaryimage"},"image":{"@id":"https:\/\/www.cannerocollection.com\/de\/cannero-collection\/keller\/#primaryimage"},"thumbnailUrl":"https:\/\/www.cannerocollection.com\/wp-content\/uploads\/sites\/32\/2023\/07\/cannero_collection_cantina_gallery_02.jpg","datePublished":"2023-08-17T14:31:09+00:00","dateModified":"2023-08-17T14:31:34+00:00","description":"Im Cannero Hotel, im alten Keller des Klosters, werden Verkostungen lokaler und italienischer Weine angeboten, begleitet von kleinen Kostproben von hausgemachtem Brot und regionalem K\u00e4se, mit Erkl\u00e4rungen eines erfahrenen Sommeliers. F\u00fcr G\u00e4ste ist der Keller sechs Tage die Woche nachmittags von 16.30 bis 18.00 Uhr ge\u00f6ffnet","breadcrumb":{"@id":"https:\/\/www.cannerocollection.com\/de\/cannero-collection\/keller\/#breadcrumb"},"inLanguage":"de-DE","potentialAction":[{"@type":"ReadAction","target":["https:\/\/www.cannerocollection.com\/de\/cannero-collection\/keller\/"]}]},{"@type":"ImageObject","inLanguage":"de-DE","@id":"https:\/\/www.cannerocollection.com\/de\/cannero-collection\/keller\/#primaryimage","url":"https:\/\/www.cannerocollection.com\/wp-content\/uploads\/sites\/32\/2023\/07\/cannero_collection_cantina_gallery_02.jpg","contentUrl":"https:\/\/www.cannerocollection.com\/wp-content\/uploads\/sites\/32\/2023\/07\/cannero_collection_cantina_gallery_02.jpg","width":1200,"height":800,"caption":"it::Cantina| en::Wine Cellar|"},{"@type":"BreadcrumbList","@id":"https:\/\/www.cannerocollection.com\/de\/cannero-collection\/keller\/#breadcrumb","itemListElement":[{"@type":"ListItem","position":1,"name":"Home","item":"https:\/\/www.cannerocollection.com\/de\/"},{"@type":"ListItem","position":2,"name":"Cannero Collection","item":"https:\/\/www.cannerocollection.com\/de\/"},{"@type":"ListItem","position":3,"name":"Keller"}]},{"@type":"WebSite","@id":"https:\/\/www.cannerocollection.com\/de\/#website","url":"https:\/\/www.cannerocollection.com\/de\/","name":"Cannero Collection","description":"","potentialAction":[{"@type":"SearchAction","target":{"@type":"EntryPoint","urlTemplate":"https:\/\/www.cannerocollection.com\/de\/?s={search_term_string}"},"query-input":{"@type":"PropertyValueSpecification","valueRequired":true,"valueName":"search_term_string"}}],"inLanguage":"de-DE"}]}},"acf":[],"_links":{"self":[{"href":"https:\/\/www.cannerocollection.com\/de\/wp-json\/wp\/v2\/pages\/560","targetHints":{"allow":["GET"]}}],"collection":[{"href":"https:\/\/www.cannerocollection.com\/de\/wp-json\/wp\/v2\/pages"}],"about":[{"href":"https:\/\/www.cannerocollection.com\/de\/wp-json\/wp\/v2\/types\/page"}],"author":[{"embeddable":true,"href":"https:\/\/www.cannerocollection.com\/de\/wp-json\/wp\/v2\/users\/26"}],"replies":[{"embeddable":true,"href":"https:\/\/www.cannerocollection.com\/de\/wp-json\/wp\/v2\/comments?post=560"}],"version-history":[{"count":0,"href":"https:\/\/www.cannerocollection.com\/de\/wp-json\/wp\/v2\/pages\/560\/revisions"}],"up":[{"embeddable":true,"href":"https:\/\/www.cannerocollection.com\/de\/wp-json\/wp\/v2\/pages\/416"}],"wp:featuredmedia":[{"embeddable":true,"href":"https:\/\/www.cannerocollection.com\/de\/wp-json\/wp\/v2\/media\/401"}],"wp:attachment":[{"href":"https:\/\/www.cannerocollection.com\/de\/wp-json\/wp\/v2\/media?parent=560"}],"curies":[{"name":"wp","href":"https:\/\/api.w.org\/{rel}","templated":true}]}}