{"id":558,"date":"2023-08-17T16:29:23","date_gmt":"2023-08-17T14:29:23","guid":{"rendered":"https:\/\/cannerocollection.ms2.decms.eu\/?page_id=558"},"modified":"2023-08-17T16:30:31","modified_gmt":"2023-08-17T14:30:31","slug":"schwimmbaeder","status":"publish","type":"page","link":"https:\/\/www.cannerocollection.com\/de\/cannero-collection\/schwimmbaeder\/","title":{"rendered":"Schwimmb\u00e4der"},"content":{"rendered":"<p>Beide Hotels verf\u00fcgen \u00fcber einen Swimmingpool mit Hydromassage: Im Hotel Cannero ist der Pool in zwei unterschiedlichen Tiefen gebaut und im Park Hotel Italia gibt es zwei verschiedene Bereiche: einen zum Schwimmen und einen mit Innensitzen f\u00fcr die Hydromassage. Die Bereiche rund um die beiden Schwimmb\u00e4der sind mit bequemen Sonnenliegen zum Sonnenbaden und Entspannen ausgestattet, Badet\u00fccher werden den G\u00e4sten kostenlos zur Verf\u00fcgung gestellt, der Barservice ist w\u00e4hrend der gesamten \u00d6ffnungszeiten der Schwimmb\u00e4der gew\u00e4hrleistet und die Blumen, Zitrusb\u00e4ume, B\u00fcsche und Kletterpflanzen sind vorhanden Pflanzen wie Glyzinien und Jasmin versch\u00f6nern die G\u00e4rten rund um die beiden Schwimmb\u00e4der.<\/p>\n","protected":false},"excerpt":{"rendered":"<p>Beide Hotels verf\u00fcgen \u00fcber einen Swimmingpool mit Hydromassage: Im Hotel Cannero ist der Pool in zwei unterschiedlichen Tiefen gebaut und im Park Hotel Italia gibt es zwei verschiedene Bereiche: einen zum Schwimmen und einen mit Innensitzen f\u00fcr die Hydromassage. Die Bereiche rund um die beiden Schwimmb\u00e4der sind mit bequemen Sonnenliegen zum Sonnenbaden und Entspannen ausgestattet, [&hellip;]<\/p>\n","protected":false},"author":26,"featured_media":391,"parent":416,"menu_order":110,"comment_status":"closed","ping_status":"closed","template":"template-single-service.php","meta":{"footnotes":""},"class_list":["post-558","page","type-page","status-publish","has-post-thumbnail","hentry"],"yoast_head":"<!-- This site is optimized with the Yoast SEO plugin v27.3 - https:\/\/yoast.com\/product\/yoast-seo-wordpress\/ -->\n<title>Schwimmb\u00e4der &#8211; Cannero Collection &#8211;<\/title>\n<meta name=\"description\" content=\"Beide Hotels verf\u00fcgen \u00fcber einen Swimmingpool mit Hydromassage: Im Hotel Cannero ist der Pool in zwei unterschiedlichen Tiefen gebaut und im Park Hotel Italia gibt es zwei verschiedene Bereiche: einen zum Schwimmen und einen mit Innensitzen f\u00fcr die Hydromassage. Die Bereiche rund um die beiden Schwimmb\u00e4der sind mit bequemen Sonnenliegen zum Sonnenbaden und Entspannen ausgestattet, Badet\u00fccher werden den G\u00e4sten kostenlos zur Verf\u00fcgung gestellt, der Barservice ist w\u00e4hrend der gesamten \u00d6ffnungszeiten der Schwimmb\u00e4der gew\u00e4hrleistet und die Blumen, Zitrusb\u00e4ume, B\u00fcsche und Kletterpflanzen sind vorhanden Pflanzen wie Glyzinien und Jasmin versch\u00f6nern die G\u00e4rten rund um die beiden Schwimmb\u00e4der.\" \/>\n<meta name=\"robots\" content=\"index, follow, max-snippet:-1, max-image-preview:large, max-video-preview:-1\" \/>\n<link rel=\"canonical\" href=\"https:\/\/www.cannerocollection.com\/de\/cannero-collection\/schwimmbaeder\/\" \/>\n<meta property=\"og:locale\" content=\"de_DE\" \/>\n<meta property=\"og:type\" content=\"article\" \/>\n<meta property=\"og:title\" content=\"Schwimmb\u00e4der &#8211; Cannero Collection &#8211;\" \/>\n<meta property=\"og:description\" content=\"Beide Hotels verf\u00fcgen \u00fcber einen Swimmingpool mit Hydromassage: Im Hotel Cannero ist der Pool in zwei unterschiedlichen Tiefen gebaut und im Park Hotel Italia gibt es zwei verschiedene Bereiche: einen zum Schwimmen und einen mit Innensitzen f\u00fcr die Hydromassage. Die Bereiche rund um die beiden Schwimmb\u00e4der sind mit bequemen Sonnenliegen zum Sonnenbaden und Entspannen ausgestattet, Badet\u00fccher werden den G\u00e4sten kostenlos zur Verf\u00fcgung gestellt, der Barservice ist w\u00e4hrend der gesamten \u00d6ffnungszeiten der Schwimmb\u00e4der gew\u00e4hrleistet und die Blumen, Zitrusb\u00e4ume, B\u00fcsche und Kletterpflanzen sind vorhanden Pflanzen wie Glyzinien und Jasmin versch\u00f6nern die G\u00e4rten rund um die beiden Schwimmb\u00e4der.\" \/>\n<meta property=\"og:url\" content=\"https:\/\/www.cannerocollection.com\/de\/cannero-collection\/schwimmbaeder\/\" \/>\n<meta property=\"og:site_name\" content=\"Cannero Collection\" \/>\n<meta property=\"article:modified_time\" content=\"2023-08-17T14:30:31+00:00\" \/>\n<meta property=\"og:image\" content=\"https:\/\/www.cannerocollection.com\/wp-content\/uploads\/sites\/32\/2023\/07\/cannero_collection_park_hote_italia_piscina_gallery_02-1.jpg\" \/>\n\t<meta property=\"og:image:width\" content=\"1200\" \/>\n\t<meta property=\"og:image:height\" content=\"800\" \/>\n\t<meta property=\"og:image:type\" content=\"image\/jpeg\" \/>\n<meta name=\"twitter:card\" content=\"summary_large_image\" \/>\n<meta name=\"twitter:label1\" content=\"Gesch\u00e4tzte Lesezeit\" \/>\n\t<meta name=\"twitter:data1\" content=\"1 Minute\" \/>\n<script type=\"application\/ld+json\" class=\"yoast-schema-graph\">{\"@context\":\"https:\\\/\\\/schema.org\",\"@graph\":[{\"@type\":\"WebPage\",\"@id\":\"https:\\\/\\\/www.cannerocollection.com\\\/de\\\/cannero-collection\\\/schwimmbaeder\\\/\",\"url\":\"https:\\\/\\\/www.cannerocollection.com\\\/de\\\/cannero-collection\\\/schwimmbaeder\\\/\",\"name\":\"Schwimmb\u00e4der &#8211; Cannero Collection &#8211;\",\"isPartOf\":{\"@id\":\"https:\\\/\\\/www.cannerocollection.com\\\/de\\\/#website\"},\"primaryImageOfPage\":{\"@id\":\"https:\\\/\\\/www.cannerocollection.com\\\/de\\\/cannero-collection\\\/schwimmbaeder\\\/#primaryimage\"},\"image\":{\"@id\":\"https:\\\/\\\/www.cannerocollection.com\\\/de\\\/cannero-collection\\\/schwimmbaeder\\\/#primaryimage\"},\"thumbnailUrl\":\"https:\\\/\\\/www.cannerocollection.com\\\/wp-content\\\/uploads\\\/sites\\\/32\\\/2023\\\/07\\\/cannero_collection_park_hote_italia_piscina_gallery_02-1.jpg\",\"datePublished\":\"2023-08-17T14:29:23+00:00\",\"dateModified\":\"2023-08-17T14:30:31+00:00\",\"description\":\"Beide Hotels verf\u00fcgen \u00fcber einen Swimmingpool mit Hydromassage: Im Hotel Cannero ist der Pool in zwei unterschiedlichen Tiefen gebaut und im Park Hotel Italia gibt es zwei verschiedene Bereiche: einen zum Schwimmen und einen mit Innensitzen f\u00fcr die Hydromassage. Die Bereiche rund um die beiden Schwimmb\u00e4der sind mit bequemen Sonnenliegen zum Sonnenbaden und Entspannen ausgestattet, Badet\u00fccher werden den G\u00e4sten kostenlos zur Verf\u00fcgung gestellt, der Barservice ist w\u00e4hrend der gesamten \u00d6ffnungszeiten der Schwimmb\u00e4der gew\u00e4hrleistet und die Blumen, Zitrusb\u00e4ume, B\u00fcsche und Kletterpflanzen sind vorhanden Pflanzen wie Glyzinien und Jasmin versch\u00f6nern die G\u00e4rten rund um die beiden Schwimmb\u00e4der.\",\"breadcrumb\":{\"@id\":\"https:\\\/\\\/www.cannerocollection.com\\\/de\\\/cannero-collection\\\/schwimmbaeder\\\/#breadcrumb\"},\"inLanguage\":\"de-DE\",\"potentialAction\":[{\"@type\":\"ReadAction\",\"target\":[\"https:\\\/\\\/www.cannerocollection.com\\\/de\\\/cannero-collection\\\/schwimmbaeder\\\/\"]}]},{\"@type\":\"ImageObject\",\"inLanguage\":\"de-DE\",\"@id\":\"https:\\\/\\\/www.cannerocollection.com\\\/de\\\/cannero-collection\\\/schwimmbaeder\\\/#primaryimage\",\"url\":\"https:\\\/\\\/www.cannerocollection.com\\\/wp-content\\\/uploads\\\/sites\\\/32\\\/2023\\\/07\\\/cannero_collection_park_hote_italia_piscina_gallery_02-1.jpg\",\"contentUrl\":\"https:\\\/\\\/www.cannerocollection.com\\\/wp-content\\\/uploads\\\/sites\\\/32\\\/2023\\\/07\\\/cannero_collection_park_hote_italia_piscina_gallery_02-1.jpg\",\"width\":1200,\"height\":800,\"caption\":\"it::Piscina Park Hotel Italia| en::Pool Park Hotel Italia|\"},{\"@type\":\"BreadcrumbList\",\"@id\":\"https:\\\/\\\/www.cannerocollection.com\\\/de\\\/cannero-collection\\\/schwimmbaeder\\\/#breadcrumb\",\"itemListElement\":[{\"@type\":\"ListItem\",\"position\":1,\"name\":\"Home\",\"item\":\"https:\\\/\\\/www.cannerocollection.com\\\/de\\\/\"},{\"@type\":\"ListItem\",\"position\":2,\"name\":\"Cannero Collection\",\"item\":\"https:\\\/\\\/www.cannerocollection.com\\\/de\\\/\"},{\"@type\":\"ListItem\",\"position\":3,\"name\":\"Schwimmb\u00e4der\"}]},{\"@type\":\"WebSite\",\"@id\":\"https:\\\/\\\/www.cannerocollection.com\\\/de\\\/#website\",\"url\":\"https:\\\/\\\/www.cannerocollection.com\\\/de\\\/\",\"name\":\"Cannero Collection\",\"description\":\"\",\"potentialAction\":[{\"@type\":\"SearchAction\",\"target\":{\"@type\":\"EntryPoint\",\"urlTemplate\":\"https:\\\/\\\/www.cannerocollection.com\\\/de\\\/?s={search_term_string}\"},\"query-input\":{\"@type\":\"PropertyValueSpecification\",\"valueRequired\":true,\"valueName\":\"search_term_string\"}}],\"inLanguage\":\"de-DE\"}]}<\/script>\n<!-- \/ Yoast SEO plugin. -->","yoast_head_json":{"title":"Schwimmb\u00e4der &#8211; Cannero Collection &#8211;","description":"Beide Hotels verf\u00fcgen \u00fcber einen Swimmingpool mit Hydromassage: Im Hotel Cannero ist der Pool in zwei unterschiedlichen Tiefen gebaut und im Park Hotel Italia gibt es zwei verschiedene Bereiche: einen zum Schwimmen und einen mit Innensitzen f\u00fcr die Hydromassage. Die Bereiche rund um die beiden Schwimmb\u00e4der sind mit bequemen Sonnenliegen zum Sonnenbaden und Entspannen ausgestattet, Badet\u00fccher werden den G\u00e4sten kostenlos zur Verf\u00fcgung gestellt, der Barservice ist w\u00e4hrend der gesamten \u00d6ffnungszeiten der Schwimmb\u00e4der gew\u00e4hrleistet und die Blumen, Zitrusb\u00e4ume, B\u00fcsche und Kletterpflanzen sind vorhanden Pflanzen wie Glyzinien und Jasmin versch\u00f6nern die G\u00e4rten rund um die beiden Schwimmb\u00e4der.","robots":{"index":"index","follow":"follow","max-snippet":"max-snippet:-1","max-image-preview":"max-image-preview:large","max-video-preview":"max-video-preview:-1"},"canonical":"https:\/\/www.cannerocollection.com\/de\/cannero-collection\/schwimmbaeder\/","og_locale":"de_DE","og_type":"article","og_title":"Schwimmb\u00e4der &#8211; Cannero Collection &#8211;","og_description":"Beide Hotels verf\u00fcgen \u00fcber einen Swimmingpool mit Hydromassage: Im Hotel Cannero ist der Pool in zwei unterschiedlichen Tiefen gebaut und im Park Hotel Italia gibt es zwei verschiedene Bereiche: einen zum Schwimmen und einen mit Innensitzen f\u00fcr die Hydromassage. Die Bereiche rund um die beiden Schwimmb\u00e4der sind mit bequemen Sonnenliegen zum Sonnenbaden und Entspannen ausgestattet, Badet\u00fccher werden den G\u00e4sten kostenlos zur Verf\u00fcgung gestellt, der Barservice ist w\u00e4hrend der gesamten \u00d6ffnungszeiten der Schwimmb\u00e4der gew\u00e4hrleistet und die Blumen, Zitrusb\u00e4ume, B\u00fcsche und Kletterpflanzen sind vorhanden Pflanzen wie Glyzinien und Jasmin versch\u00f6nern die G\u00e4rten rund um die beiden Schwimmb\u00e4der.","og_url":"https:\/\/www.cannerocollection.com\/de\/cannero-collection\/schwimmbaeder\/","og_site_name":"Cannero Collection","article_modified_time":"2023-08-17T14:30:31+00:00","og_image":[{"width":1200,"height":800,"url":"https:\/\/www.cannerocollection.com\/wp-content\/uploads\/sites\/32\/2023\/07\/cannero_collection_park_hote_italia_piscina_gallery_02-1.jpg","type":"image\/jpeg"}],"twitter_card":"summary_large_image","twitter_misc":{"Gesch\u00e4tzte Lesezeit":"1 Minute"},"schema":{"@context":"https:\/\/schema.org","@graph":[{"@type":"WebPage","@id":"https:\/\/www.cannerocollection.com\/de\/cannero-collection\/schwimmbaeder\/","url":"https:\/\/www.cannerocollection.com\/de\/cannero-collection\/schwimmbaeder\/","name":"Schwimmb\u00e4der &#8211; Cannero Collection &#8211;","isPartOf":{"@id":"https:\/\/www.cannerocollection.com\/de\/#website"},"primaryImageOfPage":{"@id":"https:\/\/www.cannerocollection.com\/de\/cannero-collection\/schwimmbaeder\/#primaryimage"},"image":{"@id":"https:\/\/www.cannerocollection.com\/de\/cannero-collection\/schwimmbaeder\/#primaryimage"},"thumbnailUrl":"https:\/\/www.cannerocollection.com\/wp-content\/uploads\/sites\/32\/2023\/07\/cannero_collection_park_hote_italia_piscina_gallery_02-1.jpg","datePublished":"2023-08-17T14:29:23+00:00","dateModified":"2023-08-17T14:30:31+00:00","description":"Beide Hotels verf\u00fcgen \u00fcber einen Swimmingpool mit Hydromassage: Im Hotel Cannero ist der Pool in zwei unterschiedlichen Tiefen gebaut und im Park Hotel Italia gibt es zwei verschiedene Bereiche: einen zum Schwimmen und einen mit Innensitzen f\u00fcr die Hydromassage. Die Bereiche rund um die beiden Schwimmb\u00e4der sind mit bequemen Sonnenliegen zum Sonnenbaden und Entspannen ausgestattet, Badet\u00fccher werden den G\u00e4sten kostenlos zur Verf\u00fcgung gestellt, der Barservice ist w\u00e4hrend der gesamten \u00d6ffnungszeiten der Schwimmb\u00e4der gew\u00e4hrleistet und die Blumen, Zitrusb\u00e4ume, B\u00fcsche und Kletterpflanzen sind vorhanden Pflanzen wie Glyzinien und Jasmin versch\u00f6nern die G\u00e4rten rund um die beiden Schwimmb\u00e4der.","breadcrumb":{"@id":"https:\/\/www.cannerocollection.com\/de\/cannero-collection\/schwimmbaeder\/#breadcrumb"},"inLanguage":"de-DE","potentialAction":[{"@type":"ReadAction","target":["https:\/\/www.cannerocollection.com\/de\/cannero-collection\/schwimmbaeder\/"]}]},{"@type":"ImageObject","inLanguage":"de-DE","@id":"https:\/\/www.cannerocollection.com\/de\/cannero-collection\/schwimmbaeder\/#primaryimage","url":"https:\/\/www.cannerocollection.com\/wp-content\/uploads\/sites\/32\/2023\/07\/cannero_collection_park_hote_italia_piscina_gallery_02-1.jpg","contentUrl":"https:\/\/www.cannerocollection.com\/wp-content\/uploads\/sites\/32\/2023\/07\/cannero_collection_park_hote_italia_piscina_gallery_02-1.jpg","width":1200,"height":800,"caption":"it::Piscina Park Hotel Italia| en::Pool Park Hotel Italia|"},{"@type":"BreadcrumbList","@id":"https:\/\/www.cannerocollection.com\/de\/cannero-collection\/schwimmbaeder\/#breadcrumb","itemListElement":[{"@type":"ListItem","position":1,"name":"Home","item":"https:\/\/www.cannerocollection.com\/de\/"},{"@type":"ListItem","position":2,"name":"Cannero Collection","item":"https:\/\/www.cannerocollection.com\/de\/"},{"@type":"ListItem","position":3,"name":"Schwimmb\u00e4der"}]},{"@type":"WebSite","@id":"https:\/\/www.cannerocollection.com\/de\/#website","url":"https:\/\/www.cannerocollection.com\/de\/","name":"Cannero Collection","description":"","potentialAction":[{"@type":"SearchAction","target":{"@type":"EntryPoint","urlTemplate":"https:\/\/www.cannerocollection.com\/de\/?s={search_term_string}"},"query-input":{"@type":"PropertyValueSpecification","valueRequired":true,"valueName":"search_term_string"}}],"inLanguage":"de-DE"}]}},"acf":[],"_links":{"self":[{"href":"https:\/\/www.cannerocollection.com\/de\/wp-json\/wp\/v2\/pages\/558","targetHints":{"allow":["GET"]}}],"collection":[{"href":"https:\/\/www.cannerocollection.com\/de\/wp-json\/wp\/v2\/pages"}],"about":[{"href":"https:\/\/www.cannerocollection.com\/de\/wp-json\/wp\/v2\/types\/page"}],"author":[{"embeddable":true,"href":"https:\/\/www.cannerocollection.com\/de\/wp-json\/wp\/v2\/users\/26"}],"replies":[{"embeddable":true,"href":"https:\/\/www.cannerocollection.com\/de\/wp-json\/wp\/v2\/comments?post=558"}],"version-history":[{"count":0,"href":"https:\/\/www.cannerocollection.com\/de\/wp-json\/wp\/v2\/pages\/558\/revisions"}],"up":[{"embeddable":true,"href":"https:\/\/www.cannerocollection.com\/de\/wp-json\/wp\/v2\/pages\/416"}],"wp:featuredmedia":[{"embeddable":true,"href":"https:\/\/www.cannerocollection.com\/de\/wp-json\/wp\/v2\/media\/391"}],"wp:attachment":[{"href":"https:\/\/www.cannerocollection.com\/de\/wp-json\/wp\/v2\/media?parent=558"}],"curies":[{"name":"wp","href":"https:\/\/api.w.org\/{rel}","templated":true}]}}