{"id":557,"date":"2023-08-17T16:29:19","date_gmt":"2023-08-17T14:29:19","guid":{"rendered":"https:\/\/cannerocollection.ms2.decms.eu\/?page_id=557"},"modified":"2023-08-17T16:30:35","modified_gmt":"2023-08-17T14:30:35","slug":"fahrraeder","status":"publish","type":"page","link":"https:\/\/www.cannerocollection.com\/de\/cannero-collection\/fahrraeder\/","title":{"rendered":"Fahrr\u00e4der"},"content":{"rendered":"<p>Tourenr\u00e4der f\u00fcr die Fortbewegung in der Stadt oder f\u00fcr kurze Ausfl\u00fcge in die umliegenden D\u00f6rfer stehen den G\u00e4sten der \u201eCannero Collection\u201c kostenlos zur Verf\u00fcgung und befinden sich im Cannero Hotel.<\/p>\n","protected":false},"excerpt":{"rendered":"<p>Tourenr\u00e4der f\u00fcr die Fortbewegung in der Stadt oder f\u00fcr kurze Ausfl\u00fcge in die umliegenden D\u00f6rfer stehen den G\u00e4sten der \u201eCannero Collection\u201c kostenlos zur Verf\u00fcgung und befinden sich im Cannero Hotel.<\/p>\n","protected":false},"author":26,"featured_media":383,"parent":416,"menu_order":100,"comment_status":"closed","ping_status":"closed","template":"template-single-service.php","meta":{"footnotes":""},"class_list":["post-557","page","type-page","status-publish","has-post-thumbnail","hentry"],"yoast_head":"<!-- This site is optimized with the Yoast SEO plugin v27.3 - https:\/\/yoast.com\/product\/yoast-seo-wordpress\/ -->\n<title>Fahrr\u00e4der &#8211; Cannero Collection &#8211;<\/title>\n<meta name=\"description\" content=\"Tourenr\u00e4der f\u00fcr die Fortbewegung in der Stadt oder f\u00fcr kurze Ausfl\u00fcge in die umliegenden D\u00f6rfer stehen den G\u00e4sten der \u201eCannero Collection\u201c kostenlos zur Verf\u00fcgung und befinden sich im Cannero Hotel..\" \/>\n<meta name=\"robots\" content=\"index, follow, max-snippet:-1, max-image-preview:large, max-video-preview:-1\" \/>\n<link rel=\"canonical\" href=\"https:\/\/www.cannerocollection.com\/de\/cannero-collection\/fahrraeder\/\" \/>\n<meta property=\"og:locale\" content=\"de_DE\" \/>\n<meta property=\"og:type\" content=\"article\" \/>\n<meta property=\"og:title\" content=\"Fahrr\u00e4der &#8211; Cannero Collection &#8211;\" \/>\n<meta property=\"og:description\" content=\"Tourenr\u00e4der f\u00fcr die Fortbewegung in der Stadt oder f\u00fcr kurze Ausfl\u00fcge in die umliegenden D\u00f6rfer stehen den G\u00e4sten der \u201eCannero Collection\u201c kostenlos zur Verf\u00fcgung und befinden sich im Cannero Hotel..\" \/>\n<meta property=\"og:url\" content=\"https:\/\/www.cannerocollection.com\/de\/cannero-collection\/fahrraeder\/\" \/>\n<meta property=\"og:site_name\" content=\"Cannero Collection\" \/>\n<meta property=\"article:modified_time\" content=\"2023-08-17T14:30:35+00:00\" \/>\n<meta property=\"og:image\" content=\"https:\/\/www.cannerocollection.com\/wp-content\/uploads\/sites\/32\/2023\/07\/cannero_collection_bici_gallery_01-1.jpg\" \/>\n\t<meta property=\"og:image:width\" content=\"1200\" \/>\n\t<meta property=\"og:image:height\" content=\"800\" \/>\n\t<meta property=\"og:image:type\" content=\"image\/jpeg\" \/>\n<meta name=\"twitter:card\" content=\"summary_large_image\" \/>\n<script type=\"application\/ld+json\" class=\"yoast-schema-graph\">{\"@context\":\"https:\\\/\\\/schema.org\",\"@graph\":[{\"@type\":\"WebPage\",\"@id\":\"https:\\\/\\\/www.cannerocollection.com\\\/de\\\/cannero-collection\\\/fahrraeder\\\/\",\"url\":\"https:\\\/\\\/www.cannerocollection.com\\\/de\\\/cannero-collection\\\/fahrraeder\\\/\",\"name\":\"Fahrr\u00e4der &#8211; Cannero Collection &#8211;\",\"isPartOf\":{\"@id\":\"https:\\\/\\\/www.cannerocollection.com\\\/de\\\/#website\"},\"primaryImageOfPage\":{\"@id\":\"https:\\\/\\\/www.cannerocollection.com\\\/de\\\/cannero-collection\\\/fahrraeder\\\/#primaryimage\"},\"image\":{\"@id\":\"https:\\\/\\\/www.cannerocollection.com\\\/de\\\/cannero-collection\\\/fahrraeder\\\/#primaryimage\"},\"thumbnailUrl\":\"https:\\\/\\\/www.cannerocollection.com\\\/wp-content\\\/uploads\\\/sites\\\/32\\\/2023\\\/07\\\/cannero_collection_bici_gallery_01-1.jpg\",\"datePublished\":\"2023-08-17T14:29:19+00:00\",\"dateModified\":\"2023-08-17T14:30:35+00:00\",\"description\":\"Tourenr\u00e4der f\u00fcr die Fortbewegung in der Stadt oder f\u00fcr kurze Ausfl\u00fcge in die umliegenden D\u00f6rfer stehen den G\u00e4sten der \u201eCannero Collection\u201c kostenlos zur Verf\u00fcgung und befinden sich im Cannero Hotel..\",\"breadcrumb\":{\"@id\":\"https:\\\/\\\/www.cannerocollection.com\\\/de\\\/cannero-collection\\\/fahrraeder\\\/#breadcrumb\"},\"inLanguage\":\"de-DE\",\"potentialAction\":[{\"@type\":\"ReadAction\",\"target\":[\"https:\\\/\\\/www.cannerocollection.com\\\/de\\\/cannero-collection\\\/fahrraeder\\\/\"]}]},{\"@type\":\"ImageObject\",\"inLanguage\":\"de-DE\",\"@id\":\"https:\\\/\\\/www.cannerocollection.com\\\/de\\\/cannero-collection\\\/fahrraeder\\\/#primaryimage\",\"url\":\"https:\\\/\\\/www.cannerocollection.com\\\/wp-content\\\/uploads\\\/sites\\\/32\\\/2023\\\/07\\\/cannero_collection_bici_gallery_01-1.jpg\",\"contentUrl\":\"https:\\\/\\\/www.cannerocollection.com\\\/wp-content\\\/uploads\\\/sites\\\/32\\\/2023\\\/07\\\/cannero_collection_bici_gallery_01-1.jpg\",\"width\":1200,\"height\":800,\"caption\":\"it::Biciclette| en::Bicycles|\"},{\"@type\":\"BreadcrumbList\",\"@id\":\"https:\\\/\\\/www.cannerocollection.com\\\/de\\\/cannero-collection\\\/fahrraeder\\\/#breadcrumb\",\"itemListElement\":[{\"@type\":\"ListItem\",\"position\":1,\"name\":\"Home\",\"item\":\"https:\\\/\\\/www.cannerocollection.com\\\/de\\\/\"},{\"@type\":\"ListItem\",\"position\":2,\"name\":\"Cannero Collection\",\"item\":\"https:\\\/\\\/www.cannerocollection.com\\\/de\\\/\"},{\"@type\":\"ListItem\",\"position\":3,\"name\":\"Fahrr\u00e4der\"}]},{\"@type\":\"WebSite\",\"@id\":\"https:\\\/\\\/www.cannerocollection.com\\\/de\\\/#website\",\"url\":\"https:\\\/\\\/www.cannerocollection.com\\\/de\\\/\",\"name\":\"Cannero Collection\",\"description\":\"\",\"potentialAction\":[{\"@type\":\"SearchAction\",\"target\":{\"@type\":\"EntryPoint\",\"urlTemplate\":\"https:\\\/\\\/www.cannerocollection.com\\\/de\\\/?s={search_term_string}\"},\"query-input\":{\"@type\":\"PropertyValueSpecification\",\"valueRequired\":true,\"valueName\":\"search_term_string\"}}],\"inLanguage\":\"de-DE\"}]}<\/script>\n<!-- \/ Yoast SEO plugin. -->","yoast_head_json":{"title":"Fahrr\u00e4der &#8211; Cannero Collection &#8211;","description":"Tourenr\u00e4der f\u00fcr die Fortbewegung in der Stadt oder f\u00fcr kurze Ausfl\u00fcge in die umliegenden D\u00f6rfer stehen den G\u00e4sten der \u201eCannero Collection\u201c kostenlos zur Verf\u00fcgung und befinden sich im Cannero Hotel..","robots":{"index":"index","follow":"follow","max-snippet":"max-snippet:-1","max-image-preview":"max-image-preview:large","max-video-preview":"max-video-preview:-1"},"canonical":"https:\/\/www.cannerocollection.com\/de\/cannero-collection\/fahrraeder\/","og_locale":"de_DE","og_type":"article","og_title":"Fahrr\u00e4der &#8211; Cannero Collection &#8211;","og_description":"Tourenr\u00e4der f\u00fcr die Fortbewegung in der Stadt oder f\u00fcr kurze Ausfl\u00fcge in die umliegenden D\u00f6rfer stehen den G\u00e4sten der \u201eCannero Collection\u201c kostenlos zur Verf\u00fcgung und befinden sich im Cannero Hotel..","og_url":"https:\/\/www.cannerocollection.com\/de\/cannero-collection\/fahrraeder\/","og_site_name":"Cannero Collection","article_modified_time":"2023-08-17T14:30:35+00:00","og_image":[{"width":1200,"height":800,"url":"https:\/\/www.cannerocollection.com\/wp-content\/uploads\/sites\/32\/2023\/07\/cannero_collection_bici_gallery_01-1.jpg","type":"image\/jpeg"}],"twitter_card":"summary_large_image","schema":{"@context":"https:\/\/schema.org","@graph":[{"@type":"WebPage","@id":"https:\/\/www.cannerocollection.com\/de\/cannero-collection\/fahrraeder\/","url":"https:\/\/www.cannerocollection.com\/de\/cannero-collection\/fahrraeder\/","name":"Fahrr\u00e4der &#8211; Cannero Collection &#8211;","isPartOf":{"@id":"https:\/\/www.cannerocollection.com\/de\/#website"},"primaryImageOfPage":{"@id":"https:\/\/www.cannerocollection.com\/de\/cannero-collection\/fahrraeder\/#primaryimage"},"image":{"@id":"https:\/\/www.cannerocollection.com\/de\/cannero-collection\/fahrraeder\/#primaryimage"},"thumbnailUrl":"https:\/\/www.cannerocollection.com\/wp-content\/uploads\/sites\/32\/2023\/07\/cannero_collection_bici_gallery_01-1.jpg","datePublished":"2023-08-17T14:29:19+00:00","dateModified":"2023-08-17T14:30:35+00:00","description":"Tourenr\u00e4der f\u00fcr die Fortbewegung in der Stadt oder f\u00fcr kurze Ausfl\u00fcge in die umliegenden D\u00f6rfer stehen den G\u00e4sten der \u201eCannero Collection\u201c kostenlos zur Verf\u00fcgung und befinden sich im Cannero Hotel..","breadcrumb":{"@id":"https:\/\/www.cannerocollection.com\/de\/cannero-collection\/fahrraeder\/#breadcrumb"},"inLanguage":"de-DE","potentialAction":[{"@type":"ReadAction","target":["https:\/\/www.cannerocollection.com\/de\/cannero-collection\/fahrraeder\/"]}]},{"@type":"ImageObject","inLanguage":"de-DE","@id":"https:\/\/www.cannerocollection.com\/de\/cannero-collection\/fahrraeder\/#primaryimage","url":"https:\/\/www.cannerocollection.com\/wp-content\/uploads\/sites\/32\/2023\/07\/cannero_collection_bici_gallery_01-1.jpg","contentUrl":"https:\/\/www.cannerocollection.com\/wp-content\/uploads\/sites\/32\/2023\/07\/cannero_collection_bici_gallery_01-1.jpg","width":1200,"height":800,"caption":"it::Biciclette| en::Bicycles|"},{"@type":"BreadcrumbList","@id":"https:\/\/www.cannerocollection.com\/de\/cannero-collection\/fahrraeder\/#breadcrumb","itemListElement":[{"@type":"ListItem","position":1,"name":"Home","item":"https:\/\/www.cannerocollection.com\/de\/"},{"@type":"ListItem","position":2,"name":"Cannero Collection","item":"https:\/\/www.cannerocollection.com\/de\/"},{"@type":"ListItem","position":3,"name":"Fahrr\u00e4der"}]},{"@type":"WebSite","@id":"https:\/\/www.cannerocollection.com\/de\/#website","url":"https:\/\/www.cannerocollection.com\/de\/","name":"Cannero Collection","description":"","potentialAction":[{"@type":"SearchAction","target":{"@type":"EntryPoint","urlTemplate":"https:\/\/www.cannerocollection.com\/de\/?s={search_term_string}"},"query-input":{"@type":"PropertyValueSpecification","valueRequired":true,"valueName":"search_term_string"}}],"inLanguage":"de-DE"}]}},"acf":[],"_links":{"self":[{"href":"https:\/\/www.cannerocollection.com\/de\/wp-json\/wp\/v2\/pages\/557","targetHints":{"allow":["GET"]}}],"collection":[{"href":"https:\/\/www.cannerocollection.com\/de\/wp-json\/wp\/v2\/pages"}],"about":[{"href":"https:\/\/www.cannerocollection.com\/de\/wp-json\/wp\/v2\/types\/page"}],"author":[{"embeddable":true,"href":"https:\/\/www.cannerocollection.com\/de\/wp-json\/wp\/v2\/users\/26"}],"replies":[{"embeddable":true,"href":"https:\/\/www.cannerocollection.com\/de\/wp-json\/wp\/v2\/comments?post=557"}],"version-history":[{"count":0,"href":"https:\/\/www.cannerocollection.com\/de\/wp-json\/wp\/v2\/pages\/557\/revisions"}],"up":[{"embeddable":true,"href":"https:\/\/www.cannerocollection.com\/de\/wp-json\/wp\/v2\/pages\/416"}],"wp:featuredmedia":[{"embeddable":true,"href":"https:\/\/www.cannerocollection.com\/de\/wp-json\/wp\/v2\/media\/383"}],"wp:attachment":[{"href":"https:\/\/www.cannerocollection.com\/de\/wp-json\/wp\/v2\/media?parent=557"}],"curies":[{"name":"wp","href":"https:\/\/api.w.org\/{rel}","templated":true}]}}