{"id":513,"date":"2023-08-17T15:52:45","date_gmt":"2023-08-17T13:52:45","guid":{"rendered":"https:\/\/cannerocollection.ms2.decms.eu\/?page_id=513"},"modified":"2023-12-14T18:40:32","modified_gmt":"2023-12-14T17:40:32","slug":"park-hotel-italia","status":"publish","type":"page","link":"https:\/\/www.cannerocollection.com\/de\/cannero-collection\/park-hotel-italia\/","title":{"rendered":"Park Hotel Italia"},"content":{"rendered":"<p>Es besteht aus einem einzigen Geb\u00e4ude, das 1912 mit der Absicht erbaut wurde, daraus ein Hotel zu machen. Es verf\u00fcgt \u00fcber illustre G\u00e4ste, vor allem Engl\u00e4nder, die seiner gesamten Geschichte Charme verliehen haben. Es wurde 2014-2016 renoviert und liegt inmitten eines gro\u00dfen Parks voller Kunstwerke, in dem es auch einen gro\u00dfen Parkplatz und ein Schwimmbad gibt. K\u00fcrzlich wurde es au\u00dferdem um eine Sch\u00f6nheitsfarm und ein Spa erweitert.<\/p>\n","protected":false},"excerpt":{"rendered":"<p>Es besteht aus einem einzigen Geb\u00e4ude, das 1912 mit der Absicht erbaut wurde, daraus ein Hotel zu machen. Es verf\u00fcgt \u00fcber illustre G\u00e4ste, vor allem Engl\u00e4nder, die seiner gesamten Geschichte Charme verliehen haben. Es wurde 2014-2016 renoviert und liegt inmitten eines gro\u00dfen Parks voller Kunstwerke, in dem es auch einen gro\u00dfen Parkplatz und ein Schwimmbad [&hellip;]<\/p>\n","protected":false},"author":26,"featured_media":331,"parent":416,"menu_order":20,"comment_status":"closed","ping_status":"closed","template":"template-single-hotel.php","meta":{"footnotes":""},"class_list":["post-513","page","type-page","status-publish","has-post-thumbnail","hentry"],"yoast_head":"<!-- This site is optimized with the Yoast SEO plugin v27.3 - https:\/\/yoast.com\/product\/yoast-seo-wordpress\/ -->\n<title>Park Hotel Italia &#8211; Cannero Collection &#8211;<\/title>\n<meta name=\"description\" content=\"Es besteht aus einem einzigen Geb\u00e4ude, das 1912 mit der Absicht erbaut wurde, daraus ein Hotel zu machen. Es verf\u00fcgt \u00fcber illustre G\u00e4ste, vor allem Engl\u00e4nder, die seiner gesamten Geschichte Charme verliehen haben\" \/>\n<meta name=\"robots\" content=\"index, follow, max-snippet:-1, max-image-preview:large, max-video-preview:-1\" \/>\n<link rel=\"canonical\" href=\"https:\/\/www.cannerocollection.com\/de\/cannero-collection\/park-hotel-italia\/\" \/>\n<meta property=\"og:locale\" content=\"de_DE\" \/>\n<meta property=\"og:type\" content=\"article\" \/>\n<meta property=\"og:title\" content=\"Park Hotel Italia &#8211; Cannero Collection &#8211;\" \/>\n<meta property=\"og:description\" content=\"Es besteht aus einem einzigen Geb\u00e4ude, das 1912 mit der Absicht erbaut wurde, daraus ein Hotel zu machen. Es verf\u00fcgt \u00fcber illustre G\u00e4ste, vor allem Engl\u00e4nder, die seiner gesamten Geschichte Charme verliehen haben\" \/>\n<meta property=\"og:url\" content=\"https:\/\/www.cannerocollection.com\/de\/cannero-collection\/park-hotel-italia\/\" \/>\n<meta property=\"og:site_name\" content=\"Cannero Collection\" \/>\n<meta property=\"article:modified_time\" content=\"2023-12-14T17:40:32+00:00\" \/>\n<meta property=\"og:image\" content=\"https:\/\/www.cannerocollection.com\/wp-content\/uploads\/sites\/32\/2023\/07\/cannero_collection_phi_gallery_01.jpg\" \/>\n\t<meta property=\"og:image:width\" content=\"1200\" \/>\n\t<meta property=\"og:image:height\" content=\"800\" \/>\n\t<meta property=\"og:image:type\" content=\"image\/jpeg\" \/>\n<meta name=\"twitter:card\" content=\"summary_large_image\" \/>\n<script type=\"application\/ld+json\" class=\"yoast-schema-graph\">{\"@context\":\"https:\\\/\\\/schema.org\",\"@graph\":[{\"@type\":\"WebPage\",\"@id\":\"https:\\\/\\\/www.cannerocollection.com\\\/de\\\/cannero-collection\\\/park-hotel-italia\\\/\",\"url\":\"https:\\\/\\\/www.cannerocollection.com\\\/de\\\/cannero-collection\\\/park-hotel-italia\\\/\",\"name\":\"Park Hotel Italia &#8211; Cannero Collection &#8211;\",\"isPartOf\":{\"@id\":\"https:\\\/\\\/www.cannerocollection.com\\\/de\\\/#website\"},\"primaryImageOfPage\":{\"@id\":\"https:\\\/\\\/www.cannerocollection.com\\\/de\\\/cannero-collection\\\/park-hotel-italia\\\/#primaryimage\"},\"image\":{\"@id\":\"https:\\\/\\\/www.cannerocollection.com\\\/de\\\/cannero-collection\\\/park-hotel-italia\\\/#primaryimage\"},\"thumbnailUrl\":\"https:\\\/\\\/www.cannerocollection.com\\\/wp-content\\\/uploads\\\/sites\\\/32\\\/2023\\\/07\\\/cannero_collection_phi_gallery_01.jpg\",\"datePublished\":\"2023-08-17T13:52:45+00:00\",\"dateModified\":\"2023-12-14T17:40:32+00:00\",\"description\":\"Es besteht aus einem einzigen Geb\u00e4ude, das 1912 mit der Absicht erbaut wurde, daraus ein Hotel zu machen. Es verf\u00fcgt \u00fcber illustre G\u00e4ste, vor allem Engl\u00e4nder, die seiner gesamten Geschichte Charme verliehen haben\",\"breadcrumb\":{\"@id\":\"https:\\\/\\\/www.cannerocollection.com\\\/de\\\/cannero-collection\\\/park-hotel-italia\\\/#breadcrumb\"},\"inLanguage\":\"de-DE\",\"potentialAction\":[{\"@type\":\"ReadAction\",\"target\":[\"https:\\\/\\\/www.cannerocollection.com\\\/de\\\/cannero-collection\\\/park-hotel-italia\\\/\"]}]},{\"@type\":\"ImageObject\",\"inLanguage\":\"de-DE\",\"@id\":\"https:\\\/\\\/www.cannerocollection.com\\\/de\\\/cannero-collection\\\/park-hotel-italia\\\/#primaryimage\",\"url\":\"https:\\\/\\\/www.cannerocollection.com\\\/wp-content\\\/uploads\\\/sites\\\/32\\\/2023\\\/07\\\/cannero_collection_phi_gallery_01.jpg\",\"contentUrl\":\"https:\\\/\\\/www.cannerocollection.com\\\/wp-content\\\/uploads\\\/sites\\\/32\\\/2023\\\/07\\\/cannero_collection_phi_gallery_01.jpg\",\"width\":1200,\"height\":800,\"caption\":\"it::Park Hotel Italia| en::Park Hotel Italia|\"},{\"@type\":\"BreadcrumbList\",\"@id\":\"https:\\\/\\\/www.cannerocollection.com\\\/de\\\/cannero-collection\\\/park-hotel-italia\\\/#breadcrumb\",\"itemListElement\":[{\"@type\":\"ListItem\",\"position\":1,\"name\":\"Home\",\"item\":\"https:\\\/\\\/www.cannerocollection.com\\\/de\\\/\"},{\"@type\":\"ListItem\",\"position\":2,\"name\":\"Cannero Collection\",\"item\":\"https:\\\/\\\/www.cannerocollection.com\\\/de\\\/\"},{\"@type\":\"ListItem\",\"position\":3,\"name\":\"Park Hotel Italia\"}]},{\"@type\":\"WebSite\",\"@id\":\"https:\\\/\\\/www.cannerocollection.com\\\/de\\\/#website\",\"url\":\"https:\\\/\\\/www.cannerocollection.com\\\/de\\\/\",\"name\":\"Cannero Collection\",\"description\":\"\",\"potentialAction\":[{\"@type\":\"SearchAction\",\"target\":{\"@type\":\"EntryPoint\",\"urlTemplate\":\"https:\\\/\\\/www.cannerocollection.com\\\/de\\\/?s={search_term_string}\"},\"query-input\":{\"@type\":\"PropertyValueSpecification\",\"valueRequired\":true,\"valueName\":\"search_term_string\"}}],\"inLanguage\":\"de-DE\"}]}<\/script>\n<!-- \/ Yoast SEO plugin. -->","yoast_head_json":{"title":"Park Hotel Italia &#8211; Cannero Collection &#8211;","description":"Es besteht aus einem einzigen Geb\u00e4ude, das 1912 mit der Absicht erbaut wurde, daraus ein Hotel zu machen. Es verf\u00fcgt \u00fcber illustre G\u00e4ste, vor allem Engl\u00e4nder, die seiner gesamten Geschichte Charme verliehen haben","robots":{"index":"index","follow":"follow","max-snippet":"max-snippet:-1","max-image-preview":"max-image-preview:large","max-video-preview":"max-video-preview:-1"},"canonical":"https:\/\/www.cannerocollection.com\/de\/cannero-collection\/park-hotel-italia\/","og_locale":"de_DE","og_type":"article","og_title":"Park Hotel Italia &#8211; Cannero Collection &#8211;","og_description":"Es besteht aus einem einzigen Geb\u00e4ude, das 1912 mit der Absicht erbaut wurde, daraus ein Hotel zu machen. Es verf\u00fcgt \u00fcber illustre G\u00e4ste, vor allem Engl\u00e4nder, die seiner gesamten Geschichte Charme verliehen haben","og_url":"https:\/\/www.cannerocollection.com\/de\/cannero-collection\/park-hotel-italia\/","og_site_name":"Cannero Collection","article_modified_time":"2023-12-14T17:40:32+00:00","og_image":[{"width":1200,"height":800,"url":"https:\/\/www.cannerocollection.com\/wp-content\/uploads\/sites\/32\/2023\/07\/cannero_collection_phi_gallery_01.jpg","type":"image\/jpeg"}],"twitter_card":"summary_large_image","schema":{"@context":"https:\/\/schema.org","@graph":[{"@type":"WebPage","@id":"https:\/\/www.cannerocollection.com\/de\/cannero-collection\/park-hotel-italia\/","url":"https:\/\/www.cannerocollection.com\/de\/cannero-collection\/park-hotel-italia\/","name":"Park Hotel Italia &#8211; Cannero Collection &#8211;","isPartOf":{"@id":"https:\/\/www.cannerocollection.com\/de\/#website"},"primaryImageOfPage":{"@id":"https:\/\/www.cannerocollection.com\/de\/cannero-collection\/park-hotel-italia\/#primaryimage"},"image":{"@id":"https:\/\/www.cannerocollection.com\/de\/cannero-collection\/park-hotel-italia\/#primaryimage"},"thumbnailUrl":"https:\/\/www.cannerocollection.com\/wp-content\/uploads\/sites\/32\/2023\/07\/cannero_collection_phi_gallery_01.jpg","datePublished":"2023-08-17T13:52:45+00:00","dateModified":"2023-12-14T17:40:32+00:00","description":"Es besteht aus einem einzigen Geb\u00e4ude, das 1912 mit der Absicht erbaut wurde, daraus ein Hotel zu machen. Es verf\u00fcgt \u00fcber illustre G\u00e4ste, vor allem Engl\u00e4nder, die seiner gesamten Geschichte Charme verliehen haben","breadcrumb":{"@id":"https:\/\/www.cannerocollection.com\/de\/cannero-collection\/park-hotel-italia\/#breadcrumb"},"inLanguage":"de-DE","potentialAction":[{"@type":"ReadAction","target":["https:\/\/www.cannerocollection.com\/de\/cannero-collection\/park-hotel-italia\/"]}]},{"@type":"ImageObject","inLanguage":"de-DE","@id":"https:\/\/www.cannerocollection.com\/de\/cannero-collection\/park-hotel-italia\/#primaryimage","url":"https:\/\/www.cannerocollection.com\/wp-content\/uploads\/sites\/32\/2023\/07\/cannero_collection_phi_gallery_01.jpg","contentUrl":"https:\/\/www.cannerocollection.com\/wp-content\/uploads\/sites\/32\/2023\/07\/cannero_collection_phi_gallery_01.jpg","width":1200,"height":800,"caption":"it::Park Hotel Italia| en::Park Hotel Italia|"},{"@type":"BreadcrumbList","@id":"https:\/\/www.cannerocollection.com\/de\/cannero-collection\/park-hotel-italia\/#breadcrumb","itemListElement":[{"@type":"ListItem","position":1,"name":"Home","item":"https:\/\/www.cannerocollection.com\/de\/"},{"@type":"ListItem","position":2,"name":"Cannero Collection","item":"https:\/\/www.cannerocollection.com\/de\/"},{"@type":"ListItem","position":3,"name":"Park Hotel Italia"}]},{"@type":"WebSite","@id":"https:\/\/www.cannerocollection.com\/de\/#website","url":"https:\/\/www.cannerocollection.com\/de\/","name":"Cannero Collection","description":"","potentialAction":[{"@type":"SearchAction","target":{"@type":"EntryPoint","urlTemplate":"https:\/\/www.cannerocollection.com\/de\/?s={search_term_string}"},"query-input":{"@type":"PropertyValueSpecification","valueRequired":true,"valueName":"search_term_string"}}],"inLanguage":"de-DE"}]}},"acf":[],"_links":{"self":[{"href":"https:\/\/www.cannerocollection.com\/de\/wp-json\/wp\/v2\/pages\/513","targetHints":{"allow":["GET"]}}],"collection":[{"href":"https:\/\/www.cannerocollection.com\/de\/wp-json\/wp\/v2\/pages"}],"about":[{"href":"https:\/\/www.cannerocollection.com\/de\/wp-json\/wp\/v2\/types\/page"}],"author":[{"embeddable":true,"href":"https:\/\/www.cannerocollection.com\/de\/wp-json\/wp\/v2\/users\/26"}],"replies":[{"embeddable":true,"href":"https:\/\/www.cannerocollection.com\/de\/wp-json\/wp\/v2\/comments?post=513"}],"version-history":[{"count":0,"href":"https:\/\/www.cannerocollection.com\/de\/wp-json\/wp\/v2\/pages\/513\/revisions"}],"up":[{"embeddable":true,"href":"https:\/\/www.cannerocollection.com\/de\/wp-json\/wp\/v2\/pages\/416"}],"wp:featuredmedia":[{"embeddable":true,"href":"https:\/\/www.cannerocollection.com\/de\/wp-json\/wp\/v2\/media\/331"}],"wp:attachment":[{"href":"https:\/\/www.cannerocollection.com\/de\/wp-json\/wp\/v2\/media?parent=513"}],"curies":[{"name":"wp","href":"https:\/\/api.w.org\/{rel}","templated":true}]}}