{"id":510,"date":"2023-08-17T15:51:31","date_gmt":"2023-08-17T13:51:31","guid":{"rendered":"https:\/\/cannerocollection.ms2.decms.eu\/?page_id=510"},"modified":"2023-12-14T18:39:56","modified_gmt":"2023-12-14T17:39:56","slug":"hotel-cannero-lakeside-resort","status":"publish","type":"page","link":"https:\/\/www.cannerocollection.com\/de\/cannero-collection\/hotel-cannero-lakeside-resort\/","title":{"rendered":"Hotel Cannero Lakeside Resort"},"content":{"rendered":"<p>Es besteht aus mehreren Geb\u00e4uden, die alle durch Korridore, Treppen und Aufz\u00fcge miteinander verbunden sind. Das Hauptgeb\u00e4ude, das als erstes in ein Hotel umgewandelt wurde, steht auf der Struktur eines antiken mittelalterlichen Klosters und ist seit 1902 im Besitz der Familie Gallinotto-Cavagnera Das im Jahr 2000 erbaute Geb\u00e4ude bewahrt die sp\u00e4tbarocken Merkmale dieser historischen Residenz (18. Jahrhundert) und ist mit seinen massiven Steinmauern und Tunneln mit dem Geb\u00e4ude der Residenza dei Fiori verbunden, das einst wahrscheinlich f\u00fcr die Aktivit\u00e4ten genutzt wurde, die f\u00fcr das Leben der Familie des Barons und seines Gefolges notwendig waren . Zwei weitere Geb\u00e4ude blicken auf den Pool: eines neuerer Bauart und ein noch nicht renoviertes Gel\u00e4nderhaus.<\/p>\n","protected":false},"excerpt":{"rendered":"<p>Es besteht aus mehreren Geb\u00e4uden, die alle durch Korridore, Treppen und Aufz\u00fcge miteinander verbunden sind. Das Hauptgeb\u00e4ude, das als erstes in ein Hotel umgewandelt wurde, steht auf der Struktur eines antiken mittelalterlichen Klosters und ist seit 1902 im Besitz der Familie Gallinotto-Cavagnera Das im Jahr 2000 erbaute Geb\u00e4ude bewahrt die sp\u00e4tbarocken Merkmale dieser historischen Residenz [&hellip;]<\/p>\n","protected":false},"author":26,"featured_media":341,"parent":416,"menu_order":10,"comment_status":"closed","ping_status":"closed","template":"template-single-hotel.php","meta":{"footnotes":""},"class_list":["post-510","page","type-page","status-publish","has-post-thumbnail","hentry"],"yoast_head":"<!-- This site is optimized with the Yoast SEO plugin v27.3 - https:\/\/yoast.com\/product\/yoast-seo-wordpress\/ -->\n<title>Hotel Cannero Lakeside Resort &#8211; Cannero Collection &#8211;<\/title>\n<meta name=\"description\" content=\"Es besteht aus mehreren Geb\u00e4uden, die alle durch Korridore, Treppen und Aufz\u00fcge miteinander verbunden sind. Das Hauptgeb\u00e4ude, das als erstes in ein Hotel umgewandelt wurde, steht auf der Struktur eines antiken mittelalterlichen Klosters und ist seit 1902 im Besitz der Familie Gallinotto-Cavagnera Das im Jahr 2000 erbaute Geb\u00e4ude bewahrt die sp\u00e4tbarocken Merkmale dieser historischen Residenz (18\" \/>\n<meta name=\"robots\" content=\"index, follow, max-snippet:-1, max-image-preview:large, max-video-preview:-1\" \/>\n<link rel=\"canonical\" href=\"https:\/\/www.cannerocollection.com\/de\/cannero-collection\/hotel-cannero-lakeside-resort\/\" \/>\n<meta property=\"og:locale\" content=\"de_DE\" \/>\n<meta property=\"og:type\" content=\"article\" \/>\n<meta property=\"og:title\" content=\"Hotel Cannero Lakeside Resort &#8211; Cannero Collection &#8211;\" \/>\n<meta property=\"og:description\" content=\"Es besteht aus mehreren Geb\u00e4uden, die alle durch Korridore, Treppen und Aufz\u00fcge miteinander verbunden sind. Das Hauptgeb\u00e4ude, das als erstes in ein Hotel umgewandelt wurde, steht auf der Struktur eines antiken mittelalterlichen Klosters und ist seit 1902 im Besitz der Familie Gallinotto-Cavagnera Das im Jahr 2000 erbaute Geb\u00e4ude bewahrt die sp\u00e4tbarocken Merkmale dieser historischen Residenz (18\" \/>\n<meta property=\"og:url\" content=\"https:\/\/www.cannerocollection.com\/de\/cannero-collection\/hotel-cannero-lakeside-resort\/\" \/>\n<meta property=\"og:site_name\" content=\"Cannero Collection\" \/>\n<meta property=\"article:modified_time\" content=\"2023-12-14T17:39:56+00:00\" \/>\n<meta property=\"og:image\" content=\"https:\/\/www.cannerocollection.com\/wp-content\/uploads\/sites\/32\/2023\/07\/cannero_collection_hotel_cannero_gallery_01.jpg\" \/>\n\t<meta property=\"og:image:width\" content=\"1200\" \/>\n\t<meta property=\"og:image:height\" content=\"800\" \/>\n\t<meta property=\"og:image:type\" content=\"image\/jpeg\" \/>\n<meta name=\"twitter:card\" content=\"summary_large_image\" \/>\n<meta name=\"twitter:label1\" content=\"Gesch\u00e4tzte Lesezeit\" \/>\n\t<meta name=\"twitter:data1\" content=\"1 Minute\" \/>\n<script type=\"application\/ld+json\" class=\"yoast-schema-graph\">{\"@context\":\"https:\\\/\\\/schema.org\",\"@graph\":[{\"@type\":\"WebPage\",\"@id\":\"https:\\\/\\\/www.cannerocollection.com\\\/de\\\/cannero-collection\\\/hotel-cannero-lakeside-resort\\\/\",\"url\":\"https:\\\/\\\/www.cannerocollection.com\\\/de\\\/cannero-collection\\\/hotel-cannero-lakeside-resort\\\/\",\"name\":\"Hotel Cannero Lakeside Resort &#8211; Cannero Collection &#8211;\",\"isPartOf\":{\"@id\":\"https:\\\/\\\/www.cannerocollection.com\\\/de\\\/#website\"},\"primaryImageOfPage\":{\"@id\":\"https:\\\/\\\/www.cannerocollection.com\\\/de\\\/cannero-collection\\\/hotel-cannero-lakeside-resort\\\/#primaryimage\"},\"image\":{\"@id\":\"https:\\\/\\\/www.cannerocollection.com\\\/de\\\/cannero-collection\\\/hotel-cannero-lakeside-resort\\\/#primaryimage\"},\"thumbnailUrl\":\"https:\\\/\\\/www.cannerocollection.com\\\/wp-content\\\/uploads\\\/sites\\\/32\\\/2023\\\/07\\\/cannero_collection_hotel_cannero_gallery_01.jpg\",\"datePublished\":\"2023-08-17T13:51:31+00:00\",\"dateModified\":\"2023-12-14T17:39:56+00:00\",\"description\":\"Es besteht aus mehreren Geb\u00e4uden, die alle durch Korridore, Treppen und Aufz\u00fcge miteinander verbunden sind. Das Hauptgeb\u00e4ude, das als erstes in ein Hotel umgewandelt wurde, steht auf der Struktur eines antiken mittelalterlichen Klosters und ist seit 1902 im Besitz der Familie Gallinotto-Cavagnera Das im Jahr 2000 erbaute Geb\u00e4ude bewahrt die sp\u00e4tbarocken Merkmale dieser historischen Residenz (18\",\"breadcrumb\":{\"@id\":\"https:\\\/\\\/www.cannerocollection.com\\\/de\\\/cannero-collection\\\/hotel-cannero-lakeside-resort\\\/#breadcrumb\"},\"inLanguage\":\"de-DE\",\"potentialAction\":[{\"@type\":\"ReadAction\",\"target\":[\"https:\\\/\\\/www.cannerocollection.com\\\/de\\\/cannero-collection\\\/hotel-cannero-lakeside-resort\\\/\"]}]},{\"@type\":\"ImageObject\",\"inLanguage\":\"de-DE\",\"@id\":\"https:\\\/\\\/www.cannerocollection.com\\\/de\\\/cannero-collection\\\/hotel-cannero-lakeside-resort\\\/#primaryimage\",\"url\":\"https:\\\/\\\/www.cannerocollection.com\\\/wp-content\\\/uploads\\\/sites\\\/32\\\/2023\\\/07\\\/cannero_collection_hotel_cannero_gallery_01.jpg\",\"contentUrl\":\"https:\\\/\\\/www.cannerocollection.com\\\/wp-content\\\/uploads\\\/sites\\\/32\\\/2023\\\/07\\\/cannero_collection_hotel_cannero_gallery_01.jpg\",\"width\":1200,\"height\":800,\"caption\":\"it::Hotel Cannero Lakeside Resort| en::Hotel Cannero Lakeside Resort|\"},{\"@type\":\"BreadcrumbList\",\"@id\":\"https:\\\/\\\/www.cannerocollection.com\\\/de\\\/cannero-collection\\\/hotel-cannero-lakeside-resort\\\/#breadcrumb\",\"itemListElement\":[{\"@type\":\"ListItem\",\"position\":1,\"name\":\"Home\",\"item\":\"https:\\\/\\\/www.cannerocollection.com\\\/de\\\/\"},{\"@type\":\"ListItem\",\"position\":2,\"name\":\"Cannero Collection\",\"item\":\"https:\\\/\\\/www.cannerocollection.com\\\/de\\\/\"},{\"@type\":\"ListItem\",\"position\":3,\"name\":\"Hotel Cannero Lakeside Resort\"}]},{\"@type\":\"WebSite\",\"@id\":\"https:\\\/\\\/www.cannerocollection.com\\\/de\\\/#website\",\"url\":\"https:\\\/\\\/www.cannerocollection.com\\\/de\\\/\",\"name\":\"Cannero Collection\",\"description\":\"\",\"potentialAction\":[{\"@type\":\"SearchAction\",\"target\":{\"@type\":\"EntryPoint\",\"urlTemplate\":\"https:\\\/\\\/www.cannerocollection.com\\\/de\\\/?s={search_term_string}\"},\"query-input\":{\"@type\":\"PropertyValueSpecification\",\"valueRequired\":true,\"valueName\":\"search_term_string\"}}],\"inLanguage\":\"de-DE\"}]}<\/script>\n<!-- \/ Yoast SEO plugin. -->","yoast_head_json":{"title":"Hotel Cannero Lakeside Resort &#8211; Cannero Collection &#8211;","description":"Es besteht aus mehreren Geb\u00e4uden, die alle durch Korridore, Treppen und Aufz\u00fcge miteinander verbunden sind. Das Hauptgeb\u00e4ude, das als erstes in ein Hotel umgewandelt wurde, steht auf der Struktur eines antiken mittelalterlichen Klosters und ist seit 1902 im Besitz der Familie Gallinotto-Cavagnera Das im Jahr 2000 erbaute Geb\u00e4ude bewahrt die sp\u00e4tbarocken Merkmale dieser historischen Residenz (18","robots":{"index":"index","follow":"follow","max-snippet":"max-snippet:-1","max-image-preview":"max-image-preview:large","max-video-preview":"max-video-preview:-1"},"canonical":"https:\/\/www.cannerocollection.com\/de\/cannero-collection\/hotel-cannero-lakeside-resort\/","og_locale":"de_DE","og_type":"article","og_title":"Hotel Cannero Lakeside Resort &#8211; Cannero Collection &#8211;","og_description":"Es besteht aus mehreren Geb\u00e4uden, die alle durch Korridore, Treppen und Aufz\u00fcge miteinander verbunden sind. Das Hauptgeb\u00e4ude, das als erstes in ein Hotel umgewandelt wurde, steht auf der Struktur eines antiken mittelalterlichen Klosters und ist seit 1902 im Besitz der Familie Gallinotto-Cavagnera Das im Jahr 2000 erbaute Geb\u00e4ude bewahrt die sp\u00e4tbarocken Merkmale dieser historischen Residenz (18","og_url":"https:\/\/www.cannerocollection.com\/de\/cannero-collection\/hotel-cannero-lakeside-resort\/","og_site_name":"Cannero Collection","article_modified_time":"2023-12-14T17:39:56+00:00","og_image":[{"width":1200,"height":800,"url":"https:\/\/www.cannerocollection.com\/wp-content\/uploads\/sites\/32\/2023\/07\/cannero_collection_hotel_cannero_gallery_01.jpg","type":"image\/jpeg"}],"twitter_card":"summary_large_image","twitter_misc":{"Gesch\u00e4tzte Lesezeit":"1 Minute"},"schema":{"@context":"https:\/\/schema.org","@graph":[{"@type":"WebPage","@id":"https:\/\/www.cannerocollection.com\/de\/cannero-collection\/hotel-cannero-lakeside-resort\/","url":"https:\/\/www.cannerocollection.com\/de\/cannero-collection\/hotel-cannero-lakeside-resort\/","name":"Hotel Cannero Lakeside Resort &#8211; Cannero Collection &#8211;","isPartOf":{"@id":"https:\/\/www.cannerocollection.com\/de\/#website"},"primaryImageOfPage":{"@id":"https:\/\/www.cannerocollection.com\/de\/cannero-collection\/hotel-cannero-lakeside-resort\/#primaryimage"},"image":{"@id":"https:\/\/www.cannerocollection.com\/de\/cannero-collection\/hotel-cannero-lakeside-resort\/#primaryimage"},"thumbnailUrl":"https:\/\/www.cannerocollection.com\/wp-content\/uploads\/sites\/32\/2023\/07\/cannero_collection_hotel_cannero_gallery_01.jpg","datePublished":"2023-08-17T13:51:31+00:00","dateModified":"2023-12-14T17:39:56+00:00","description":"Es besteht aus mehreren Geb\u00e4uden, die alle durch Korridore, Treppen und Aufz\u00fcge miteinander verbunden sind. Das Hauptgeb\u00e4ude, das als erstes in ein Hotel umgewandelt wurde, steht auf der Struktur eines antiken mittelalterlichen Klosters und ist seit 1902 im Besitz der Familie Gallinotto-Cavagnera Das im Jahr 2000 erbaute Geb\u00e4ude bewahrt die sp\u00e4tbarocken Merkmale dieser historischen Residenz (18","breadcrumb":{"@id":"https:\/\/www.cannerocollection.com\/de\/cannero-collection\/hotel-cannero-lakeside-resort\/#breadcrumb"},"inLanguage":"de-DE","potentialAction":[{"@type":"ReadAction","target":["https:\/\/www.cannerocollection.com\/de\/cannero-collection\/hotel-cannero-lakeside-resort\/"]}]},{"@type":"ImageObject","inLanguage":"de-DE","@id":"https:\/\/www.cannerocollection.com\/de\/cannero-collection\/hotel-cannero-lakeside-resort\/#primaryimage","url":"https:\/\/www.cannerocollection.com\/wp-content\/uploads\/sites\/32\/2023\/07\/cannero_collection_hotel_cannero_gallery_01.jpg","contentUrl":"https:\/\/www.cannerocollection.com\/wp-content\/uploads\/sites\/32\/2023\/07\/cannero_collection_hotel_cannero_gallery_01.jpg","width":1200,"height":800,"caption":"it::Hotel Cannero Lakeside Resort| en::Hotel Cannero Lakeside Resort|"},{"@type":"BreadcrumbList","@id":"https:\/\/www.cannerocollection.com\/de\/cannero-collection\/hotel-cannero-lakeside-resort\/#breadcrumb","itemListElement":[{"@type":"ListItem","position":1,"name":"Home","item":"https:\/\/www.cannerocollection.com\/de\/"},{"@type":"ListItem","position":2,"name":"Cannero Collection","item":"https:\/\/www.cannerocollection.com\/de\/"},{"@type":"ListItem","position":3,"name":"Hotel Cannero Lakeside Resort"}]},{"@type":"WebSite","@id":"https:\/\/www.cannerocollection.com\/de\/#website","url":"https:\/\/www.cannerocollection.com\/de\/","name":"Cannero Collection","description":"","potentialAction":[{"@type":"SearchAction","target":{"@type":"EntryPoint","urlTemplate":"https:\/\/www.cannerocollection.com\/de\/?s={search_term_string}"},"query-input":{"@type":"PropertyValueSpecification","valueRequired":true,"valueName":"search_term_string"}}],"inLanguage":"de-DE"}]}},"acf":[],"_links":{"self":[{"href":"https:\/\/www.cannerocollection.com\/de\/wp-json\/wp\/v2\/pages\/510","targetHints":{"allow":["GET"]}}],"collection":[{"href":"https:\/\/www.cannerocollection.com\/de\/wp-json\/wp\/v2\/pages"}],"about":[{"href":"https:\/\/www.cannerocollection.com\/de\/wp-json\/wp\/v2\/types\/page"}],"author":[{"embeddable":true,"href":"https:\/\/www.cannerocollection.com\/de\/wp-json\/wp\/v2\/users\/26"}],"replies":[{"embeddable":true,"href":"https:\/\/www.cannerocollection.com\/de\/wp-json\/wp\/v2\/comments?post=510"}],"version-history":[{"count":0,"href":"https:\/\/www.cannerocollection.com\/de\/wp-json\/wp\/v2\/pages\/510\/revisions"}],"up":[{"embeddable":true,"href":"https:\/\/www.cannerocollection.com\/de\/wp-json\/wp\/v2\/pages\/416"}],"wp:featuredmedia":[{"embeddable":true,"href":"https:\/\/www.cannerocollection.com\/de\/wp-json\/wp\/v2\/media\/341"}],"wp:attachment":[{"href":"https:\/\/www.cannerocollection.com\/de\/wp-json\/wp\/v2\/media?parent=510"}],"curies":[{"name":"wp","href":"https:\/\/api.w.org\/{rel}","templated":true}]}}